











{"id":5276,"date":"2022-03-27T13:30:01","date_gmt":"2022-04-13T12:57:32","guid":{"rendered":"https:\/\/www.descubreparis.com\/producto\/the-instagrammable-eiffel-tower\/"},"modified":"2023-10-11T14:30:47","modified_gmt":"2023-10-11T13:30:47","slug":"the-instagrammable-eiffel-tower","status":"publish","type":"product","link":"https:\/\/www.descubreparis.com\/en\/product\/the-instagrammable-eiffel-tower\/","title":{"rendered":"The Instagrammable Eiffel Tower"},"content":{"rendered":"<div class=\"wpb-content-wrapper\"><p>[vc_row][vc_column]<div id=\"fullwidth-block-69dd1f521d592\" class=\"fullwidth-block clearfix\"  style=\"padding-top: 60px;padding-bottom: 30px;\"><script type=\"text\/javascript\">if (typeof(gem_fix_fullwidth_position) == \"function\") { gem_fix_fullwidth_position(document.getElementById(\"fullwidth-block-69dd1f521d592\")); }<\/script><div class=\"fullwidth-block-background\" style=\"background-image: url(https:\/\/www.descubreparis.com\/wp-content\/uploads\/2018\/09\/Background-1.jpg);background-position: center center;\"><\/div><div class=\"fullwidth-block-inner\"><\/div><\/div>[\/vc_column][\/vc_row]<\/p>\n<\/div>","protected":false},"excerpt":{"rendered":"<p>This itinerary will guide you through the top 10 spots from which you can enjoy the Eiffel Tower and discover its history and a few fun facts, so you know as much or even a little more about this iconic place than a Parisian!<\/p>\n<p>&nbsp;<\/p>\n<p>[vc_row][vc_column]<\/p>\n<div class=\"gem-youtube gem-wrapbox gem-wrapbox-style-no-style rounded-corners gem-wrapbox-position-below\" style=\"width: 100%;\">\n<div class=\"gem-wrapbox-inner gem-ratio-style\" style=\"padding-top: 56.25%\"><iframe class=\"gem-wrapbox-element img-responsive\" width=\"100%\" height=\"300\" allowfullscreen=\"allowfullscreen\" frameborder=\"0\" scrolling=\"no\" marginheight=\"0\" marginwidth=\"0\" src=\"\/\/www.youtube.com\/embed\/LQKevv_LFEY?rel=0&amp;wmode=opaque\"><\/iframe><\/div>\n<\/div>\n<p>[\/vc_column][\/vc_row]<\/p>\n","protected":false},"featured_media":5183,"comment_status":"closed","ping_status":"closed","template":"","meta":[],"product_brand":[],"product_cat":[238],"product_tag":[],"class_list":{"0":"post-5276","1":"product","2":"type-product","3":"status-publish","4":"has-post-thumbnail","6":"product_cat-thematic-guide","8":"first","9":"instock","10":"downloadable","11":"sold-individually","12":"shipping-taxable","13":"purchasable","14":"product-type-simple"},"yoast_head":"<!-- This site is optimized with the Yoast SEO plugin v25.9 - https:\/\/yoast.com\/wordpress\/plugins\/seo\/ -->\n<title>The Instagrammable Eiffel Tower - DescubreParis.com<\/title>\n<meta name=\"description\" content=\"Enjoy The Instagrammable Eiffel Tower through this short and easy-to-follw guide so you can take the pictures you want.\" \/>\n<meta name=\"robots\" content=\"index, follow, max-snippet:-1, max-image-preview:large, max-video-preview:-1\" \/>\n<link rel=\"canonical\" href=\"https:\/\/www.descubreparis.com\/en\/product\/the-instagrammable-eiffel-tower\/\" \/>\n<meta property=\"og:locale\" content=\"en_US\" \/>\n<meta property=\"og:type\" content=\"article\" \/>\n<meta property=\"og:title\" content=\"The Instagrammable Eiffel Tower - DescubreParis.com\" \/>\n<meta property=\"og:description\" content=\"Enjoy The Instagrammable Eiffel Tower through this short and easy-to-follw guide so you can take the pictures you want.\" \/>\n<meta property=\"og:url\" content=\"https:\/\/www.descubreparis.com\/en\/product\/the-instagrammable-eiffel-tower\/\" \/>\n<meta property=\"og:site_name\" content=\"DescubreParis.com\" \/>\n<meta property=\"article:modified_time\" content=\"2023-10-11T13:30:47+00:00\" \/>\n<meta property=\"og:image\" content=\"https:\/\/www.descubreparis.com\/wp-content\/uploads\/2022\/04\/COVER_GT1_DP_EN_EiffelTower_Instag.png\" \/>\n\t<meta property=\"og:image:width\" content=\"682\" \/>\n\t<meta property=\"og:image:height\" content=\"956\" \/>\n\t<meta property=\"og:image:type\" content=\"image\/png\" \/>\n<meta name=\"twitter:card\" content=\"summary_large_image\" \/>\n<meta name=\"twitter:label1\" content=\"Est. reading time\" \/>\n\t<meta name=\"twitter:data1\" content=\"1 minute\" \/>\n<script type=\"application\/ld+json\" class=\"yoast-schema-graph\">{\"@context\":\"https:\/\/schema.org\",\"@graph\":[{\"@type\":\"WebPage\",\"@id\":\"https:\/\/www.descubreparis.com\/en\/product\/the-instagrammable-eiffel-tower\/\",\"url\":\"https:\/\/www.descubreparis.com\/en\/product\/the-instagrammable-eiffel-tower\/\",\"name\":\"The Instagrammable Eiffel Tower - DescubreParis.com\",\"isPartOf\":{\"@id\":\"https:\/\/www.descubreparis.com\/#website\"},\"primaryImageOfPage\":{\"@id\":\"https:\/\/www.descubreparis.com\/en\/product\/the-instagrammable-eiffel-tower\/#primaryimage\"},\"image\":{\"@id\":\"https:\/\/www.descubreparis.com\/en\/product\/the-instagrammable-eiffel-tower\/#primaryimage\"},\"thumbnailUrl\":\"https:\/\/www.descubreparis.com\/wp-content\/uploads\/2022\/04\/COVER_GT1_DP_EN_EiffelTower_Instag.png\",\"datePublished\":\"2022-04-13T12:57:32+00:00\",\"dateModified\":\"2023-10-11T13:30:47+00:00\",\"description\":\"Enjoy The Instagrammable Eiffel Tower through this short and easy-to-follw guide so you can take the pictures you want.\",\"breadcrumb\":{\"@id\":\"https:\/\/www.descubreparis.com\/en\/product\/the-instagrammable-eiffel-tower\/#breadcrumb\"},\"inLanguage\":\"en-US\",\"potentialAction\":[{\"@type\":\"ReadAction\",\"target\":[\"https:\/\/www.descubreparis.com\/en\/product\/the-instagrammable-eiffel-tower\/\"]}]},{\"@type\":\"ImageObject\",\"inLanguage\":\"en-US\",\"@id\":\"https:\/\/www.descubreparis.com\/en\/product\/the-instagrammable-eiffel-tower\/#primaryimage\",\"url\":\"https:\/\/www.descubreparis.com\/wp-content\/uploads\/2022\/04\/COVER_GT1_DP_EN_EiffelTower_Instag.png\",\"contentUrl\":\"https:\/\/www.descubreparis.com\/wp-content\/uploads\/2022\/04\/COVER_GT1_DP_EN_EiffelTower_Instag.png\",\"width\":682,\"height\":956},{\"@type\":\"BreadcrumbList\",\"@id\":\"https:\/\/www.descubreparis.com\/en\/product\/the-instagrammable-eiffel-tower\/#breadcrumb\",\"itemListElement\":[{\"@type\":\"ListItem\",\"position\":1,\"name\":\"Home\",\"item\":\"https:\/\/www.descubreparis.com\/en\/\"},{\"@type\":\"ListItem\",\"position\":2,\"name\":\"Shop\",\"item\":\"https:\/\/www.descubreparis.com\/en\/shop\/\"},{\"@type\":\"ListItem\",\"position\":3,\"name\":\"The Instagrammable Eiffel Tower\"}]},{\"@type\":\"WebSite\",\"@id\":\"https:\/\/www.descubreparis.com\/#website\",\"url\":\"https:\/\/www.descubreparis.com\/\",\"name\":\"DescubreParis.com\",\"description\":\"DescubreParis.com Gu\u00edas pr\u00e1cticas, circuitos paso a paso y gu\u00edas personalizadas para disfrutar y descubrir Paris de manera serena y libre\",\"publisher\":{\"@id\":\"https:\/\/www.descubreparis.com\/#organization\"},\"potentialAction\":[{\"@type\":\"SearchAction\",\"target\":{\"@type\":\"EntryPoint\",\"urlTemplate\":\"https:\/\/www.descubreparis.com\/?s={search_term_string}\"},\"query-input\":{\"@type\":\"PropertyValueSpecification\",\"valueRequired\":true,\"valueName\":\"search_term_string\"}}],\"inLanguage\":\"en-US\"},{\"@type\":\"Organization\",\"@id\":\"https:\/\/www.descubreparis.com\/#organization\",\"name\":\"DescubrePar\u00eds.com\",\"url\":\"https:\/\/www.descubreparis.com\/\",\"logo\":{\"@type\":\"ImageObject\",\"inLanguage\":\"en-US\",\"@id\":\"https:\/\/www.descubreparis.com\/#\/schema\/logo\/image\/\",\"url\":\"https:\/\/www.descubreparis.com\/wp-content\/uploads\/2018\/06\/WEB_DPcom_LOGOTIPO_ancho132px-1.png\",\"contentUrl\":\"https:\/\/www.descubreparis.com\/wp-content\/uploads\/2018\/06\/WEB_DPcom_LOGOTIPO_ancho132px-1.png\",\"width\":132,\"height\":129,\"caption\":\"DescubrePar\u00eds.com\"},\"image\":{\"@id\":\"https:\/\/www.descubreparis.com\/#\/schema\/logo\/image\/\"}}]}<\/script>\n<!-- \/ Yoast SEO plugin. -->","yoast_head_json":{"title":"The Instagrammable Eiffel Tower - DescubreParis.com","description":"Enjoy The Instagrammable Eiffel Tower through this short and easy-to-follw guide so you can take the pictures you want.","robots":{"index":"index","follow":"follow","max-snippet":"max-snippet:-1","max-image-preview":"max-image-preview:large","max-video-preview":"max-video-preview:-1"},"canonical":"https:\/\/www.descubreparis.com\/en\/product\/the-instagrammable-eiffel-tower\/","og_locale":"en_US","og_type":"article","og_title":"The Instagrammable Eiffel Tower - DescubreParis.com","og_description":"Enjoy The Instagrammable Eiffel Tower through this short and easy-to-follw guide so you can take the pictures you want.","og_url":"https:\/\/www.descubreparis.com\/en\/product\/the-instagrammable-eiffel-tower\/","og_site_name":"DescubreParis.com","article_modified_time":"2023-10-11T13:30:47+00:00","og_image":[{"width":682,"height":956,"url":"https:\/\/www.descubreparis.com\/wp-content\/uploads\/2022\/04\/COVER_GT1_DP_EN_EiffelTower_Instag.png","type":"image\/png"}],"twitter_card":"summary_large_image","twitter_misc":{"Est. reading time":"1 minute"},"schema":{"@context":"https:\/\/schema.org","@graph":[{"@type":"WebPage","@id":"https:\/\/www.descubreparis.com\/en\/product\/the-instagrammable-eiffel-tower\/","url":"https:\/\/www.descubreparis.com\/en\/product\/the-instagrammable-eiffel-tower\/","name":"The Instagrammable Eiffel Tower - DescubreParis.com","isPartOf":{"@id":"https:\/\/www.descubreparis.com\/#website"},"primaryImageOfPage":{"@id":"https:\/\/www.descubreparis.com\/en\/product\/the-instagrammable-eiffel-tower\/#primaryimage"},"image":{"@id":"https:\/\/www.descubreparis.com\/en\/product\/the-instagrammable-eiffel-tower\/#primaryimage"},"thumbnailUrl":"https:\/\/www.descubreparis.com\/wp-content\/uploads\/2022\/04\/COVER_GT1_DP_EN_EiffelTower_Instag.png","datePublished":"2022-04-13T12:57:32+00:00","dateModified":"2023-10-11T13:30:47+00:00","description":"Enjoy The Instagrammable Eiffel Tower through this short and easy-to-follw guide so you can take the pictures you want.","breadcrumb":{"@id":"https:\/\/www.descubreparis.com\/en\/product\/the-instagrammable-eiffel-tower\/#breadcrumb"},"inLanguage":"en-US","potentialAction":[{"@type":"ReadAction","target":["https:\/\/www.descubreparis.com\/en\/product\/the-instagrammable-eiffel-tower\/"]}]},{"@type":"ImageObject","inLanguage":"en-US","@id":"https:\/\/www.descubreparis.com\/en\/product\/the-instagrammable-eiffel-tower\/#primaryimage","url":"https:\/\/www.descubreparis.com\/wp-content\/uploads\/2022\/04\/COVER_GT1_DP_EN_EiffelTower_Instag.png","contentUrl":"https:\/\/www.descubreparis.com\/wp-content\/uploads\/2022\/04\/COVER_GT1_DP_EN_EiffelTower_Instag.png","width":682,"height":956},{"@type":"BreadcrumbList","@id":"https:\/\/www.descubreparis.com\/en\/product\/the-instagrammable-eiffel-tower\/#breadcrumb","itemListElement":[{"@type":"ListItem","position":1,"name":"Home","item":"https:\/\/www.descubreparis.com\/en\/"},{"@type":"ListItem","position":2,"name":"Shop","item":"https:\/\/www.descubreparis.com\/en\/shop\/"},{"@type":"ListItem","position":3,"name":"The Instagrammable Eiffel Tower"}]},{"@type":"WebSite","@id":"https:\/\/www.descubreparis.com\/#website","url":"https:\/\/www.descubreparis.com\/","name":"DescubreParis.com","description":"DescubreParis.com Gu\u00edas pr\u00e1cticas, circuitos paso a paso y gu\u00edas personalizadas para disfrutar y descubrir Paris de manera serena y libre","publisher":{"@id":"https:\/\/www.descubreparis.com\/#organization"},"potentialAction":[{"@type":"SearchAction","target":{"@type":"EntryPoint","urlTemplate":"https:\/\/www.descubreparis.com\/?s={search_term_string}"},"query-input":{"@type":"PropertyValueSpecification","valueRequired":true,"valueName":"search_term_string"}}],"inLanguage":"en-US"},{"@type":"Organization","@id":"https:\/\/www.descubreparis.com\/#organization","name":"DescubrePar\u00eds.com","url":"https:\/\/www.descubreparis.com\/","logo":{"@type":"ImageObject","inLanguage":"en-US","@id":"https:\/\/www.descubreparis.com\/#\/schema\/logo\/image\/","url":"https:\/\/www.descubreparis.com\/wp-content\/uploads\/2018\/06\/WEB_DPcom_LOGOTIPO_ancho132px-1.png","contentUrl":"https:\/\/www.descubreparis.com\/wp-content\/uploads\/2018\/06\/WEB_DPcom_LOGOTIPO_ancho132px-1.png","width":132,"height":129,"caption":"DescubrePar\u00eds.com"},"image":{"@id":"https:\/\/www.descubreparis.com\/#\/schema\/logo\/image\/"}}]}},"_links":{"self":[{"href":"https:\/\/www.descubreparis.com\/en\/wp-json\/wp\/v2\/product\/5276","targetHints":{"allow":["GET"]}}],"collection":[{"href":"https:\/\/www.descubreparis.com\/en\/wp-json\/wp\/v2\/product"}],"about":[{"href":"https:\/\/www.descubreparis.com\/en\/wp-json\/wp\/v2\/types\/product"}],"replies":[{"embeddable":true,"href":"https:\/\/www.descubreparis.com\/en\/wp-json\/wp\/v2\/comments?post=5276"}],"wp:featuredmedia":[{"embeddable":true,"href":"https:\/\/www.descubreparis.com\/en\/wp-json\/wp\/v2\/media\/5183"}],"wp:attachment":[{"href":"https:\/\/www.descubreparis.com\/en\/wp-json\/wp\/v2\/media?parent=5276"}],"wp:term":[{"taxonomy":"product_brand","embeddable":true,"href":"https:\/\/www.descubreparis.com\/en\/wp-json\/wp\/v2\/product_brand?post=5276"},{"taxonomy":"product_cat","embeddable":true,"href":"https:\/\/www.descubreparis.com\/en\/wp-json\/wp\/v2\/product_cat?post=5276"},{"taxonomy":"product_tag","embeddable":true,"href":"https:\/\/www.descubreparis.com\/en\/wp-json\/wp\/v2\/product_tag?post=5276"}],"curies":[{"name":"wp","href":"https:\/\/api.w.org\/{rel}","templated":true}]}}