











{"id":5073,"date":"2019-03-20T08:10:00","date_gmt":"2022-03-03T13:39:14","guid":{"rendered":"https:\/\/www.descubreparis.com\/producto\/discovering-paris-in-2-days\/"},"modified":"2022-03-03T18:32:32","modified_gmt":"2022-03-03T17:32:32","slug":"discovering-paris-in-2-days","status":"publish","type":"product","link":"https:\/\/www.descubreparis.com\/en\/product\/discovering-paris-in-2-days\/","title":{"rendered":"Discovering Paris in 2 days"},"content":{"rendered":"<div class=\"wpb-content-wrapper\"><p>[vc_row][vc_column]<div id=\"fullwidth-block-69de60bc735a3\" class=\"fullwidth-block clearfix\"  style=\"padding-top: 60px;padding-bottom: 30px;\"><script type=\"text\/javascript\">if (typeof(gem_fix_fullwidth_position) == \"function\") { gem_fix_fullwidth_position(document.getElementById(\"fullwidth-block-69de60bc735a3\")); }<\/script><div class=\"fullwidth-block-background\" style=\"background-image: url(https:\/\/www.descubreparis.com\/wp-content\/uploads\/2018\/09\/Background-1.jpg);background-position: center center;\"><\/div><div class=\"fullwidth-block-inner\"><\/div><\/div>[\/vc_column][\/vc_row]<\/p>\n<\/div>","protected":false},"excerpt":{"rendered":"<p>If you\u2019re wondering what to do in 2 days in Paris, this travel guide will give you so much more than a simple list of places to visit. Our Step-by-step travel guide Discovering Paris in 2 days was created and designed so you can make the most of your stay and fall in love with the City of Light. We explain you everything as if we were with you.<\/p>\n<p>[vc_row][vc_column]<\/p>\n<div class=\"gem-youtube gem-wrapbox gem-wrapbox-style-no-style rounded-corners gem-wrapbox-position-below\" style=\"width: 100%;\">\n<div class=\"gem-wrapbox-inner gem-ratio-style\" style=\"padding-top: 56.25%\"><iframe class=\"gem-wrapbox-element img-responsive\" width=\"100%\" height=\"300\" allowfullscreen=\"allowfullscreen\" frameborder=\"0\" scrolling=\"no\" marginheight=\"0\" marginwidth=\"0\" src=\"\/\/www.youtube.com\/embed\/LQKevv_LFEY?rel=0&amp;wmode=opaque\"><\/iframe><\/div>\n<\/div>\n<p>[\/vc_column][\/vc_row]<\/p>\n","protected":false},"featured_media":4940,"comment_status":"closed","ping_status":"closed","template":"","meta":[],"product_brand":[],"product_cat":[208],"product_tag":[],"class_list":{"0":"post-5073","1":"product","2":"type-product","3":"status-publish","4":"has-post-thumbnail","6":"product_cat-detailed-travel-guide","8":"first","9":"instock","10":"downloadable","11":"virtual","12":"sold-individually","13":"purchasable","14":"product-type-simple"},"yoast_head":"<!-- This site is optimized with the Yoast SEO plugin v25.9 - https:\/\/yoast.com\/wordpress\/plugins\/seo\/ -->\n<title>Discovering Paris in 2 days - DescubreParis.com<\/title>\n<meta name=\"description\" content=\"Visit Paris in 2 days with our detailed guide. Buy it now and make the most of your time. We explain you everything step by step.\" \/>\n<meta name=\"robots\" content=\"index, follow, max-snippet:-1, max-image-preview:large, max-video-preview:-1\" \/>\n<link rel=\"canonical\" href=\"https:\/\/www.descubreparis.com\/en\/product\/discovering-paris-in-2-days\/\" \/>\n<meta property=\"og:locale\" content=\"en_US\" \/>\n<meta property=\"og:type\" content=\"article\" \/>\n<meta property=\"og:title\" content=\"Discovering Paris in 2 days - DescubreParis.com\" \/>\n<meta property=\"og:description\" content=\"Visit Paris in 2 days with our detailed guide. Buy it now and make the most of your time. We explain you everything step by step.\" \/>\n<meta property=\"og:url\" content=\"https:\/\/www.descubreparis.com\/en\/product\/discovering-paris-in-2-days\/\" \/>\n<meta property=\"og:site_name\" content=\"DescubreParis.com\" \/>\n<meta property=\"article:modified_time\" content=\"2022-03-03T17:32:32+00:00\" \/>\n<meta property=\"og:image\" content=\"https:\/\/www.descubreparis.com\/wp-content\/uploads\/2022\/03\/DP-2_COVER_EN.png\" \/>\n\t<meta property=\"og:image:width\" content=\"620\" \/>\n\t<meta property=\"og:image:height\" content=\"871\" \/>\n\t<meta property=\"og:image:type\" content=\"image\/png\" \/>\n<meta name=\"twitter:card\" content=\"summary_large_image\" \/>\n<script type=\"application\/ld+json\" class=\"yoast-schema-graph\">{\"@context\":\"https:\/\/schema.org\",\"@graph\":[{\"@type\":\"WebPage\",\"@id\":\"https:\/\/www.descubreparis.com\/en\/product\/discovering-paris-in-2-days\/\",\"url\":\"https:\/\/www.descubreparis.com\/en\/product\/discovering-paris-in-2-days\/\",\"name\":\"Discovering Paris in 2 days - DescubreParis.com\",\"isPartOf\":{\"@id\":\"https:\/\/www.descubreparis.com\/#website\"},\"primaryImageOfPage\":{\"@id\":\"https:\/\/www.descubreparis.com\/en\/product\/discovering-paris-in-2-days\/#primaryimage\"},\"image\":{\"@id\":\"https:\/\/www.descubreparis.com\/en\/product\/discovering-paris-in-2-days\/#primaryimage\"},\"thumbnailUrl\":\"https:\/\/www.descubreparis.com\/wp-content\/uploads\/2022\/03\/DP-2_COVER_EN.png\",\"datePublished\":\"2022-03-03T13:39:14+00:00\",\"dateModified\":\"2022-03-03T17:32:32+00:00\",\"description\":\"Visit Paris in 2 days with our detailed guide. Buy it now and make the most of your time. We explain you everything step by step.\",\"breadcrumb\":{\"@id\":\"https:\/\/www.descubreparis.com\/en\/product\/discovering-paris-in-2-days\/#breadcrumb\"},\"inLanguage\":\"en-US\",\"potentialAction\":[{\"@type\":\"ReadAction\",\"target\":[\"https:\/\/www.descubreparis.com\/en\/product\/discovering-paris-in-2-days\/\"]}]},{\"@type\":\"ImageObject\",\"inLanguage\":\"en-US\",\"@id\":\"https:\/\/www.descubreparis.com\/en\/product\/discovering-paris-in-2-days\/#primaryimage\",\"url\":\"https:\/\/www.descubreparis.com\/wp-content\/uploads\/2022\/03\/DP-2_COVER_EN.png\",\"contentUrl\":\"https:\/\/www.descubreparis.com\/wp-content\/uploads\/2022\/03\/DP-2_COVER_EN.png\",\"width\":620,\"height\":871},{\"@type\":\"BreadcrumbList\",\"@id\":\"https:\/\/www.descubreparis.com\/en\/product\/discovering-paris-in-2-days\/#breadcrumb\",\"itemListElement\":[{\"@type\":\"ListItem\",\"position\":1,\"name\":\"Home\",\"item\":\"https:\/\/www.descubreparis.com\/en\/\"},{\"@type\":\"ListItem\",\"position\":2,\"name\":\"Shop\",\"item\":\"https:\/\/www.descubreparis.com\/en\/shop\/\"},{\"@type\":\"ListItem\",\"position\":3,\"name\":\"Discovering Paris in 2 days\"}]},{\"@type\":\"WebSite\",\"@id\":\"https:\/\/www.descubreparis.com\/#website\",\"url\":\"https:\/\/www.descubreparis.com\/\",\"name\":\"DescubreParis.com\",\"description\":\"DescubreParis.com Gu\u00edas pr\u00e1cticas, circuitos paso a paso y gu\u00edas personalizadas para disfrutar y descubrir Paris de manera serena y libre\",\"publisher\":{\"@id\":\"https:\/\/www.descubreparis.com\/#organization\"},\"potentialAction\":[{\"@type\":\"SearchAction\",\"target\":{\"@type\":\"EntryPoint\",\"urlTemplate\":\"https:\/\/www.descubreparis.com\/?s={search_term_string}\"},\"query-input\":{\"@type\":\"PropertyValueSpecification\",\"valueRequired\":true,\"valueName\":\"search_term_string\"}}],\"inLanguage\":\"en-US\"},{\"@type\":\"Organization\",\"@id\":\"https:\/\/www.descubreparis.com\/#organization\",\"name\":\"DescubrePar\u00eds.com\",\"url\":\"https:\/\/www.descubreparis.com\/\",\"logo\":{\"@type\":\"ImageObject\",\"inLanguage\":\"en-US\",\"@id\":\"https:\/\/www.descubreparis.com\/#\/schema\/logo\/image\/\",\"url\":\"https:\/\/www.descubreparis.com\/wp-content\/uploads\/2018\/06\/WEB_DPcom_LOGOTIPO_ancho132px-1.png\",\"contentUrl\":\"https:\/\/www.descubreparis.com\/wp-content\/uploads\/2018\/06\/WEB_DPcom_LOGOTIPO_ancho132px-1.png\",\"width\":132,\"height\":129,\"caption\":\"DescubrePar\u00eds.com\"},\"image\":{\"@id\":\"https:\/\/www.descubreparis.com\/#\/schema\/logo\/image\/\"}}]}<\/script>\n<!-- \/ Yoast SEO plugin. -->","yoast_head_json":{"title":"Discovering Paris in 2 days - DescubreParis.com","description":"Visit Paris in 2 days with our detailed guide. Buy it now and make the most of your time. We explain you everything step by step.","robots":{"index":"index","follow":"follow","max-snippet":"max-snippet:-1","max-image-preview":"max-image-preview:large","max-video-preview":"max-video-preview:-1"},"canonical":"https:\/\/www.descubreparis.com\/en\/product\/discovering-paris-in-2-days\/","og_locale":"en_US","og_type":"article","og_title":"Discovering Paris in 2 days - DescubreParis.com","og_description":"Visit Paris in 2 days with our detailed guide. Buy it now and make the most of your time. We explain you everything step by step.","og_url":"https:\/\/www.descubreparis.com\/en\/product\/discovering-paris-in-2-days\/","og_site_name":"DescubreParis.com","article_modified_time":"2022-03-03T17:32:32+00:00","og_image":[{"width":620,"height":871,"url":"https:\/\/www.descubreparis.com\/wp-content\/uploads\/2022\/03\/DP-2_COVER_EN.png","type":"image\/png"}],"twitter_card":"summary_large_image","schema":{"@context":"https:\/\/schema.org","@graph":[{"@type":"WebPage","@id":"https:\/\/www.descubreparis.com\/en\/product\/discovering-paris-in-2-days\/","url":"https:\/\/www.descubreparis.com\/en\/product\/discovering-paris-in-2-days\/","name":"Discovering Paris in 2 days - DescubreParis.com","isPartOf":{"@id":"https:\/\/www.descubreparis.com\/#website"},"primaryImageOfPage":{"@id":"https:\/\/www.descubreparis.com\/en\/product\/discovering-paris-in-2-days\/#primaryimage"},"image":{"@id":"https:\/\/www.descubreparis.com\/en\/product\/discovering-paris-in-2-days\/#primaryimage"},"thumbnailUrl":"https:\/\/www.descubreparis.com\/wp-content\/uploads\/2022\/03\/DP-2_COVER_EN.png","datePublished":"2022-03-03T13:39:14+00:00","dateModified":"2022-03-03T17:32:32+00:00","description":"Visit Paris in 2 days with our detailed guide. Buy it now and make the most of your time. We explain you everything step by step.","breadcrumb":{"@id":"https:\/\/www.descubreparis.com\/en\/product\/discovering-paris-in-2-days\/#breadcrumb"},"inLanguage":"en-US","potentialAction":[{"@type":"ReadAction","target":["https:\/\/www.descubreparis.com\/en\/product\/discovering-paris-in-2-days\/"]}]},{"@type":"ImageObject","inLanguage":"en-US","@id":"https:\/\/www.descubreparis.com\/en\/product\/discovering-paris-in-2-days\/#primaryimage","url":"https:\/\/www.descubreparis.com\/wp-content\/uploads\/2022\/03\/DP-2_COVER_EN.png","contentUrl":"https:\/\/www.descubreparis.com\/wp-content\/uploads\/2022\/03\/DP-2_COVER_EN.png","width":620,"height":871},{"@type":"BreadcrumbList","@id":"https:\/\/www.descubreparis.com\/en\/product\/discovering-paris-in-2-days\/#breadcrumb","itemListElement":[{"@type":"ListItem","position":1,"name":"Home","item":"https:\/\/www.descubreparis.com\/en\/"},{"@type":"ListItem","position":2,"name":"Shop","item":"https:\/\/www.descubreparis.com\/en\/shop\/"},{"@type":"ListItem","position":3,"name":"Discovering Paris in 2 days"}]},{"@type":"WebSite","@id":"https:\/\/www.descubreparis.com\/#website","url":"https:\/\/www.descubreparis.com\/","name":"DescubreParis.com","description":"DescubreParis.com Gu\u00edas pr\u00e1cticas, circuitos paso a paso y gu\u00edas personalizadas para disfrutar y descubrir Paris de manera serena y libre","publisher":{"@id":"https:\/\/www.descubreparis.com\/#organization"},"potentialAction":[{"@type":"SearchAction","target":{"@type":"EntryPoint","urlTemplate":"https:\/\/www.descubreparis.com\/?s={search_term_string}"},"query-input":{"@type":"PropertyValueSpecification","valueRequired":true,"valueName":"search_term_string"}}],"inLanguage":"en-US"},{"@type":"Organization","@id":"https:\/\/www.descubreparis.com\/#organization","name":"DescubrePar\u00eds.com","url":"https:\/\/www.descubreparis.com\/","logo":{"@type":"ImageObject","inLanguage":"en-US","@id":"https:\/\/www.descubreparis.com\/#\/schema\/logo\/image\/","url":"https:\/\/www.descubreparis.com\/wp-content\/uploads\/2018\/06\/WEB_DPcom_LOGOTIPO_ancho132px-1.png","contentUrl":"https:\/\/www.descubreparis.com\/wp-content\/uploads\/2018\/06\/WEB_DPcom_LOGOTIPO_ancho132px-1.png","width":132,"height":129,"caption":"DescubrePar\u00eds.com"},"image":{"@id":"https:\/\/www.descubreparis.com\/#\/schema\/logo\/image\/"}}]}},"_links":{"self":[{"href":"https:\/\/www.descubreparis.com\/en\/wp-json\/wp\/v2\/product\/5073","targetHints":{"allow":["GET"]}}],"collection":[{"href":"https:\/\/www.descubreparis.com\/en\/wp-json\/wp\/v2\/product"}],"about":[{"href":"https:\/\/www.descubreparis.com\/en\/wp-json\/wp\/v2\/types\/product"}],"replies":[{"embeddable":true,"href":"https:\/\/www.descubreparis.com\/en\/wp-json\/wp\/v2\/comments?post=5073"}],"wp:featuredmedia":[{"embeddable":true,"href":"https:\/\/www.descubreparis.com\/en\/wp-json\/wp\/v2\/media\/4940"}],"wp:attachment":[{"href":"https:\/\/www.descubreparis.com\/en\/wp-json\/wp\/v2\/media?parent=5073"}],"wp:term":[{"taxonomy":"product_brand","embeddable":true,"href":"https:\/\/www.descubreparis.com\/en\/wp-json\/wp\/v2\/product_brand?post=5073"},{"taxonomy":"product_cat","embeddable":true,"href":"https:\/\/www.descubreparis.com\/en\/wp-json\/wp\/v2\/product_cat?post=5073"},{"taxonomy":"product_tag","embeddable":true,"href":"https:\/\/www.descubreparis.com\/en\/wp-json\/wp\/v2\/product_tag?post=5073"}],"curies":[{"name":"wp","href":"https:\/\/api.w.org\/{rel}","templated":true}]}}