











{"id":5071,"date":"2019-03-20T08:40:07","date_gmt":"2022-03-03T10:38:05","guid":{"rendered":"https:\/\/www.descubreparis.com\/producto\/paris-practical-guide\/"},"modified":"2022-03-09T11:51:16","modified_gmt":"2022-03-09T10:51:16","slug":"paris-practical-guide","status":"publish","type":"product","link":"https:\/\/www.descubreparis.com\/en\/product\/paris-practical-guide\/","title":{"rendered":"Paris Practical Guide"},"content":{"rendered":"<div class=\"wpb-content-wrapper\"><p>[vc_row][vc_column]<div id=\"fullwidth-block-69dd09fc34281\" class=\"fullwidth-block clearfix\"  style=\"padding-top: 60px;padding-bottom: 30px;\"><script type=\"text\/javascript\">if (typeof(gem_fix_fullwidth_position) == \"function\") { gem_fix_fullwidth_position(document.getElementById(\"fullwidth-block-69dd09fc34281\")); }<\/script><div class=\"fullwidth-block-background\" style=\"background-image: url(https:\/\/www.descubreparis.com\/wp-content\/uploads\/2018\/09\/Background-1.jpg);background-position: center center;\"><\/div><div class=\"fullwidth-block-inner\"><\/div><\/div>[\/vc_column][\/vc_row]<\/p>\n<\/div>","protected":false},"excerpt":{"rendered":"<p>So many questions can revolve around organizing a trip to Europe and Paris!<br \/>\nSo much information online and so little time to even begin to understand it all!<br \/>\nBuy now the Practical Guide of Paris that will help you plan your trip!<\/p>\n<p>[vc_row][vc_column]<\/p>\n<div class=\"gem-youtube gem-wrapbox gem-wrapbox-style-no-style rounded-corners gem-wrapbox-position-below\" style=\"width: 100%;\">\n<div class=\"gem-wrapbox-inner gem-ratio-style\" style=\"padding-top: 56.25%\"><iframe class=\"gem-wrapbox-element img-responsive\" width=\"100%\" height=\"300\" allowfullscreen=\"allowfullscreen\" frameborder=\"0\" scrolling=\"no\" marginheight=\"0\" marginwidth=\"0\" src=\"\/\/www.youtube.com\/embed\/LQKevv_LFEY?rel=0&amp;wmode=opaque\"><\/iframe><\/div>\n<\/div>\n<p>[\/vc_column][\/vc_row]<\/p>\n","protected":false},"featured_media":4075,"comment_status":"closed","ping_status":"closed","template":"","meta":[],"product_brand":[],"product_cat":[207],"product_tag":[210],"class_list":{"0":"post-5071","1":"product","2":"type-product","3":"status-publish","4":"has-post-thumbnail","6":"product_cat-practical-guide-of-paris","7":"product_tag-practical-guide-of-paris","9":"first","10":"instock","11":"downloadable","12":"virtual","13":"sold-individually","14":"purchasable","15":"product-type-simple"},"yoast_head":"<!-- This site is optimized with the Yoast SEO plugin v25.9 - https:\/\/yoast.com\/wordpress\/plugins\/seo\/ -->\n<title>Paris Practical Guide - DescubreParis.com<\/title>\n<meta name=\"description\" content=\"The Practical Guide of Paris will help you plan your trip, with information on when to come, how to select accommodation, what to do and more\" \/>\n<meta name=\"robots\" content=\"index, follow, max-snippet:-1, max-image-preview:large, max-video-preview:-1\" \/>\n<link rel=\"canonical\" href=\"https:\/\/www.descubreparis.com\/en\/product\/paris-practical-guide\/\" \/>\n<meta property=\"og:locale\" content=\"en_US\" \/>\n<meta property=\"og:type\" content=\"article\" \/>\n<meta property=\"og:title\" content=\"Paris Practical Guide - DescubreParis.com\" \/>\n<meta property=\"og:description\" content=\"The Practical Guide of Paris will help you plan your trip, with information on when to come, how to select accommodation, what to do and more\" \/>\n<meta property=\"og:url\" content=\"https:\/\/www.descubreparis.com\/en\/product\/paris-practical-guide\/\" \/>\n<meta property=\"og:site_name\" content=\"DescubreParis.com\" \/>\n<meta property=\"article:modified_time\" content=\"2022-03-09T10:51:16+00:00\" \/>\n<meta property=\"og:image\" content=\"https:\/\/www.descubreparis.com\/wp-content\/uploads\/2022\/01\/DP-0_COVER_EN-2.png\" \/>\n\t<meta property=\"og:image:width\" content=\"620\" \/>\n\t<meta property=\"og:image:height\" content=\"871\" \/>\n\t<meta property=\"og:image:type\" content=\"image\/png\" \/>\n<meta name=\"twitter:card\" content=\"summary_large_image\" \/>\n<script type=\"application\/ld+json\" class=\"yoast-schema-graph\">{\"@context\":\"https:\/\/schema.org\",\"@graph\":[{\"@type\":\"WebPage\",\"@id\":\"https:\/\/www.descubreparis.com\/en\/product\/paris-practical-guide\/\",\"url\":\"https:\/\/www.descubreparis.com\/en\/product\/paris-practical-guide\/\",\"name\":\"Paris Practical Guide - DescubreParis.com\",\"isPartOf\":{\"@id\":\"https:\/\/www.descubreparis.com\/#website\"},\"primaryImageOfPage\":{\"@id\":\"https:\/\/www.descubreparis.com\/en\/product\/paris-practical-guide\/#primaryimage\"},\"image\":{\"@id\":\"https:\/\/www.descubreparis.com\/en\/product\/paris-practical-guide\/#primaryimage\"},\"thumbnailUrl\":\"https:\/\/www.descubreparis.com\/wp-content\/uploads\/2022\/01\/DP-0_COVER_EN-2.png\",\"datePublished\":\"2022-03-03T10:38:05+00:00\",\"dateModified\":\"2022-03-09T10:51:16+00:00\",\"description\":\"The Practical Guide of Paris will help you plan your trip, with information on when to come, how to select accommodation, what to do and more\",\"breadcrumb\":{\"@id\":\"https:\/\/www.descubreparis.com\/en\/product\/paris-practical-guide\/#breadcrumb\"},\"inLanguage\":\"en-US\",\"potentialAction\":[{\"@type\":\"ReadAction\",\"target\":[\"https:\/\/www.descubreparis.com\/en\/product\/paris-practical-guide\/\"]}]},{\"@type\":\"ImageObject\",\"inLanguage\":\"en-US\",\"@id\":\"https:\/\/www.descubreparis.com\/en\/product\/paris-practical-guide\/#primaryimage\",\"url\":\"https:\/\/www.descubreparis.com\/wp-content\/uploads\/2022\/01\/DP-0_COVER_EN-2.png\",\"contentUrl\":\"https:\/\/www.descubreparis.com\/wp-content\/uploads\/2022\/01\/DP-0_COVER_EN-2.png\",\"width\":620,\"height\":871},{\"@type\":\"BreadcrumbList\",\"@id\":\"https:\/\/www.descubreparis.com\/en\/product\/paris-practical-guide\/#breadcrumb\",\"itemListElement\":[{\"@type\":\"ListItem\",\"position\":1,\"name\":\"Home\",\"item\":\"https:\/\/www.descubreparis.com\/en\/\"},{\"@type\":\"ListItem\",\"position\":2,\"name\":\"Shop\",\"item\":\"https:\/\/www.descubreparis.com\/en\/shop\/\"},{\"@type\":\"ListItem\",\"position\":3,\"name\":\"Paris Practical Guide\"}]},{\"@type\":\"WebSite\",\"@id\":\"https:\/\/www.descubreparis.com\/#website\",\"url\":\"https:\/\/www.descubreparis.com\/\",\"name\":\"DescubreParis.com\",\"description\":\"DescubreParis.com Gu\u00edas pr\u00e1cticas, circuitos paso a paso y gu\u00edas personalizadas para disfrutar y descubrir Paris de manera serena y libre\",\"publisher\":{\"@id\":\"https:\/\/www.descubreparis.com\/#organization\"},\"potentialAction\":[{\"@type\":\"SearchAction\",\"target\":{\"@type\":\"EntryPoint\",\"urlTemplate\":\"https:\/\/www.descubreparis.com\/?s={search_term_string}\"},\"query-input\":{\"@type\":\"PropertyValueSpecification\",\"valueRequired\":true,\"valueName\":\"search_term_string\"}}],\"inLanguage\":\"en-US\"},{\"@type\":\"Organization\",\"@id\":\"https:\/\/www.descubreparis.com\/#organization\",\"name\":\"DescubrePar\u00eds.com\",\"url\":\"https:\/\/www.descubreparis.com\/\",\"logo\":{\"@type\":\"ImageObject\",\"inLanguage\":\"en-US\",\"@id\":\"https:\/\/www.descubreparis.com\/#\/schema\/logo\/image\/\",\"url\":\"https:\/\/www.descubreparis.com\/wp-content\/uploads\/2018\/06\/WEB_DPcom_LOGOTIPO_ancho132px-1.png\",\"contentUrl\":\"https:\/\/www.descubreparis.com\/wp-content\/uploads\/2018\/06\/WEB_DPcom_LOGOTIPO_ancho132px-1.png\",\"width\":132,\"height\":129,\"caption\":\"DescubrePar\u00eds.com\"},\"image\":{\"@id\":\"https:\/\/www.descubreparis.com\/#\/schema\/logo\/image\/\"}}]}<\/script>\n<!-- \/ Yoast SEO plugin. -->","yoast_head_json":{"title":"Paris Practical Guide - DescubreParis.com","description":"The Practical Guide of Paris will help you plan your trip, with information on when to come, how to select accommodation, what to do and more","robots":{"index":"index","follow":"follow","max-snippet":"max-snippet:-1","max-image-preview":"max-image-preview:large","max-video-preview":"max-video-preview:-1"},"canonical":"https:\/\/www.descubreparis.com\/en\/product\/paris-practical-guide\/","og_locale":"en_US","og_type":"article","og_title":"Paris Practical Guide - DescubreParis.com","og_description":"The Practical Guide of Paris will help you plan your trip, with information on when to come, how to select accommodation, what to do and more","og_url":"https:\/\/www.descubreparis.com\/en\/product\/paris-practical-guide\/","og_site_name":"DescubreParis.com","article_modified_time":"2022-03-09T10:51:16+00:00","og_image":[{"width":620,"height":871,"url":"https:\/\/www.descubreparis.com\/wp-content\/uploads\/2022\/01\/DP-0_COVER_EN-2.png","type":"image\/png"}],"twitter_card":"summary_large_image","schema":{"@context":"https:\/\/schema.org","@graph":[{"@type":"WebPage","@id":"https:\/\/www.descubreparis.com\/en\/product\/paris-practical-guide\/","url":"https:\/\/www.descubreparis.com\/en\/product\/paris-practical-guide\/","name":"Paris Practical Guide - DescubreParis.com","isPartOf":{"@id":"https:\/\/www.descubreparis.com\/#website"},"primaryImageOfPage":{"@id":"https:\/\/www.descubreparis.com\/en\/product\/paris-practical-guide\/#primaryimage"},"image":{"@id":"https:\/\/www.descubreparis.com\/en\/product\/paris-practical-guide\/#primaryimage"},"thumbnailUrl":"https:\/\/www.descubreparis.com\/wp-content\/uploads\/2022\/01\/DP-0_COVER_EN-2.png","datePublished":"2022-03-03T10:38:05+00:00","dateModified":"2022-03-09T10:51:16+00:00","description":"The Practical Guide of Paris will help you plan your trip, with information on when to come, how to select accommodation, what to do and more","breadcrumb":{"@id":"https:\/\/www.descubreparis.com\/en\/product\/paris-practical-guide\/#breadcrumb"},"inLanguage":"en-US","potentialAction":[{"@type":"ReadAction","target":["https:\/\/www.descubreparis.com\/en\/product\/paris-practical-guide\/"]}]},{"@type":"ImageObject","inLanguage":"en-US","@id":"https:\/\/www.descubreparis.com\/en\/product\/paris-practical-guide\/#primaryimage","url":"https:\/\/www.descubreparis.com\/wp-content\/uploads\/2022\/01\/DP-0_COVER_EN-2.png","contentUrl":"https:\/\/www.descubreparis.com\/wp-content\/uploads\/2022\/01\/DP-0_COVER_EN-2.png","width":620,"height":871},{"@type":"BreadcrumbList","@id":"https:\/\/www.descubreparis.com\/en\/product\/paris-practical-guide\/#breadcrumb","itemListElement":[{"@type":"ListItem","position":1,"name":"Home","item":"https:\/\/www.descubreparis.com\/en\/"},{"@type":"ListItem","position":2,"name":"Shop","item":"https:\/\/www.descubreparis.com\/en\/shop\/"},{"@type":"ListItem","position":3,"name":"Paris Practical Guide"}]},{"@type":"WebSite","@id":"https:\/\/www.descubreparis.com\/#website","url":"https:\/\/www.descubreparis.com\/","name":"DescubreParis.com","description":"DescubreParis.com Gu\u00edas pr\u00e1cticas, circuitos paso a paso y gu\u00edas personalizadas para disfrutar y descubrir Paris de manera serena y libre","publisher":{"@id":"https:\/\/www.descubreparis.com\/#organization"},"potentialAction":[{"@type":"SearchAction","target":{"@type":"EntryPoint","urlTemplate":"https:\/\/www.descubreparis.com\/?s={search_term_string}"},"query-input":{"@type":"PropertyValueSpecification","valueRequired":true,"valueName":"search_term_string"}}],"inLanguage":"en-US"},{"@type":"Organization","@id":"https:\/\/www.descubreparis.com\/#organization","name":"DescubrePar\u00eds.com","url":"https:\/\/www.descubreparis.com\/","logo":{"@type":"ImageObject","inLanguage":"en-US","@id":"https:\/\/www.descubreparis.com\/#\/schema\/logo\/image\/","url":"https:\/\/www.descubreparis.com\/wp-content\/uploads\/2018\/06\/WEB_DPcom_LOGOTIPO_ancho132px-1.png","contentUrl":"https:\/\/www.descubreparis.com\/wp-content\/uploads\/2018\/06\/WEB_DPcom_LOGOTIPO_ancho132px-1.png","width":132,"height":129,"caption":"DescubrePar\u00eds.com"},"image":{"@id":"https:\/\/www.descubreparis.com\/#\/schema\/logo\/image\/"}}]}},"_links":{"self":[{"href":"https:\/\/www.descubreparis.com\/en\/wp-json\/wp\/v2\/product\/5071","targetHints":{"allow":["GET"]}}],"collection":[{"href":"https:\/\/www.descubreparis.com\/en\/wp-json\/wp\/v2\/product"}],"about":[{"href":"https:\/\/www.descubreparis.com\/en\/wp-json\/wp\/v2\/types\/product"}],"replies":[{"embeddable":true,"href":"https:\/\/www.descubreparis.com\/en\/wp-json\/wp\/v2\/comments?post=5071"}],"wp:featuredmedia":[{"embeddable":true,"href":"https:\/\/www.descubreparis.com\/en\/wp-json\/wp\/v2\/media\/4075"}],"wp:attachment":[{"href":"https:\/\/www.descubreparis.com\/en\/wp-json\/wp\/v2\/media?parent=5071"}],"wp:term":[{"taxonomy":"product_brand","embeddable":true,"href":"https:\/\/www.descubreparis.com\/en\/wp-json\/wp\/v2\/product_brand?post=5071"},{"taxonomy":"product_cat","embeddable":true,"href":"https:\/\/www.descubreparis.com\/en\/wp-json\/wp\/v2\/product_cat?post=5071"},{"taxonomy":"product_tag","embeddable":true,"href":"https:\/\/www.descubreparis.com\/en\/wp-json\/wp\/v2\/product_tag?post=5071"}],"curies":[{"name":"wp","href":"https:\/\/api.w.org\/{rel}","templated":true}]}}