











{"id":5417,"date":"2024-01-10T16:53:09","date_gmt":"2024-01-10T15:53:09","guid":{"rendered":"https:\/\/www.descubreparis.com\/shopping-cart\/"},"modified":"2024-01-10T16:53:11","modified_gmt":"2024-01-10T15:53:11","slug":"shopping-cart","status":"publish","type":"page","link":"https:\/\/www.descubreparis.com\/en\/shopping-cart\/","title":{"rendered":"Shopping Cart"},"content":{"rendered":"\n","protected":false},"excerpt":{"rendered":"","protected":false},"author":1,"featured_media":0,"parent":0,"menu_order":0,"comment_status":"closed","ping_status":"closed","template":"","meta":{"footnotes":""},"class_list":["post-5417","page","type-page","status-publish"],"yoast_head":"<!-- This site is optimized with the Yoast SEO plugin v25.9 - https:\/\/yoast.com\/wordpress\/plugins\/seo\/ -->\n<title>Shopping Cart - DescubreParis.com<\/title>\n<meta name=\"robots\" content=\"index, follow, max-snippet:-1, max-image-preview:large, max-video-preview:-1\" \/>\n<link rel=\"canonical\" href=\"https:\/\/www.descubreparis.com\/en\/shopping-cart\/\" \/>\n<meta property=\"og:locale\" content=\"en_US\" \/>\n<meta property=\"og:type\" content=\"article\" \/>\n<meta property=\"og:title\" content=\"Shopping Cart - DescubreParis.com\" \/>\n<meta property=\"og:url\" content=\"https:\/\/www.descubreparis.com\/en\/shopping-cart\/\" \/>\n<meta property=\"og:site_name\" content=\"DescubreParis.com\" \/>\n<meta property=\"article:modified_time\" content=\"2024-01-10T15:53:11+00:00\" \/>\n<meta name=\"twitter:card\" content=\"summary_large_image\" \/>\n<script type=\"application\/ld+json\" class=\"yoast-schema-graph\">{\"@context\":\"https:\/\/schema.org\",\"@graph\":[{\"@type\":\"WebPage\",\"@id\":\"https:\/\/www.descubreparis.com\/en\/shopping-cart\/\",\"url\":\"https:\/\/www.descubreparis.com\/en\/shopping-cart\/\",\"name\":\"Shopping Cart - DescubreParis.com\",\"isPartOf\":{\"@id\":\"https:\/\/www.descubreparis.com\/#website\"},\"datePublished\":\"2024-01-10T15:53:09+00:00\",\"dateModified\":\"2024-01-10T15:53:11+00:00\",\"breadcrumb\":{\"@id\":\"https:\/\/www.descubreparis.com\/en\/shopping-cart\/#breadcrumb\"},\"inLanguage\":\"en-US\",\"potentialAction\":[{\"@type\":\"ReadAction\",\"target\":[\"https:\/\/www.descubreparis.com\/en\/shopping-cart\/\"]}]},{\"@type\":\"BreadcrumbList\",\"@id\":\"https:\/\/www.descubreparis.com\/en\/shopping-cart\/#breadcrumb\",\"itemListElement\":[{\"@type\":\"ListItem\",\"position\":1,\"name\":\"Home\",\"item\":\"https:\/\/www.descubreparis.com\/en\/\"},{\"@type\":\"ListItem\",\"position\":2,\"name\":\"Shopping Cart\"}]},{\"@type\":\"WebSite\",\"@id\":\"https:\/\/www.descubreparis.com\/#website\",\"url\":\"https:\/\/www.descubreparis.com\/\",\"name\":\"DescubreParis.com\",\"description\":\"DescubreParis.com Gu\u00edas pr\u00e1cticas, circuitos paso a paso y gu\u00edas personalizadas para disfrutar y descubrir Paris de manera serena y libre\",\"publisher\":{\"@id\":\"https:\/\/www.descubreparis.com\/#organization\"},\"potentialAction\":[{\"@type\":\"SearchAction\",\"target\":{\"@type\":\"EntryPoint\",\"urlTemplate\":\"https:\/\/www.descubreparis.com\/?s={search_term_string}\"},\"query-input\":{\"@type\":\"PropertyValueSpecification\",\"valueRequired\":true,\"valueName\":\"search_term_string\"}}],\"inLanguage\":\"en-US\"},{\"@type\":\"Organization\",\"@id\":\"https:\/\/www.descubreparis.com\/#organization\",\"name\":\"DescubrePar\u00eds.com\",\"url\":\"https:\/\/www.descubreparis.com\/\",\"logo\":{\"@type\":\"ImageObject\",\"inLanguage\":\"en-US\",\"@id\":\"https:\/\/www.descubreparis.com\/#\/schema\/logo\/image\/\",\"url\":\"https:\/\/www.descubreparis.com\/wp-content\/uploads\/2018\/06\/WEB_DPcom_LOGOTIPO_ancho132px-1.png\",\"contentUrl\":\"https:\/\/www.descubreparis.com\/wp-content\/uploads\/2018\/06\/WEB_DPcom_LOGOTIPO_ancho132px-1.png\",\"width\":132,\"height\":129,\"caption\":\"DescubrePar\u00eds.com\"},\"image\":{\"@id\":\"https:\/\/www.descubreparis.com\/#\/schema\/logo\/image\/\"}}]}<\/script>\n<!-- \/ Yoast SEO plugin. -->","yoast_head_json":{"title":"Shopping Cart - DescubreParis.com","robots":{"index":"index","follow":"follow","max-snippet":"max-snippet:-1","max-image-preview":"max-image-preview:large","max-video-preview":"max-video-preview:-1"},"canonical":"https:\/\/www.descubreparis.com\/en\/shopping-cart\/","og_locale":"en_US","og_type":"article","og_title":"Shopping Cart - DescubreParis.com","og_url":"https:\/\/www.descubreparis.com\/en\/shopping-cart\/","og_site_name":"DescubreParis.com","article_modified_time":"2024-01-10T15:53:11+00:00","twitter_card":"summary_large_image","schema":{"@context":"https:\/\/schema.org","@graph":[{"@type":"WebPage","@id":"https:\/\/www.descubreparis.com\/en\/shopping-cart\/","url":"https:\/\/www.descubreparis.com\/en\/shopping-cart\/","name":"Shopping Cart - DescubreParis.com","isPartOf":{"@id":"https:\/\/www.descubreparis.com\/#website"},"datePublished":"2024-01-10T15:53:09+00:00","dateModified":"2024-01-10T15:53:11+00:00","breadcrumb":{"@id":"https:\/\/www.descubreparis.com\/en\/shopping-cart\/#breadcrumb"},"inLanguage":"en-US","potentialAction":[{"@type":"ReadAction","target":["https:\/\/www.descubreparis.com\/en\/shopping-cart\/"]}]},{"@type":"BreadcrumbList","@id":"https:\/\/www.descubreparis.com\/en\/shopping-cart\/#breadcrumb","itemListElement":[{"@type":"ListItem","position":1,"name":"Home","item":"https:\/\/www.descubreparis.com\/en\/"},{"@type":"ListItem","position":2,"name":"Shopping Cart"}]},{"@type":"WebSite","@id":"https:\/\/www.descubreparis.com\/#website","url":"https:\/\/www.descubreparis.com\/","name":"DescubreParis.com","description":"DescubreParis.com Gu\u00edas pr\u00e1cticas, circuitos paso a paso y gu\u00edas personalizadas para disfrutar y descubrir Paris de manera serena y libre","publisher":{"@id":"https:\/\/www.descubreparis.com\/#organization"},"potentialAction":[{"@type":"SearchAction","target":{"@type":"EntryPoint","urlTemplate":"https:\/\/www.descubreparis.com\/?s={search_term_string}"},"query-input":{"@type":"PropertyValueSpecification","valueRequired":true,"valueName":"search_term_string"}}],"inLanguage":"en-US"},{"@type":"Organization","@id":"https:\/\/www.descubreparis.com\/#organization","name":"DescubrePar\u00eds.com","url":"https:\/\/www.descubreparis.com\/","logo":{"@type":"ImageObject","inLanguage":"en-US","@id":"https:\/\/www.descubreparis.com\/#\/schema\/logo\/image\/","url":"https:\/\/www.descubreparis.com\/wp-content\/uploads\/2018\/06\/WEB_DPcom_LOGOTIPO_ancho132px-1.png","contentUrl":"https:\/\/www.descubreparis.com\/wp-content\/uploads\/2018\/06\/WEB_DPcom_LOGOTIPO_ancho132px-1.png","width":132,"height":129,"caption":"DescubrePar\u00eds.com"},"image":{"@id":"https:\/\/www.descubreparis.com\/#\/schema\/logo\/image\/"}}]}},"_links":{"self":[{"href":"https:\/\/www.descubreparis.com\/en\/wp-json\/wp\/v2\/pages\/5417","targetHints":{"allow":["GET"]}}],"collection":[{"href":"https:\/\/www.descubreparis.com\/en\/wp-json\/wp\/v2\/pages"}],"about":[{"href":"https:\/\/www.descubreparis.com\/en\/wp-json\/wp\/v2\/types\/page"}],"author":[{"embeddable":true,"href":"https:\/\/www.descubreparis.com\/en\/wp-json\/wp\/v2\/users\/1"}],"replies":[{"embeddable":true,"href":"https:\/\/www.descubreparis.com\/en\/wp-json\/wp\/v2\/comments?post=5417"}],"version-history":[{"count":3,"href":"https:\/\/www.descubreparis.com\/en\/wp-json\/wp\/v2\/pages\/5417\/revisions"}],"predecessor-version":[{"id":5420,"href":"https:\/\/www.descubreparis.com\/en\/wp-json\/wp\/v2\/pages\/5417\/revisions\/5420"}],"wp:attachment":[{"href":"https:\/\/www.descubreparis.com\/en\/wp-json\/wp\/v2\/media?parent=5417"}],"curies":[{"name":"wp","href":"https:\/\/api.w.org\/{rel}","templated":true}]}}