











{"id":4435,"date":"2020-11-23T06:03:38","date_gmt":"2020-11-23T11:03:38","guid":{"rendered":"https:\/\/www.descubreparis.com\/faq\/"},"modified":"2020-11-23T06:03:49","modified_gmt":"2020-11-23T11:03:49","slug":"faq","status":"publish","type":"page","link":"https:\/\/www.descubreparis.com\/en\/faq\/","title":{"rendered":"FAQ"},"content":{"rendered":"<div class=\"wpb-content-wrapper\"><p>[vc_row][vc_column][vc_tta_accordion][vc_tta_section title=&#8221;How do the Detailed Travel Guides Work?&#8221; tab_id=&#8221;1528448156808-b96ef6e1-2fea&#8221;][vc_wp_text]The Detailed Travel Guides are a downloadable PDF file (you may also print it) which gives you detailed and precise information on how to visit Paris, some of which include pre-established itineraries. There are maps, pictures, historical information as well as practical information so that you can make the most out of your time.[\/vc_wp_text][\/vc_tta_section][vc_tta_section title=&#8221;How \u201cdetailed\u201d are these Detailed Travel Guides?&#8221; tab_id=&#8221;1528448156837-d20f7c9a-0375&#8243;][vc_wp_text]The Detailed Travel Guides will give you very precise information so that you can see Paris with a step-by-step itinerary, at your own pace, visiting the city\u2019s most important monuments and walking through its most colorful and representative streets. We give you concrete information on which streets to take, in what direction, how to use the metro, as well a few safety precautions and tips.[\/vc_wp_text][\/vc_tta_section][vc_tta_section title=&#8221;How do the Personalized Travel Guides work?&#8221; tab_id=&#8221;1528449853121-5907672e-f47d&#8221;][vc_wp_text]Personalized Travel Guides are made-to-order. If you plan your trip ahead of time, you can contact us, explain what you expect of your trip and, based on this, we\u2019ll make an initial assessment with a first draft of your schedule. Once this schedule is approved, you\u2019ll proceed to the payment of the travel guide, and we start building your step-by-step travel guide to Paris with everything you want on it. (The final draft of the guide can take up to three weeks to be completed and delivered to you.).[\/vc_wp_text][\/vc_tta_section][vc_tta_section title=&#8221;Are museum tickets included in the price?&#8221; tab_id=&#8221;1528455101865-0dc79024-8c99&#8243;][vc_wp_text]NO. Our Detailed Travel Guides do not include tickets to any monument, museum, or other. These tickets will have to be purchased individually depending on what you decide to visit.[\/vc_wp_text][\/vc_tta_section][vc_tta_section title=&#8221;What does a Detailed Travel Guide include?&#8221; tab_id=&#8221;1530533631203-db818bc8-f7a5&#8243;][vc_column_text]A Detailed Travel Guide includes instructions to move to and from Paris in a simple and economic way, safety advice, a detailed step-by-step tour (and small maps), with concrete information that will take you through the main monuments of the city, information on where to eat, how and when to visit museums, a little bit of history, and how to get back to the airport or train station.[\/vc_column_text][\/vc_tta_section][vc_tta_section title=&#8221;Am I going to have a private tour guide?&#8221; tab_id=&#8221;1530533683688-b40d2c41-62a8&#8243;][vc_column_text]NO. Our services do not include a private tour guide because part of what we aim to do is give each person the freedom to visit the city on their own time, without overspending, while simultaneously feeling guided. Our guides are built to make you feel as if you had a tour guide with you.[\/vc_column_text][\/vc_tta_section][vc_tta_section title=&#8221;When can I expect to receive my Personalized Travel Guide?&#8221; tab_id=&#8221;1530533752266-df1b768e-79a2&#8243;][vc_column_text]The design and final version of your personalized guide, once it\u2019s been approved and paid for, can take up to 3 weeks to get to you.[\/vc_column_text][\/vc_tta_section][vc_tta_section title=&#8221;Is there an app?&#8221; tab_id=&#8221;1530533811315-30b326be-d560&#8243;][vc_column_text]For the time being we do not have an application (app). We suggest a simple and economic version for tourists that may not have immediate access to internet, which is previously downloading a PDF file to their phone and\/or tablet. Depending on our company and products evolution we\u2019ll decide whether we develop an application.[\/vc_column_text][\/vc_tta_section][vc_tta_section title=&#8221;What clothes should I bring? &#8221; tab_id=&#8221;1530533881264-32902fd2-42f7&#8243;][vc_column_text]This will all depend on what time of the year you decide to come. For more information, please visit our <a class=\"link-line\" href=\"https:\/\/www.descubreparis.com\/en\/before-the-trip\/\">Before the trip<\/a>, section online.[\/vc_column_text][\/vc_tta_section][vc_tta_section title=&#8221;What hotel should I choose?&#8221; tab_id=&#8221;1530533972191-2b7c7e11-f0f3&#8243;][vc_column_text]Choosing a hotel is something we consider to be very personal. It will be largely based on your budget and the expectations and taste each person has. However, we can suggest two factors to take into account: the first, easy access to public transportation (having a metro relatively close); and the second is the activity in the area, Paris is generally a safe and peaceful city, however, there are certain zones that should be avoided. You can check out our <a class=\"link-line\" href=\"https:\/\/www.descubreparis.com\/en\/choosing-your-accomodations\/\">Choosing your accommodations\/Areas to avoid<\/a>section for more information on this.[\/vc_column_text][\/vc_tta_section][vc_tta_section title=&#8221;Does DescubreParis.com plan my entire trip for me?&#8221; tab_id=&#8221;1530534084912-52ffe864-1fb7&#8243;][vc_column_text]NO. We give you the tools and information so that you can plan your trip by yourself, and we offer detailed, as well as personalized, guides so you know what to do and how to do them, but you are the author of your own adventure![\/vc_column_text][\/vc_tta_section][\/vc_tta_accordion][\/vc_column][\/vc_row]<\/p>\n<\/div>","protected":false},"excerpt":{"rendered":"<p>[vc_row][vc_column][vc_tta_accordion][vc_tta_section title=&#8221;How do the Detailed Travel Guides Work?&#8221; tab_id=&#8221;1528448156808-b96ef6e1-2fea&#8221;][vc_wp_text]The Detailed Travel Guides are a downloadable PDF file (you may also print it) which gives you detailed and precise information on&#8230;<\/p>\n","protected":false},"author":1,"featured_media":0,"parent":0,"menu_order":0,"comment_status":"closed","ping_status":"closed","template":"","meta":{"footnotes":""},"class_list":["post-4435","page","type-page","status-publish"],"yoast_head":"<!-- This site is optimized with the Yoast SEO plugin v25.9 - https:\/\/yoast.com\/wordpress\/plugins\/seo\/ -->\n<title>FAQ - DescubreParis.com<\/title>\n<meta name=\"robots\" content=\"index, follow, max-snippet:-1, max-image-preview:large, max-video-preview:-1\" \/>\n<link rel=\"canonical\" href=\"https:\/\/www.descubreparis.com\/en\/faq\/\" \/>\n<meta property=\"og:locale\" content=\"en_US\" \/>\n<meta property=\"og:type\" content=\"article\" \/>\n<meta property=\"og:title\" content=\"FAQ - DescubreParis.com\" \/>\n<meta property=\"og:description\" content=\"[vc_row][vc_column][vc_tta_accordion][vc_tta_section title=&#8221;How do the Detailed Travel Guides Work?&#8221; tab_id=&#8221;1528448156808-b96ef6e1-2fea&#8221;][vc_wp_text]The Detailed Travel Guides are a downloadable PDF file (you may also print it) which gives you detailed and precise information on...\" \/>\n<meta property=\"og:url\" content=\"https:\/\/www.descubreparis.com\/en\/faq\/\" \/>\n<meta property=\"og:site_name\" content=\"DescubreParis.com\" \/>\n<meta property=\"article:modified_time\" content=\"2020-11-23T11:03:49+00:00\" \/>\n<meta name=\"twitter:card\" content=\"summary_large_image\" \/>\n<meta name=\"twitter:label1\" content=\"Est. reading time\" \/>\n\t<meta name=\"twitter:data1\" content=\"5 minutes\" \/>\n<script type=\"application\/ld+json\" class=\"yoast-schema-graph\">{\"@context\":\"https:\/\/schema.org\",\"@graph\":[{\"@type\":\"WebPage\",\"@id\":\"https:\/\/www.descubreparis.com\/en\/faq\/\",\"url\":\"https:\/\/www.descubreparis.com\/en\/faq\/\",\"name\":\"FAQ - DescubreParis.com\",\"isPartOf\":{\"@id\":\"https:\/\/www.descubreparis.com\/#website\"},\"datePublished\":\"2020-11-23T11:03:38+00:00\",\"dateModified\":\"2020-11-23T11:03:49+00:00\",\"breadcrumb\":{\"@id\":\"https:\/\/www.descubreparis.com\/en\/faq\/#breadcrumb\"},\"inLanguage\":\"en-US\",\"potentialAction\":[{\"@type\":\"ReadAction\",\"target\":[\"https:\/\/www.descubreparis.com\/en\/faq\/\"]}]},{\"@type\":\"BreadcrumbList\",\"@id\":\"https:\/\/www.descubreparis.com\/en\/faq\/#breadcrumb\",\"itemListElement\":[{\"@type\":\"ListItem\",\"position\":1,\"name\":\"Home\",\"item\":\"https:\/\/www.descubreparis.com\/en\/\"},{\"@type\":\"ListItem\",\"position\":2,\"name\":\"FAQ\"}]},{\"@type\":\"WebSite\",\"@id\":\"https:\/\/www.descubreparis.com\/#website\",\"url\":\"https:\/\/www.descubreparis.com\/\",\"name\":\"DescubreParis.com\",\"description\":\"DescubreParis.com Gu\u00edas pr\u00e1cticas, circuitos paso a paso y gu\u00edas personalizadas para disfrutar y descubrir Paris de manera serena y libre\",\"publisher\":{\"@id\":\"https:\/\/www.descubreparis.com\/#organization\"},\"potentialAction\":[{\"@type\":\"SearchAction\",\"target\":{\"@type\":\"EntryPoint\",\"urlTemplate\":\"https:\/\/www.descubreparis.com\/?s={search_term_string}\"},\"query-input\":{\"@type\":\"PropertyValueSpecification\",\"valueRequired\":true,\"valueName\":\"search_term_string\"}}],\"inLanguage\":\"en-US\"},{\"@type\":\"Organization\",\"@id\":\"https:\/\/www.descubreparis.com\/#organization\",\"name\":\"DescubrePar\u00eds.com\",\"url\":\"https:\/\/www.descubreparis.com\/\",\"logo\":{\"@type\":\"ImageObject\",\"inLanguage\":\"en-US\",\"@id\":\"https:\/\/www.descubreparis.com\/#\/schema\/logo\/image\/\",\"url\":\"https:\/\/www.descubreparis.com\/wp-content\/uploads\/2018\/06\/WEB_DPcom_LOGOTIPO_ancho132px-1.png\",\"contentUrl\":\"https:\/\/www.descubreparis.com\/wp-content\/uploads\/2018\/06\/WEB_DPcom_LOGOTIPO_ancho132px-1.png\",\"width\":132,\"height\":129,\"caption\":\"DescubrePar\u00eds.com\"},\"image\":{\"@id\":\"https:\/\/www.descubreparis.com\/#\/schema\/logo\/image\/\"}}]}<\/script>\n<!-- \/ Yoast SEO plugin. -->","yoast_head_json":{"title":"FAQ - DescubreParis.com","robots":{"index":"index","follow":"follow","max-snippet":"max-snippet:-1","max-image-preview":"max-image-preview:large","max-video-preview":"max-video-preview:-1"},"canonical":"https:\/\/www.descubreparis.com\/en\/faq\/","og_locale":"en_US","og_type":"article","og_title":"FAQ - DescubreParis.com","og_description":"[vc_row][vc_column][vc_tta_accordion][vc_tta_section title=&#8221;How do the Detailed Travel Guides Work?&#8221; tab_id=&#8221;1528448156808-b96ef6e1-2fea&#8221;][vc_wp_text]The Detailed Travel Guides are a downloadable PDF file (you may also print it) which gives you detailed and precise information on...","og_url":"https:\/\/www.descubreparis.com\/en\/faq\/","og_site_name":"DescubreParis.com","article_modified_time":"2020-11-23T11:03:49+00:00","twitter_card":"summary_large_image","twitter_misc":{"Est. reading time":"5 minutes"},"schema":{"@context":"https:\/\/schema.org","@graph":[{"@type":"WebPage","@id":"https:\/\/www.descubreparis.com\/en\/faq\/","url":"https:\/\/www.descubreparis.com\/en\/faq\/","name":"FAQ - DescubreParis.com","isPartOf":{"@id":"https:\/\/www.descubreparis.com\/#website"},"datePublished":"2020-11-23T11:03:38+00:00","dateModified":"2020-11-23T11:03:49+00:00","breadcrumb":{"@id":"https:\/\/www.descubreparis.com\/en\/faq\/#breadcrumb"},"inLanguage":"en-US","potentialAction":[{"@type":"ReadAction","target":["https:\/\/www.descubreparis.com\/en\/faq\/"]}]},{"@type":"BreadcrumbList","@id":"https:\/\/www.descubreparis.com\/en\/faq\/#breadcrumb","itemListElement":[{"@type":"ListItem","position":1,"name":"Home","item":"https:\/\/www.descubreparis.com\/en\/"},{"@type":"ListItem","position":2,"name":"FAQ"}]},{"@type":"WebSite","@id":"https:\/\/www.descubreparis.com\/#website","url":"https:\/\/www.descubreparis.com\/","name":"DescubreParis.com","description":"DescubreParis.com Gu\u00edas pr\u00e1cticas, circuitos paso a paso y gu\u00edas personalizadas para disfrutar y descubrir Paris de manera serena y libre","publisher":{"@id":"https:\/\/www.descubreparis.com\/#organization"},"potentialAction":[{"@type":"SearchAction","target":{"@type":"EntryPoint","urlTemplate":"https:\/\/www.descubreparis.com\/?s={search_term_string}"},"query-input":{"@type":"PropertyValueSpecification","valueRequired":true,"valueName":"search_term_string"}}],"inLanguage":"en-US"},{"@type":"Organization","@id":"https:\/\/www.descubreparis.com\/#organization","name":"DescubrePar\u00eds.com","url":"https:\/\/www.descubreparis.com\/","logo":{"@type":"ImageObject","inLanguage":"en-US","@id":"https:\/\/www.descubreparis.com\/#\/schema\/logo\/image\/","url":"https:\/\/www.descubreparis.com\/wp-content\/uploads\/2018\/06\/WEB_DPcom_LOGOTIPO_ancho132px-1.png","contentUrl":"https:\/\/www.descubreparis.com\/wp-content\/uploads\/2018\/06\/WEB_DPcom_LOGOTIPO_ancho132px-1.png","width":132,"height":129,"caption":"DescubrePar\u00eds.com"},"image":{"@id":"https:\/\/www.descubreparis.com\/#\/schema\/logo\/image\/"}}]}},"_links":{"self":[{"href":"https:\/\/www.descubreparis.com\/en\/wp-json\/wp\/v2\/pages\/4435","targetHints":{"allow":["GET"]}}],"collection":[{"href":"https:\/\/www.descubreparis.com\/en\/wp-json\/wp\/v2\/pages"}],"about":[{"href":"https:\/\/www.descubreparis.com\/en\/wp-json\/wp\/v2\/types\/page"}],"author":[{"embeddable":true,"href":"https:\/\/www.descubreparis.com\/en\/wp-json\/wp\/v2\/users\/1"}],"replies":[{"embeddable":true,"href":"https:\/\/www.descubreparis.com\/en\/wp-json\/wp\/v2\/comments?post=4435"}],"version-history":[{"count":0,"href":"https:\/\/www.descubreparis.com\/en\/wp-json\/wp\/v2\/pages\/4435\/revisions"}],"wp:attachment":[{"href":"https:\/\/www.descubreparis.com\/en\/wp-json\/wp\/v2\/media?parent=4435"}],"curies":[{"name":"wp","href":"https:\/\/api.w.org\/{rel}","templated":true}]}}