











{"id":4431,"date":"2020-11-23T05:36:48","date_gmt":"2020-11-23T10:36:48","guid":{"rendered":"https:\/\/www.descubreparis.com\/what-they-say-about-us\/"},"modified":"2020-11-23T05:36:51","modified_gmt":"2020-11-23T10:36:51","slug":"what-they-say-about-us","status":"publish","type":"page","link":"https:\/\/www.descubreparis.com\/en\/what-they-say-about-us\/","title":{"rendered":"What they say about us"},"content":{"rendered":"<div class=\"wpb-content-wrapper\"><p>[vc_row][vc_column][\/vc_column][\/vc_row][vc_row][vc_column width=&#8221;1\/2&#8243;][vc_column_text]<\/p>\n<div class=\"styled-subtitle title-h3\" style=\"text-align: left;\"><span style=\"color: #575756;\">How it went for our travellers<\/span><\/div>\n<p>[\/vc_column_text][vc_empty_space][vc_column_text]We have learned so much through our customers\u2019 comments, we\u2019re sure they will also be useful to you! Here are a few opinions and comments from our users.[\/vc_column_text][\/vc_column][vc_column width=&#8221;1\/2&#8243;][vc_single_image image=&#8221;3624&#8243; img_size=&#8221;full&#8221; alignment=&#8221;center&#8221;][\/vc_column][\/vc_row][vc_row full_width=&#8221;stretch_row&#8221; css=&#8221;.vc_custom_1530637912230{background-color: #c9c9c9 !important;}&#8221;][vc_column]<div class=\"quickfinder quickfinder-style-vertical-1 quickfinder-style-vertical quickfinder-icon-position-top quickfinder-alignment-center quickfinder-title-bold\"><div id=\"post-4425\" class=\"quickfinder-item odd quickfinder-item-effect-image-scale large post-4425 thegem_qf_item type-thegem_qf_item status-publish has-post-thumbnail\" data-ll-item-delay=\"0\"> <div class=\"quickfinder-item-info-wrapper\"> <svg class=\"qf-svg-arrow-right\" viewBox=\"0 0 50 100\"> <use xlink:href=\"https:\/\/www.descubreparis.com\/wp-content\/themes\/thegem\/css\/post-arrow.svg#dec-post-arrow\"><\/use> <\/svg> <div class=\"connector-top\" style=\"border-color: #b6c6c9; right: -81.5px;\"> <\/div> <div class=\"connector-bot\" style=\"border-color: #b6c6c9; right: -81.5px;\"> <\/div> <div class=\"quickfinder-item-info \" > <div style=\"display: block; min-height: 250px;\"> <div class=\"quickfinder-item-title\" style=\"color: #ed6e50;\">Montserrat, MEXICO<\/div> <div class=\"quickfinder-item-text\" style=\"color: #6f6f6e ;\">\u201cWhat I enjoyed the most about the detailed travel guide was the fact that I never felt lost or overwhelmed during the trip. Everything was pointed out and calculated in detail to take me to most emblematic places, all while taking in the sites around me and through typical Parisian streets.\u201d<\/div> <\/div> <\/div> <\/div> <div class=\"quickfinder-item-image\"> <div class=\"quickfinder-item-image-content\" > <div class=\"quickfinder-item-image-wrapper quickfinder-item-picture quickfinder-item-image-shape-circle\" style=\"box-shadow: 0 0 0 3px #ffffff, 0 0 0 6px #b6c6c9;\"> <img width=\"400\" height=\"400\" src=\"https:\/\/www.descubreparis.com\/wp-content\/uploads\/2018\/06\/Montse-foto-thegem-person.jpg\" class=\" quickfinder-img-size-large wp-post-image\" alt=\"Montse-foto\" srcset=\"https:\/\/www.descubreparis.com\/wp-content\/uploads\/2018\/06\/Montse-foto-thegem-person-160.jpg 1x, https:\/\/www.descubreparis.com\/wp-content\/uploads\/2018\/06\/Montse-foto-thegem-person.jpg 2x\" sizes=\"100vw\" \/> <\/div> <\/div> <\/div> <\/div> <div id=\"post-4426\" class=\"quickfinder-item even quickfinder-item-effect-image-scale large post-4426 thegem_qf_item type-thegem_qf_item status-publish has-post-thumbnail\" data-ll-item-delay=\"0\"> <div class=\"quickfinder-item-image\"> <div class=\"quickfinder-item-image-content\" > <div class=\"quickfinder-item-image-wrapper quickfinder-item-picture quickfinder-item-image-shape-circle\" style=\"box-shadow: 0 0 0 3px #ffffff, 0 0 0 6px #b6c6c9;\"> <img width=\"400\" height=\"400\" src=\"https:\/\/www.descubreparis.com\/wp-content\/uploads\/2018\/06\/Gloria-thegem-person.jpg\" class=\" quickfinder-img-size-large wp-post-image\" alt=\"Gloria\" srcset=\"https:\/\/www.descubreparis.com\/wp-content\/uploads\/2018\/06\/Gloria-thegem-person-160.jpg 1x, https:\/\/www.descubreparis.com\/wp-content\/uploads\/2018\/06\/Gloria-thegem-person.jpg 2x\" sizes=\"100vw\" \/> <\/div> <\/div> <\/div> <div class=\"quickfinder-item-info-wrapper\"> <svg class=\"qf-svg-arrow-left\" viewBox=\"0 0 50 100\"> <use xlink:href=\"https:\/\/www.descubreparis.com\/wp-content\/themes\/thegem\/css\/post-arrow.svg#dec-post-arrow\"><\/use> <\/svg> <div class=\"connector-top\" style=\"border-color: #b6c6c9; left: -81.5px;\"> <\/div> <div class=\"connector-bot\" style=\"border-color: #b6c6c9; left: -81.5px;\"> <\/div> <div class=\"quickfinder-item-info \" > <div style=\"display: block; min-height: 250px;\"> <div class=\"quickfinder-item-title\" style=\"color: #ed6e50;\">Gloria, COLOMBIA<\/div> <div class=\"quickfinder-item-text\" style=\"color: #575756 ;\">\u201cWhat I enjoyed the most about the detailed travel guide was that it was personalized, we contacted Angela prior to our trip to discuss some of the things we like and what our expectations of Paris were, and she organized our guide in accord to those requirements.\u201d<\/div> <\/div> <\/div> <\/div> <\/div> <div id=\"post-4427\" class=\"quickfinder-item odd quickfinder-item-effect-image-scale large post-4427 thegem_qf_item type-thegem_qf_item status-publish has-post-thumbnail\" data-ll-item-delay=\"0\"> <div class=\"quickfinder-item-info-wrapper\"> <svg class=\"qf-svg-arrow-right\" viewBox=\"0 0 50 100\"> <use xlink:href=\"https:\/\/www.descubreparis.com\/wp-content\/themes\/thegem\/css\/post-arrow.svg#dec-post-arrow\"><\/use> <\/svg> <div class=\"connector-top\" style=\"border-color: #b6c6c9; right: -81.5px;\"> <\/div> <div class=\"connector-bot\" style=\"border-color: #b6c6c9; right: -81.5px;\"> <\/div> <div class=\"quickfinder-item-info \" > <div style=\"display: block; min-height: 250px;\"> <div class=\"quickfinder-item-title\" style=\"color: #ed6e50;\">Jes\u00fas, COLOMBIA<\/div> <div class=\"quickfinder-item-text\" style=\"color: #575756 ;\">\u201c I would definitely recommend this detailed travel guide to a friend or an acquaintance, because I know that with it they\u2019ll feel at ease, confident while exploring the city, you get to know these places in detail, you can move around the city without rushing, there isn\u2019t a fixed-schedule for the tour, you do it at your own pace\u201d<\/div> <\/div> <\/div> <\/div> <div class=\"quickfinder-item-image\"> <div class=\"quickfinder-item-image-content\" > <div class=\"quickfinder-item-image-wrapper quickfinder-item-picture quickfinder-item-image-shape-circle\" style=\"box-shadow: 0 0 0 3px #ffffff, 0 0 0 6px #b6c6c9;\"> <img width=\"400\" height=\"400\" src=\"https:\/\/www.descubreparis.com\/wp-content\/uploads\/2018\/06\/Jesus-thegem-person.jpg\" class=\" quickfinder-img-size-large wp-post-image\" alt=\"Jes\u00fas\" srcset=\"https:\/\/www.descubreparis.com\/wp-content\/uploads\/2018\/06\/Jesus-thegem-person-160.jpg 1x, https:\/\/www.descubreparis.com\/wp-content\/uploads\/2018\/06\/Jesus-thegem-person.jpg 2x\" sizes=\"100vw\" \/> <\/div> <\/div> <\/div> <\/div> <div id=\"post-4428\" class=\"quickfinder-item even quickfinder-item-effect-image-scale large post-4428 thegem_qf_item type-thegem_qf_item status-publish has-post-thumbnail\" data-ll-item-delay=\"0\"> <div class=\"quickfinder-item-image\"> <div class=\"quickfinder-item-image-content\" > <div class=\"quickfinder-item-image-wrapper quickfinder-item-picture quickfinder-item-image-shape-circle\" style=\"box-shadow: 0 0 0 3px #ffffff, 0 0 0 6px #b6c6c9;\"> <img width=\"360\" height=\"400\" src=\"https:\/\/www.descubreparis.com\/wp-content\/uploads\/2018\/07\/Diana_Sandoval-thegem-person.png\" class=\" quickfinder-img-size-large wp-post-image\" alt=\"Diana_Sandoval\" srcset=\"https:\/\/www.descubreparis.com\/wp-content\/uploads\/2018\/07\/Diana_Sandoval-thegem-person-160.png 1x, https:\/\/www.descubreparis.com\/wp-content\/uploads\/2018\/07\/Diana_Sandoval-thegem-person.png 2x\" sizes=\"100vw\" \/> <\/div> <\/div> <\/div> <div class=\"quickfinder-item-info-wrapper\"> <svg class=\"qf-svg-arrow-left\" viewBox=\"0 0 50 100\"> <use xlink:href=\"https:\/\/www.descubreparis.com\/wp-content\/themes\/thegem\/css\/post-arrow.svg#dec-post-arrow\"><\/use> <\/svg> <div class=\"connector-top\" style=\"border-color: #b6c6c9; left: -81.5px;\"> <\/div> <div class=\"connector-bot\" style=\"border-color: #b6c6c9; left: -81.5px;\"> <\/div> <div class=\"quickfinder-item-info \" > <div style=\"display: block; min-height: 250px;\"> <div class=\"quickfinder-item-title\" style=\"color: #ed6e50;\">Diana, COLOMBIA<\/div> <div class=\"quickfinder-item-text\" >\u201cWhat I enjoyed the most about this detailed travel guide was being able to make the most of my time, visiting every emblematic place in the city, as well as the possibility of visiting certain places on my own stress-free, seeing as how specific this travel guide is it would be very difficult to get lost during the tour; you feel almost like they\u2019re whispering in your ear, and the best part is that when\/if you have a doubt you can always look back and find the answers!\u201d<\/div> <\/div> <\/div> <\/div> <\/div> <div id=\"post-4429\" class=\"quickfinder-item odd quickfinder-item-effect-image-scale large post-4429 thegem_qf_item type-thegem_qf_item status-publish has-post-thumbnail\" data-ll-item-delay=\"0\"> <div class=\"quickfinder-item-info-wrapper\"> <svg class=\"qf-svg-arrow-right\" viewBox=\"0 0 50 100\"> <use xlink:href=\"https:\/\/www.descubreparis.com\/wp-content\/themes\/thegem\/css\/post-arrow.svg#dec-post-arrow\"><\/use> <\/svg> <div class=\"connector-top\" style=\"border-color: #b6c6c9; right: -81.5px;\"> <\/div> <div class=\"connector-bot\" style=\"border-color: #b6c6c9; right: -81.5px;\"> <\/div> <div class=\"quickfinder-item-info \" > <div style=\"display: block; min-height: 250px;\"> <div class=\"quickfinder-item-title\" style=\"color: #ed6e50;\">Pablo, SPAIN<\/div> <div class=\"quickfinder-item-text\" >\u201cConcrete, practical, and adapted to my needs and those of my entourage. The information on public transportation is an important point to highlight, it really helped us optimize time during our stay.\u201d<\/div> <\/div> <\/div> <\/div> <div class=\"quickfinder-item-image\"> <div class=\"quickfinder-item-image-content\" > <div class=\"quickfinder-item-image-wrapper quickfinder-item-picture quickfinder-item-image-shape-circle\" style=\"box-shadow: 0 0 0 3px #ffffff, 0 0 0 6px #b6c6c9;\"> <img width=\"400\" height=\"400\" src=\"https:\/\/www.descubreparis.com\/wp-content\/uploads\/2018\/07\/Pablo-Ramos-y-Familia-thegem-person.jpg\" class=\" quickfinder-img-size-large wp-post-image\" alt=\"Pablo Ramos and Family\" srcset=\"https:\/\/www.descubreparis.com\/wp-content\/uploads\/2018\/07\/Pablo-Ramos-y-Familia-thegem-person-160.jpg 1x, https:\/\/www.descubreparis.com\/wp-content\/uploads\/2018\/07\/Pablo-Ramos-y-Familia-thegem-person.jpg 2x\" sizes=\"100vw\" \/> <\/div> <\/div> <\/div> <\/div> <div id=\"post-4430\" class=\"quickfinder-item even quickfinder-item-effect-image-scale large post-4430 thegem_qf_item type-thegem_qf_item status-publish has-post-thumbnail\" data-ll-item-delay=\"0\"> <div class=\"quickfinder-item-image\"> <div class=\"quickfinder-item-image-content\" > <div class=\"quickfinder-item-image-wrapper quickfinder-item-picture quickfinder-item-image-shape-circle\" style=\"box-shadow: 0 0 0 3px #ffffff, 0 0 0 6px #b6c6c9;\"> <img width=\"400\" height=\"400\" src=\"https:\/\/www.descubreparis.com\/wp-content\/uploads\/2018\/06\/Maria_Fernanda-thegem-person.jpg\" class=\" quickfinder-img-size-large wp-post-image\" alt=\"Maria_Fernanda\" srcset=\"https:\/\/www.descubreparis.com\/wp-content\/uploads\/2018\/06\/Maria_Fernanda-thegem-person-160.jpg 1x, https:\/\/www.descubreparis.com\/wp-content\/uploads\/2018\/06\/Maria_Fernanda-thegem-person.jpg 2x\" sizes=\"100vw\" \/> <\/div> <\/div> <\/div> <div class=\"quickfinder-item-info-wrapper\"> <svg class=\"qf-svg-arrow-left\" viewBox=\"0 0 50 100\"> <use xlink:href=\"https:\/\/www.descubreparis.com\/wp-content\/themes\/thegem\/css\/post-arrow.svg#dec-post-arrow\"><\/use> <\/svg> <div class=\"connector-top\" style=\"border-color: #b6c6c9; left: -81.5px;\"> <\/div> <div class=\"connector-bot\" style=\"border-color: #b6c6c9; left: -81.5px;\"> <\/div> <div class=\"quickfinder-item-info \" > <div style=\"display: block; min-height: 250px;\"> <div class=\"quickfinder-item-title\" style=\"color: #ed6e50;\">Mar\u00eda Fernanda, Colombia<\/div> <div class=\"quickfinder-item-text\" style=\"color: #575756 ;\">\"For the other cities of Europe we visited, I had to organize the itinerary and define the places to visit. It didn\u2019t really go bad for me, but if I had someone to do it for me, I definitely would have preferred it. This saves you a lot of time and you don\u2019t have to worry about the activities of every day.\u201d<\/div> <\/div> <\/div> <\/div> <\/div> <\/div>[\/vc_column][\/vc_row]<\/p>\n<\/div>","protected":false},"excerpt":{"rendered":"<p>[vc_row][vc_column][\/vc_column][\/vc_row][vc_row][vc_column width=&#8221;1\/2&#8243;][vc_column_text] How it went for our travellers [\/vc_column_text][vc_empty_space][vc_column_text]We have learned so much through our customers\u2019 comments, we\u2019re sure they will also be useful to you! Here are a few&#8230;<\/p>\n","protected":false},"author":1,"featured_media":0,"parent":0,"menu_order":0,"comment_status":"closed","ping_status":"closed","template":"","meta":{"footnotes":""},"class_list":["post-4431","page","type-page","status-publish"],"yoast_head":"<!-- This site is optimized with the Yoast SEO plugin v25.9 - https:\/\/yoast.com\/wordpress\/plugins\/seo\/ -->\n<title>What they say about us - DescubreParis.com<\/title>\n<meta name=\"description\" content=\"We have learned so much through our customers\u2019 comments, we\u2019re sure they will also be useful to you! Here are a few opinions and comments from our users.\" \/>\n<meta name=\"robots\" content=\"index, follow, max-snippet:-1, max-image-preview:large, max-video-preview:-1\" \/>\n<link rel=\"canonical\" href=\"https:\/\/www.descubreparis.com\/en\/what-they-say-about-us\/\" \/>\n<meta property=\"og:locale\" content=\"en_US\" \/>\n<meta property=\"og:type\" content=\"article\" \/>\n<meta property=\"og:title\" content=\"What they say about us - DescubreParis.com\" \/>\n<meta property=\"og:description\" content=\"We have learned so much through our customers\u2019 comments, we\u2019re sure they will also be useful to you! Here are a few opinions and comments from our users.\" \/>\n<meta property=\"og:url\" content=\"https:\/\/www.descubreparis.com\/en\/what-they-say-about-us\/\" \/>\n<meta property=\"og:site_name\" content=\"DescubreParis.com\" \/>\n<meta property=\"article:modified_time\" content=\"2020-11-23T10:36:51+00:00\" \/>\n<meta name=\"twitter:card\" content=\"summary_large_image\" \/>\n<meta name=\"twitter:label1\" content=\"Est. reading time\" \/>\n\t<meta name=\"twitter:data1\" content=\"1 minute\" \/>\n<script type=\"application\/ld+json\" class=\"yoast-schema-graph\">{\"@context\":\"https:\/\/schema.org\",\"@graph\":[{\"@type\":\"WebPage\",\"@id\":\"https:\/\/www.descubreparis.com\/en\/what-they-say-about-us\/\",\"url\":\"https:\/\/www.descubreparis.com\/en\/what-they-say-about-us\/\",\"name\":\"What they say about us - DescubreParis.com\",\"isPartOf\":{\"@id\":\"https:\/\/www.descubreparis.com\/#website\"},\"datePublished\":\"2020-11-23T10:36:48+00:00\",\"dateModified\":\"2020-11-23T10:36:51+00:00\",\"description\":\"We have learned so much through our customers\u2019 comments, we\u2019re sure they will also be useful to you! Here are a few opinions and comments from our users.\",\"breadcrumb\":{\"@id\":\"https:\/\/www.descubreparis.com\/en\/what-they-say-about-us\/#breadcrumb\"},\"inLanguage\":\"en-US\",\"potentialAction\":[{\"@type\":\"ReadAction\",\"target\":[\"https:\/\/www.descubreparis.com\/en\/what-they-say-about-us\/\"]}]},{\"@type\":\"BreadcrumbList\",\"@id\":\"https:\/\/www.descubreparis.com\/en\/what-they-say-about-us\/#breadcrumb\",\"itemListElement\":[{\"@type\":\"ListItem\",\"position\":1,\"name\":\"Home\",\"item\":\"https:\/\/www.descubreparis.com\/en\/\"},{\"@type\":\"ListItem\",\"position\":2,\"name\":\"What they say about us\"}]},{\"@type\":\"WebSite\",\"@id\":\"https:\/\/www.descubreparis.com\/#website\",\"url\":\"https:\/\/www.descubreparis.com\/\",\"name\":\"DescubreParis.com\",\"description\":\"DescubreParis.com Gu\u00edas pr\u00e1cticas, circuitos paso a paso y gu\u00edas personalizadas para disfrutar y descubrir Paris de manera serena y libre\",\"publisher\":{\"@id\":\"https:\/\/www.descubreparis.com\/#organization\"},\"potentialAction\":[{\"@type\":\"SearchAction\",\"target\":{\"@type\":\"EntryPoint\",\"urlTemplate\":\"https:\/\/www.descubreparis.com\/?s={search_term_string}\"},\"query-input\":{\"@type\":\"PropertyValueSpecification\",\"valueRequired\":true,\"valueName\":\"search_term_string\"}}],\"inLanguage\":\"en-US\"},{\"@type\":\"Organization\",\"@id\":\"https:\/\/www.descubreparis.com\/#organization\",\"name\":\"DescubrePar\u00eds.com\",\"url\":\"https:\/\/www.descubreparis.com\/\",\"logo\":{\"@type\":\"ImageObject\",\"inLanguage\":\"en-US\",\"@id\":\"https:\/\/www.descubreparis.com\/#\/schema\/logo\/image\/\",\"url\":\"https:\/\/www.descubreparis.com\/wp-content\/uploads\/2018\/06\/WEB_DPcom_LOGOTIPO_ancho132px-1.png\",\"contentUrl\":\"https:\/\/www.descubreparis.com\/wp-content\/uploads\/2018\/06\/WEB_DPcom_LOGOTIPO_ancho132px-1.png\",\"width\":132,\"height\":129,\"caption\":\"DescubrePar\u00eds.com\"},\"image\":{\"@id\":\"https:\/\/www.descubreparis.com\/#\/schema\/logo\/image\/\"}}]}<\/script>\n<!-- \/ Yoast SEO plugin. -->","yoast_head_json":{"title":"What they say about us - DescubreParis.com","description":"We have learned so much through our customers\u2019 comments, we\u2019re sure they will also be useful to you! Here are a few opinions and comments from our users.","robots":{"index":"index","follow":"follow","max-snippet":"max-snippet:-1","max-image-preview":"max-image-preview:large","max-video-preview":"max-video-preview:-1"},"canonical":"https:\/\/www.descubreparis.com\/en\/what-they-say-about-us\/","og_locale":"en_US","og_type":"article","og_title":"What they say about us - DescubreParis.com","og_description":"We have learned so much through our customers\u2019 comments, we\u2019re sure they will also be useful to you! Here are a few opinions and comments from our users.","og_url":"https:\/\/www.descubreparis.com\/en\/what-they-say-about-us\/","og_site_name":"DescubreParis.com","article_modified_time":"2020-11-23T10:36:51+00:00","twitter_card":"summary_large_image","twitter_misc":{"Est. reading time":"1 minute"},"schema":{"@context":"https:\/\/schema.org","@graph":[{"@type":"WebPage","@id":"https:\/\/www.descubreparis.com\/en\/what-they-say-about-us\/","url":"https:\/\/www.descubreparis.com\/en\/what-they-say-about-us\/","name":"What they say about us - DescubreParis.com","isPartOf":{"@id":"https:\/\/www.descubreparis.com\/#website"},"datePublished":"2020-11-23T10:36:48+00:00","dateModified":"2020-11-23T10:36:51+00:00","description":"We have learned so much through our customers\u2019 comments, we\u2019re sure they will also be useful to you! Here are a few opinions and comments from our users.","breadcrumb":{"@id":"https:\/\/www.descubreparis.com\/en\/what-they-say-about-us\/#breadcrumb"},"inLanguage":"en-US","potentialAction":[{"@type":"ReadAction","target":["https:\/\/www.descubreparis.com\/en\/what-they-say-about-us\/"]}]},{"@type":"BreadcrumbList","@id":"https:\/\/www.descubreparis.com\/en\/what-they-say-about-us\/#breadcrumb","itemListElement":[{"@type":"ListItem","position":1,"name":"Home","item":"https:\/\/www.descubreparis.com\/en\/"},{"@type":"ListItem","position":2,"name":"What they say about us"}]},{"@type":"WebSite","@id":"https:\/\/www.descubreparis.com\/#website","url":"https:\/\/www.descubreparis.com\/","name":"DescubreParis.com","description":"DescubreParis.com Gu\u00edas pr\u00e1cticas, circuitos paso a paso y gu\u00edas personalizadas para disfrutar y descubrir Paris de manera serena y libre","publisher":{"@id":"https:\/\/www.descubreparis.com\/#organization"},"potentialAction":[{"@type":"SearchAction","target":{"@type":"EntryPoint","urlTemplate":"https:\/\/www.descubreparis.com\/?s={search_term_string}"},"query-input":{"@type":"PropertyValueSpecification","valueRequired":true,"valueName":"search_term_string"}}],"inLanguage":"en-US"},{"@type":"Organization","@id":"https:\/\/www.descubreparis.com\/#organization","name":"DescubrePar\u00eds.com","url":"https:\/\/www.descubreparis.com\/","logo":{"@type":"ImageObject","inLanguage":"en-US","@id":"https:\/\/www.descubreparis.com\/#\/schema\/logo\/image\/","url":"https:\/\/www.descubreparis.com\/wp-content\/uploads\/2018\/06\/WEB_DPcom_LOGOTIPO_ancho132px-1.png","contentUrl":"https:\/\/www.descubreparis.com\/wp-content\/uploads\/2018\/06\/WEB_DPcom_LOGOTIPO_ancho132px-1.png","width":132,"height":129,"caption":"DescubrePar\u00eds.com"},"image":{"@id":"https:\/\/www.descubreparis.com\/#\/schema\/logo\/image\/"}}]}},"_links":{"self":[{"href":"https:\/\/www.descubreparis.com\/en\/wp-json\/wp\/v2\/pages\/4431","targetHints":{"allow":["GET"]}}],"collection":[{"href":"https:\/\/www.descubreparis.com\/en\/wp-json\/wp\/v2\/pages"}],"about":[{"href":"https:\/\/www.descubreparis.com\/en\/wp-json\/wp\/v2\/types\/page"}],"author":[{"embeddable":true,"href":"https:\/\/www.descubreparis.com\/en\/wp-json\/wp\/v2\/users\/1"}],"replies":[{"embeddable":true,"href":"https:\/\/www.descubreparis.com\/en\/wp-json\/wp\/v2\/comments?post=4431"}],"version-history":[{"count":0,"href":"https:\/\/www.descubreparis.com\/en\/wp-json\/wp\/v2\/pages\/4431\/revisions"}],"wp:attachment":[{"href":"https:\/\/www.descubreparis.com\/en\/wp-json\/wp\/v2\/media?parent=4431"}],"curies":[{"name":"wp","href":"https:\/\/api.w.org\/{rel}","templated":true}]}}