











{"id":4417,"date":"2020-11-20T08:55:47","date_gmt":"2020-11-20T13:55:47","guid":{"rendered":"https:\/\/www.descubreparis.com\/what-to-see-and-visit\/"},"modified":"2020-11-20T08:55:52","modified_gmt":"2020-11-20T13:55:52","slug":"what-to-see-and-visit","status":"publish","type":"page","link":"https:\/\/www.descubreparis.com\/en\/what-to-see-and-visit\/","title":{"rendered":"What to see and visit"},"content":{"rendered":"<div class=\"wpb-content-wrapper\"><p>[vc_row][vc_column][vc_column_text]What do I want to see in Paris? Such a difficult and easy question at the same time. There is so much to see in Paris that one could come one and a thousand times more and in each trip discover something new, or see things with different eyes.<br \/>\nFor a first visit, you need about 3 full days to visit the city (actually 3 nights) and an additional day if you wish to visit the Palace of Versailles. Anything additional is always a gain. This does not mean that if you only have one day to visit Paris you should just abandon your plans, on the contrary, any chance to visit this amazing city should be taken and we\u2019ll tell you how to get the most out of it here (see our <a class=\"link-line\" href=\"https:\/\/www.descubreparis.com\/en\/detailed-travel-guides\/\">Detailed Travel Guides<\/a>).<\/p>\n<p>&nbsp;<\/p>\n<div class=\"styled-subtitle\">First trip to Paris: The \u201cMUSTS\u201d of the city<\/div>\n<p>[\/vc_column_text][\/vc_column][\/vc_row][vc_row][vc_column][vc_tta_accordion style=&#8221;simple_solid&#8221; color=&#8221;grey&#8221; active_section=&#8221;1&#8243;][vc_tta_section title=&#8221;THE EIFFEL TOWER&#8221; tab_id=&#8221;1530614259008-d65abe48-cb04&#8243;][vc_row_inner][vc_column_inner width=&#8221;1\/2&#8243;]<div class=\"gem-list gem-list-type-square gem-list-color-9\" ><p>The Eiffel Tower is the symbol of Paris. The most photographed monument in the whole world, and it was built in 1889 by Gustave Eiffel for the Exposition Universelle that took place that year. It is 320 meters high, composed of 15 thousand metallic pieces welded to each other, with a total weight of seven thousand tons.<\/p>\n<p>Simply looking at it is incredible, but if you wish to have your breath taken away, go see the Tower at night. Don\u2019t miss out !<\/p>\n<p>If you wish to go up the Tower (2020 prices):<\/p>\n<ul>\n<li>By foot: Access up to the second floor. Only sold at the counter. Price: 10.40\u20ac for adults, children 5.20\u20ac, 2.6\u20ac or free (depending on their age)<\/li>\n<li>Elevator to the second floor: 16.60\u20ac<\/li>\n<li>Elevator to the second floor and the top: 25,90\u20ac<\/li>\n<li>Plan your visit to the Eiffel Tower ahead of time and try to purchase your tickets online directly on their official website.<\/li>\n<li>Para tener en cuenta: el acceso a la torre es restringido (por su capacidad) y tambi\u00e9n puede variar en funci\u00f3n de las condiciones climatol\u00f3gicas.<\/li>\n<\/ul>\n<p>&nbsp;<\/p>\n<p>All the details and how and when to visit this beautiful monument can be found on our our <a class=\"link-line\" href=\"https:\/\/www.descubreparis.com\/en\/detailed-travel-guides\/\">Detailed Travel Guides<\/a> and our <a class=\"link-line\" href=\"https:\/\/www.descubreparis.com\/en\/2020\/11\/13\/everything-you-need-to-know-to-visit-the-eiffel-tower\/\">blog<\/a>.<\/p>\n<\/div>[\/vc_column_inner][vc_column_inner width=&#8221;1\/2&#8243;][vc_single_image image=&#8221;3514&#8243; img_size=&#8221;full&#8221; alignment=&#8221;center&#8221;][\/vc_column_inner][\/vc_row_inner][\/vc_tta_section][vc_tta_section title=&#8221;THE CHAMPS ELYSEES AND THE ARC OF TRIUMPH&#8221; tab_id=&#8221;1530621912216-53a5df6f-64d1&#8243;][vc_row_inner][vc_column_inner width=&#8221;1\/2&#8243;]<div class=\"gem-list gem-list-type-square gem-list-color-9\" ><p>The world\u2019s most beautiful avenue offers a promenade that is worth enjoying. Take a stroll down this avenue and let your curiosity take you into the different shops, show rooms and French caf\u00e9s.<\/p>\n<p>At the end the Champs Elysees awaits the world\u2019s biggest arc. Measuring 50 meters high and 45 meters wide (you can imagine the proportions already\u2026but it\u2019s best you see it with your own eyes), it was built upon Napoleon I\u2019s request to celebrate the Grande Arm\u00e9e (the multinational Napoleonic army) and was finished in 1836.<\/p>\n<p>If you wish to go up to the top of the arc you will have to make line, which you will find when descending into the tunnel that leads to the arc, pay, and be willing to go up around 300 stairs, otherwise simply walk past the line and take the stairs that will take you to the Arc for free.<\/p>\n<p>All the details on how and when to visit this incredibly monument can be found on our<a class=\"link-line\" href=\"https:\/\/www.descubreparis.com\/en\/detailed-travel-guides\/\">Detailed Guides<\/a> and on our <a class=\"link-line\" href=\"https:\/\/www.descubreparis.com\/2019\/05\/26\/4-cosas-que-debes-saber-para-descubrir-el-arco-del-triunfo\/\">blog<\/a>.<\/p>\n<\/div>[\/vc_column_inner][vc_column_inner width=&#8221;1\/2&#8243;][vc_single_image image=&#8221;3625&#8243; img_size=&#8221;full&#8221; alignment=&#8221;center&#8221;][\/vc_column_inner][\/vc_row_inner][\/vc_tta_section][vc_tta_section title=&#8221;PONT ALEXANDRE III&#8221; tab_id=&#8221;1530622035165-a8a8360f-8d2d&#8221;][vc_row_inner][vc_column_inner width=&#8221;1\/2&#8243;][vc_column_text]This lavish bridge is found between the Grand and Petit Palais (next to the Champs Elysees) and the building and dome of Les Invalides.<\/p>\n<p>The bridge was built in 1900 to celebrate the Franco Russian friendship and is worth taking a walk down. Take many pictures, enjoy the view on both sides and imagine walking down it back in 1900. On the right hand side of the bridge (with your back to les Invalides) is the Sim\u00f3n Bolivar statue, a Liberator in South America, who was very close to France.<\/p>\n<p>All the details on how and when to visit this beautiful monument can be found on our <a class=\"link-line\" href=\"https:\/\/www.descubreparis.com\/en\/detailed-travel-guides\/\">Detailed Guides<\/a> and on our <a class=\"link-line\" href=\"https:\/\/www.descubreparis.com\/en\/blog\/\">blog<\/a>.[\/vc_column_text][\/vc_column_inner][vc_column_inner width=&#8221;1\/2&#8243;][vc_single_image image=&#8221;3515&#8243; img_size=&#8221;full&#8221; alignment=&#8221;center&#8221;][\/vc_column_inner][\/vc_row_inner][\/vc_tta_section][vc_tta_section title=&#8221;THE NOTRE DAME DE PARIS CATHEDRAL&#8221; tab_id=&#8221;1530622215980-3c0d0cbf-a005&#8243;][vc_row_inner][vc_column_inner width=&#8221;1\/2&#8243;][vc_column_text]Located on the Island of the City (\u00cele de la Cit\u00e9 in French) where Paris was born, this majestic construction is a must when visiting the City of Lights.<br \/>\n<span lang=\"ES\">After the fire from April 2019<\/span>, it is not possible to get inside, but you can you can appreciate it from the outside, from Pont des C\u0153urs, Pont de l\u2019Arch\u00eavech\u00e9, from the banks of the Seine or in the main square.<\/p>\n<p>The fire initiated in the scaffoldings put in place for the reconstruction of the giant arrow, which was devoured by the flames, as well as the roof. Fortunately, the impressive intervention by the fire department allowed for much of the infrastructure to be saved, as well as many treasures and relics that were evacuated from the building. The quality assurance of the structure and removal of debris process continue up till this day. Being able to access the inside of this architectural jewel will take at least 5 years.<\/p>\n<p>Even so, from afar, take a few moments to admire this magnificent structure that inspired so many writers and movies. It\u2019s construction began in 1163 and was finished around 1345. More informations in our <a class=\"link-line\" href=\"https:\/\/www.descubreparis.com\/en\/detailed-travel-guides\/\">Detailed Guides<\/a>and our <a class=\"link-line\" href=\"https:\/\/www.descubreparis.com\/en\/blog\/\">blog<\/a>.[\/vc_column_text][\/vc_column_inner][vc_column_inner width=&#8221;1\/2&#8243;][vc_single_image image=&#8221;3516&#8243; img_size=&#8221;full&#8221; alignment=&#8221;center&#8221;][\/vc_column_inner][\/vc_row_inner][\/vc_tta_section][vc_tta_section title=&#8221;THE SACRED HEART OF JESUS AND MONTMARTRE BASILIC (SACR\u00c9 C\u0152UR)&#8221; tab_id=&#8221;1530622500311-6fabc9a6-4e70&#8243;][vc_row_inner][vc_column_inner width=&#8221;1\/2&#8243;][vc_column_text] This Basilic is located on the highest part of the Mount of the Martyr.  It is a permanent place of prayer and worship; it is a huge structure that was a promise or offering from the Parisian after the war with Prussia (Germany) in 1870.<\/p>\n<p>Entry is free but photos are not allowed. Once you exit the Basilic, a colorful and interesting neighborhood awaits. This is a charming little corner of Paris.<\/p>\n<p>ATTENTION: When you begin your ascent to Montmartre, men will try to offer you bracelets, they may even grab your hand and try to force them onto your wrist. Be firm and say \u201cNo, thank you\u201d and keep going your way. They are not dangerous or bad people, but they have a tendency to try and force tourists into buying these bracelets.<\/p>\n<p>All the details on how and when to visit this beautiful monument can be found on our <a class=\"link-line\" href=\"https:\/\/www.descubreparis.com\/en\/detailed-travel-guides\/\">Detailed Guides<\/a> and on our <a class=\"link-line\" href=\"https:\/\/www.descubreparis.com\/en\/blog\/\">blog<\/a>.[\/vc_column_text][\/vc_column_inner][vc_column_inner width=&#8221;1\/2&#8243;][vc_single_image image=&#8221;3517&#8243; img_size=&#8221;full&#8221; alignment=&#8221;center&#8221;][\/vc_column_inner][\/vc_row_inner][\/vc_tta_section][vc_tta_section title=&#8221;THE LOUVRE MUSEUM&#8221; tab_id=&#8221;1530622633855-570cef35-3e6f&#8221;][vc_row_inner][vc_column_inner width=&#8221;1\/2&#8243;][vc_column_text]The world\u2019s largest museum! You will find the works of Delacroix, Da Vinci and many others here. Although there are always large crowds waiting to go in, this ancient palace is worth a visit.<\/p>\n<p>First suggestion: try and select afternoon hours for your visit. If you go very early, you will more than likely be making line for around 2 hours due to the security check points.<br \/>\nSecond suggestion: Choose what you want to see ahead of time and prepare yourself psychologically to walk a lot inside this ancient royal abode. Consider visiting the museum during it\u2019s night hours (until 9:45 p.m.) every Wednesday and Friday.<\/p>\n<p>The ticket price is 17\u20ac. Beware the fake tickets controllers.<\/p>\n<p>All the details on how and when to visit this beautiful monument can be found on our <a class=\"link-line\" href=\"https:\/\/www.descubreparis.com\/en\/detailed-travel-guides\/\">Detailed Guides<\/a> and on our <a class=\"link-line\" href=\"https:\/\/www.descubreparis.com\/en\/blog\/\">blog<\/a>.[\/vc_column_text][\/vc_column_inner][vc_column_inner width=&#8221;1\/2&#8243;][vc_single_image image=&#8221;3518&#8243; img_size=&#8221;full&#8221; alignment=&#8221;center&#8221;][\/vc_column_inner][\/vc_row_inner][\/vc_tta_section][vc_tta_section title=&#8221;THE ORSAY MUSEUM&#8221; tab_id=&#8221;1530622825315-7974b5ea-bb8e&#8221;][vc_row_inner][vc_column_inner width=&#8221;1\/2&#8243;][vc_column_text]Sincerely, for DiscoveringParis.com, this is the most beautiful museum in Paris. A train station-turned-home for some of the most representative art works by Impressionists. It hosts works by Monet, Renoir, Van Gogh, C\u00e9zanne, amongst many others.<\/p>\n<p>It is a much smaller museum compared to the Louvre, but it can get very full as well. The entry fee is 12\u20ac.<br \/>\nTry and visit it during it\u2019s night hours on Thursday (if you can) or buy your tickets online and skip the line.<br \/>\nTip: visit from the top down.<\/p>\n<p>All the details on how and when to visit this beautiful monument can be found on our <a class=\"link-line\" href=\"https:\/\/www.descubreparis.com\/en\/detailed-travel-guides\/\">Detailed Guides<\/a> and on our <a class=\"link-line\" href=\"https:\/\/www.descubreparis.com\/en\/2020\/11\/14\/visiting-guide-for-the-musee-dorsay-in-paris\/\">blog<\/a>.[\/vc_column_text][\/vc_column_inner][vc_column_inner width=&#8221;1\/2&#8243;][vc_single_image image=&#8221;3519&#8243; img_size=&#8221;full&#8221; alignment=&#8221;center&#8221;][\/vc_column_inner][\/vc_row_inner][\/vc_tta_section][vc_tta_section title=&#8221;THE PALACE OF VERSAILLES&#8221; tab_id=&#8221;1530622933820-ab104011-40db&#8221;][vc_row_inner][vc_column_inner width=&#8221;1\/2&#8243;][vc_column_text]Located in the city of Versailles, 30 minutes west from Paris. A lot of history and beauty are hidden in this marvelous place, well worth a visit. Coming here implies having a full day open, especially, if the weather permits, so you can visit the gardens and the Estate of Trianon.<\/p>\n<p>To get to the palace, you will need to take RER C headed towards Ch\u00e2teau de Versailles (not Versailles Chantiers, be careful). You will need to buy a special train ticket, as your Parisian metro ticket \u201ct+\u201d cannot be used for this.<\/p>\n<p>Tip: To avoid long lines and a slightly \u201ctumultuous\u201d visit, we suggest you visit the gardens first, in the morning.<\/p>\n<p>All the details on how and when to visit this beautiful monument can be found on our <a class=\"link-line\" href=\"https:\/\/www.descubreparis.com\/en\/detailed-travel-guides\/\">Detailed Guides<\/a> and on our <a class=\"link-line\" href=\"https:\/\/www.descubreparis.com\/2019\/05\/22\/lo-que-debes-saber-para-visitar-el-castillo-de-versalles\/\">blog<\/a>.[\/vc_column_text][\/vc_column_inner][vc_column_inner width=&#8221;1\/2&#8243;][vc_single_image image=&#8221;3520&#8243; img_size=&#8221;full&#8221; alignment=&#8221;center&#8221;][\/vc_column_inner][\/vc_row_inner][\/vc_tta_section][vc_tta_section title=&#8221;MUCH MORE TO SEE&#8221; tab_id=&#8221;1530614259058-3dcd9513-054c&#8221;][vc_row_inner][vc_column_inner width=&#8221;1\/2&#8243;]<div class=\"gem-list gem-list-type-square gem-list-color-9\" ><p>Up next we give you a slightly more extensive list of things you can do and see in Paris. Ever one of these visits and themes will be further developed on our <a class=\"link-line\" href=\"https:\/\/www.descubreparis.com\/en\/blog\/\">blog<\/a>, and many of them are included in our<a class=\"link-line\" href=\"https:\/\/www.descubreparis.com\/en\/detailed-travel-guides\/\">Detailed Guides<\/a>.<\/p>\n<ul>\n<li>River tour on a Bateaux Mouche<\/li>\n<li>Walk across the Pont des Arts (known as the Bridge of Love Locks before) and the River Seine<\/li>\n<li>Visit the <a href=\"https:\/\/www.descubreparis.com\/2019\/01\/08\/la-sainte-chapelle-5-cosas-que-debes-saber-para-visitar-esta-joya-escondida-en-el-palacio-de-justicia-de-paris-2\/\">Saint Chapelle<\/a><\/li>\n<li>Relax at the Luxembourg Gardens<\/li>\n<li>Visit the <a href=\"https:\/\/www.descubreparis.com\/en\/2020\/11\/14\/five-things-to-discover-about-the-opera-garnier\/\">Opera Garnier<\/a><\/li>\n<li>Walk around and eat in the Marais<\/li>\n<li>Eat a <a href=\"https:\/\/www.descubreparis.com\/2020\/01\/23\/las-mejores-creperias-de-paris\/\">good \u201cgalette\u201d and a good cr\u00eape<\/a><\/li>\n<li>Visit at least one Parisian Department Store<\/li>\n<li>Walk around <a href=\"https:\/\/www.descubreparis.com\/2019\/05\/18\/cuatro-cosas-a-descubrir-sobre-la-place-vendome-de-paris\/\">Place Vend\u00f4me<\/a><\/li>\n<li>Visit the <a href=\"https:\/\/www.descubreparis.com\/2019\/06\/02\/descubriendo-las-esculturas-y-el-arte-del-museo-rodin-en-paris\/\">Rodin Museum<\/a><\/li>\n<li>Visit La Madeleine and the renown Rue Faubourg Saint-Honor\u00e9<\/li>\n<li>Go up to the Panoramic Observatory of Montparnasse<\/li>\n<li>Visit the <a href=\"https:\/\/www.descubreparis.com\/2019\/09\/22\/5-cosas-que-debes-saber-sobre-el-panteon-de-paris\/\">Pantheon<\/a><\/li>\n<li>Walk and eat at Rue Mouffetard<\/li>\n<li>Visit the P\u00e8re Lachaise cemetery<\/li>\n<li>Visit Les Invalides and Napoleon I\u2019s grave<\/li>\n<li>Relax at the Parc Montsouris<\/li>\n<li>Eat around the Canal Saint-Martin<\/li>\n<li>Visit the Place de la R\u00e9publique<\/li>\n<li>Visit the Arc of La D\u00e9fense<\/li>\n<li>Visit the <a href=\"https:\/\/www.descubreparis.com\/2019\/09\/01\/petit-palais\/\">Petit Palais<\/a><\/li>\n<li>Check out an exhibition at the Grand Palais<\/li>\n<li>Venture into the Catacombs of Paris<\/li>\n<li>Go to a Parisian cabaret show<\/li>\n<\/ul>\n<\/div>[\/vc_column_inner][vc_column_inner width=&#8221;1\/2&#8243;][vc_single_image image=&#8221;1463&#8243; img_size=&#8221;full&#8221; alignment=&#8221;center&#8221;][\/vc_column_inner][\/vc_row_inner][\/vc_tta_section][\/vc_tta_accordion][\/vc_column][\/vc_row]<\/p>\n<\/div>","protected":false},"excerpt":{"rendered":"<p>[vc_row][vc_column][vc_column_text]What do I want to see in Paris? Such a difficult and easy question at the same time. There is so much to see in Paris that one could come&#8230;<\/p>\n","protected":false},"author":1,"featured_media":0,"parent":0,"menu_order":0,"comment_status":"closed","ping_status":"closed","template":"","meta":{"footnotes":""},"class_list":["post-4417","page","type-page","status-publish"],"yoast_head":"<!-- This site is optimized with the Yoast SEO plugin v25.9 - https:\/\/yoast.com\/wordpress\/plugins\/seo\/ -->\n<title>What to see and visit - DescubreParis.com<\/title>\n<meta name=\"description\" content=\"We help you with some ideas in case you are wondering what to see in Paris. Without a doubt, the city has a lot to offer.\" \/>\n<meta name=\"robots\" content=\"index, follow, max-snippet:-1, max-image-preview:large, max-video-preview:-1\" \/>\n<link rel=\"canonical\" href=\"https:\/\/www.descubreparis.com\/en\/what-to-see-and-visit\/\" \/>\n<meta property=\"og:locale\" content=\"en_US\" \/>\n<meta property=\"og:type\" content=\"article\" \/>\n<meta property=\"og:title\" content=\"What to see and visit - DescubreParis.com\" \/>\n<meta property=\"og:description\" content=\"We help you with some ideas in case you are wondering what to see in Paris. Without a doubt, the city has a lot to offer.\" \/>\n<meta property=\"og:url\" content=\"https:\/\/www.descubreparis.com\/en\/what-to-see-and-visit\/\" \/>\n<meta property=\"og:site_name\" content=\"DescubreParis.com\" \/>\n<meta property=\"article:modified_time\" content=\"2020-11-20T13:55:52+00:00\" \/>\n<meta name=\"twitter:card\" content=\"summary_large_image\" \/>\n<meta name=\"twitter:label1\" content=\"Est. reading time\" \/>\n\t<meta name=\"twitter:data1\" content=\"10 minutes\" \/>\n<script type=\"application\/ld+json\" class=\"yoast-schema-graph\">{\"@context\":\"https:\/\/schema.org\",\"@graph\":[{\"@type\":\"WebPage\",\"@id\":\"https:\/\/www.descubreparis.com\/en\/what-to-see-and-visit\/\",\"url\":\"https:\/\/www.descubreparis.com\/en\/what-to-see-and-visit\/\",\"name\":\"What to see and visit - DescubreParis.com\",\"isPartOf\":{\"@id\":\"https:\/\/www.descubreparis.com\/#website\"},\"datePublished\":\"2020-11-20T13:55:47+00:00\",\"dateModified\":\"2020-11-20T13:55:52+00:00\",\"description\":\"We help you with some ideas in case you are wondering what to see in Paris. Without a doubt, the city has a lot to offer.\",\"breadcrumb\":{\"@id\":\"https:\/\/www.descubreparis.com\/en\/what-to-see-and-visit\/#breadcrumb\"},\"inLanguage\":\"en-US\",\"potentialAction\":[{\"@type\":\"ReadAction\",\"target\":[\"https:\/\/www.descubreparis.com\/en\/what-to-see-and-visit\/\"]}]},{\"@type\":\"BreadcrumbList\",\"@id\":\"https:\/\/www.descubreparis.com\/en\/what-to-see-and-visit\/#breadcrumb\",\"itemListElement\":[{\"@type\":\"ListItem\",\"position\":1,\"name\":\"Home\",\"item\":\"https:\/\/www.descubreparis.com\/en\/\"},{\"@type\":\"ListItem\",\"position\":2,\"name\":\"What to see and visit\"}]},{\"@type\":\"WebSite\",\"@id\":\"https:\/\/www.descubreparis.com\/#website\",\"url\":\"https:\/\/www.descubreparis.com\/\",\"name\":\"DescubreParis.com\",\"description\":\"DescubreParis.com Gu\u00edas pr\u00e1cticas, circuitos paso a paso y gu\u00edas personalizadas para disfrutar y descubrir Paris de manera serena y libre\",\"publisher\":{\"@id\":\"https:\/\/www.descubreparis.com\/#organization\"},\"potentialAction\":[{\"@type\":\"SearchAction\",\"target\":{\"@type\":\"EntryPoint\",\"urlTemplate\":\"https:\/\/www.descubreparis.com\/?s={search_term_string}\"},\"query-input\":{\"@type\":\"PropertyValueSpecification\",\"valueRequired\":true,\"valueName\":\"search_term_string\"}}],\"inLanguage\":\"en-US\"},{\"@type\":\"Organization\",\"@id\":\"https:\/\/www.descubreparis.com\/#organization\",\"name\":\"DescubrePar\u00eds.com\",\"url\":\"https:\/\/www.descubreparis.com\/\",\"logo\":{\"@type\":\"ImageObject\",\"inLanguage\":\"en-US\",\"@id\":\"https:\/\/www.descubreparis.com\/#\/schema\/logo\/image\/\",\"url\":\"https:\/\/www.descubreparis.com\/wp-content\/uploads\/2018\/06\/WEB_DPcom_LOGOTIPO_ancho132px-1.png\",\"contentUrl\":\"https:\/\/www.descubreparis.com\/wp-content\/uploads\/2018\/06\/WEB_DPcom_LOGOTIPO_ancho132px-1.png\",\"width\":132,\"height\":129,\"caption\":\"DescubrePar\u00eds.com\"},\"image\":{\"@id\":\"https:\/\/www.descubreparis.com\/#\/schema\/logo\/image\/\"}}]}<\/script>\n<!-- \/ Yoast SEO plugin. -->","yoast_head_json":{"title":"What to see and visit - DescubreParis.com","description":"We help you with some ideas in case you are wondering what to see in Paris. Without a doubt, the city has a lot to offer.","robots":{"index":"index","follow":"follow","max-snippet":"max-snippet:-1","max-image-preview":"max-image-preview:large","max-video-preview":"max-video-preview:-1"},"canonical":"https:\/\/www.descubreparis.com\/en\/what-to-see-and-visit\/","og_locale":"en_US","og_type":"article","og_title":"What to see and visit - DescubreParis.com","og_description":"We help you with some ideas in case you are wondering what to see in Paris. Without a doubt, the city has a lot to offer.","og_url":"https:\/\/www.descubreparis.com\/en\/what-to-see-and-visit\/","og_site_name":"DescubreParis.com","article_modified_time":"2020-11-20T13:55:52+00:00","twitter_card":"summary_large_image","twitter_misc":{"Est. reading time":"10 minutes"},"schema":{"@context":"https:\/\/schema.org","@graph":[{"@type":"WebPage","@id":"https:\/\/www.descubreparis.com\/en\/what-to-see-and-visit\/","url":"https:\/\/www.descubreparis.com\/en\/what-to-see-and-visit\/","name":"What to see and visit - DescubreParis.com","isPartOf":{"@id":"https:\/\/www.descubreparis.com\/#website"},"datePublished":"2020-11-20T13:55:47+00:00","dateModified":"2020-11-20T13:55:52+00:00","description":"We help you with some ideas in case you are wondering what to see in Paris. Without a doubt, the city has a lot to offer.","breadcrumb":{"@id":"https:\/\/www.descubreparis.com\/en\/what-to-see-and-visit\/#breadcrumb"},"inLanguage":"en-US","potentialAction":[{"@type":"ReadAction","target":["https:\/\/www.descubreparis.com\/en\/what-to-see-and-visit\/"]}]},{"@type":"BreadcrumbList","@id":"https:\/\/www.descubreparis.com\/en\/what-to-see-and-visit\/#breadcrumb","itemListElement":[{"@type":"ListItem","position":1,"name":"Home","item":"https:\/\/www.descubreparis.com\/en\/"},{"@type":"ListItem","position":2,"name":"What to see and visit"}]},{"@type":"WebSite","@id":"https:\/\/www.descubreparis.com\/#website","url":"https:\/\/www.descubreparis.com\/","name":"DescubreParis.com","description":"DescubreParis.com Gu\u00edas pr\u00e1cticas, circuitos paso a paso y gu\u00edas personalizadas para disfrutar y descubrir Paris de manera serena y libre","publisher":{"@id":"https:\/\/www.descubreparis.com\/#organization"},"potentialAction":[{"@type":"SearchAction","target":{"@type":"EntryPoint","urlTemplate":"https:\/\/www.descubreparis.com\/?s={search_term_string}"},"query-input":{"@type":"PropertyValueSpecification","valueRequired":true,"valueName":"search_term_string"}}],"inLanguage":"en-US"},{"@type":"Organization","@id":"https:\/\/www.descubreparis.com\/#organization","name":"DescubrePar\u00eds.com","url":"https:\/\/www.descubreparis.com\/","logo":{"@type":"ImageObject","inLanguage":"en-US","@id":"https:\/\/www.descubreparis.com\/#\/schema\/logo\/image\/","url":"https:\/\/www.descubreparis.com\/wp-content\/uploads\/2018\/06\/WEB_DPcom_LOGOTIPO_ancho132px-1.png","contentUrl":"https:\/\/www.descubreparis.com\/wp-content\/uploads\/2018\/06\/WEB_DPcom_LOGOTIPO_ancho132px-1.png","width":132,"height":129,"caption":"DescubrePar\u00eds.com"},"image":{"@id":"https:\/\/www.descubreparis.com\/#\/schema\/logo\/image\/"}}]}},"_links":{"self":[{"href":"https:\/\/www.descubreparis.com\/en\/wp-json\/wp\/v2\/pages\/4417","targetHints":{"allow":["GET"]}}],"collection":[{"href":"https:\/\/www.descubreparis.com\/en\/wp-json\/wp\/v2\/pages"}],"about":[{"href":"https:\/\/www.descubreparis.com\/en\/wp-json\/wp\/v2\/types\/page"}],"author":[{"embeddable":true,"href":"https:\/\/www.descubreparis.com\/en\/wp-json\/wp\/v2\/users\/1"}],"replies":[{"embeddable":true,"href":"https:\/\/www.descubreparis.com\/en\/wp-json\/wp\/v2\/comments?post=4417"}],"version-history":[{"count":0,"href":"https:\/\/www.descubreparis.com\/en\/wp-json\/wp\/v2\/pages\/4417\/revisions"}],"wp:attachment":[{"href":"https:\/\/www.descubreparis.com\/en\/wp-json\/wp\/v2\/media?parent=4417"}],"curies":[{"name":"wp","href":"https:\/\/api.w.org\/{rel}","templated":true}]}}