











{"id":4400,"date":"2020-11-20T06:34:32","date_gmt":"2020-11-20T11:34:32","guid":{"rendered":"https:\/\/www.descubreparis.com\/tips-and-precautions\/"},"modified":"2020-11-20T06:34:36","modified_gmt":"2020-11-20T11:34:36","slug":"tips-and-precautions","status":"publish","type":"page","link":"https:\/\/www.descubreparis.com\/en\/tips-and-precautions\/","title":{"rendered":"Tips and precautions"},"content":{"rendered":"<div class=\"wpb-content-wrapper\"><p>[vc_row][vc_column][vc_tta_accordion style=&#8221;simple_solid&#8221; color=&#8221;grey&#8221; active_section=&#8221;1&#8243;][vc_tta_section title=&#8221;TO CUT COSTS&#8221; tab_id=&#8221;1530532052447-fdec2d6a-faa4&#8243;][vc_row_inner][vc_column_inner width=&#8221;2\/3&#8243;]<div class=\"gem-list gem-list-type-square gem-list-color-9\" ><ul>\n<li>Bakeries and restaurants propose what is known as a \u201cformule\u201d, a preset menu, which normally includes a plate, a drink, and a dessert for a good price. Sometimes this is more economic than choosing each item separately and you\u2019ll be able to try many French delicacies.<\/li>\n<li>At restaurants, ask for tap water; yes, if you\u2019d like to cut back a little on drinks, you can ask for a bottle of tap water or \u201ccarafe d\u2019eau\u201d, as tap water is free in France and potable.<\/li>\n<li>You can also eat at a park. You can buy a sandwich or a salad at a bakery and go eat it at a park or green zone authorized for this purpose. It is quite nice! However, be mindful of your personal belongings.<\/li>\n<li>There are many \u201ctourist trap\u201d restaurants that offer traditional French cuisine and good prices, however the quality is not the best. Keep an eye out for which area they are located in and who\u2019s dining there.<\/li>\n<\/ul>\n<\/div>[\/vc_column_inner][vc_column_inner width=&#8221;1\/3&#8243;][vc_single_image image=&#8221;3510&#8243; img_size=&#8221;full&#8221; alignment=&#8221;center&#8221;][\/vc_column_inner][\/vc_row_inner][\/vc_tta_section][vc_tta_section title=&#8221;SAFETY: THEFT AND ROUSES&#8221; tab_id=&#8221;1530532052474-c54251c0-c37b&#8221;][vc_row_inner][vc_column_inner width=&#8221;2\/3&#8243;]<div class=\"gem-list gem-list-type-square gem-list-color-9\" ><p>Like in any big city, pick-pockets and thieves in Paris are very much present.  Take care of your personal belongings, but do feel at ease to use your phone or use an atm when needed.<\/p>\n<p>Up next, we\u2019ll explain the biggest difficulties tourists face.<br \/>\nSafety issues in Paris can be grouped into two categories: robberies and Terror attacks.<\/p>\n<p>Paris is a relatively safe city, especially compared to certain cities in Latin America, for example. Not to say that nothing ever happens, however many situations can be avoided.<\/p>\n<p>The main forms of theft are pick-pockets and cons\/rouses. Pick-pockets are EVERYWHERE and you don\u2019t notice them, they are very good at what they do, although some are audacious. They are on busses, in the subway, and sometimes even inside museums and palaces, so keep your eyes peeled and do not leave your bags open or unattended, keep your phone put away in a safe place, and if you decide to carry it in a pocket make sure there is a zipper or button on it, never leave your personal belongings anywhere even when taking pictures.<\/p>\n<p>The best way to avoid any theft scenario is to simply not give the thief the opportunity.<\/p>\n<p>You should also avoid carrying around large amounts of cash, Asian tourists tend to be common targets because they travel around with large sums of cash on them. Even if you don\u2019t have much cash on you, be discrete and keep your card pin to yourself.<\/p>\n<p>The other type are rouses: there are always people that try to take advantage or certain situations in witty ways. Here are a few examples you may encounter:<\/p>\n<ul>\n<li>Boys and girls asking people to sign a form to \u201csupport disabled people\u201d. These young people act as if they don\u2019t understand anything, while you sign (and give them personal details) they will ask you to donate some money and, at that same time, the rest of their group are trying to steal from you without you taking notice. They work in networks. So simply do not accept anything, don\u2019t sign anything and, politely but firmly, say NO and continue on your way.<\/li>\n<li>Street Con artists: You may notice large groups of people pretending to be tourists, gambling large sums of money to incite others to participate. Do not be fooled by this scam. Even if you see large bills being passed around and think there are others actively participating, do not engage in this activity! These are professional groups that play until they catch someone and bring them into the game, at this time they will disappear taking the money and disperse for a while before regrouping to catch someone new.<\/li>\n<li>Metro ticket scams: Sometimes you\u2019ll run into people that will try and \u201chelp\u201d you purchase a Paris Visite ticket (valid for several days), you pay, and they purchase is it for you however, when the time comes for them to give you the ticket, they\u2019ll behanding you a single-ride ticket or an invalid ticket, while they walk away with the ticket valid for several days, which can be worth anywhere between 16-32\u20ac or more and will be able to re-sell to someone else as it has just been purchased and is unused. To avoid this, remember what we mentioned in the Moving Around Paris section, the ticket vending machines of the RATP in Paris can be used in several different languages, including English, are easy to use and, if they are not working, you should always head over to the counter where an official employee of the RATP (dark green uniform and with their credentials on them) will be able to address your doubts and help you.<\/li>\n<\/ul>\n<\/div>[\/vc_column_inner][vc_column_inner width=&#8221;1\/3&#8243;][vc_single_image image=&#8221;3511&#8243; img_size=&#8221;full&#8221; alignment=&#8221;center&#8221;][\/vc_column_inner][\/vc_row_inner][\/vc_tta_section][vc_tta_section title=&#8221;SAFETY: ABOUT TERROR ATTACKS AND THREATS&#8221; tab_id=&#8221;1530532524222-501fdd1c-7d57&#8243;][vc_row_inner][vc_column_inner width=&#8221;2\/3&#8243;]<div class=\"gem-list gem-list-type-square gem-list-color-9\" ><p>Parisians lives were severely affected by the terror attacks the city has suffered since 2015. Unfortunately, these are unpredictable events (at least for a traveler) and that can happen in any city in the world.<\/p>\n<p>The safety of the city was considerably reinforced and measures were taken through an alert known as the \u201cVigipirate Plan\u201d which seeks to prevent, surveil and protect citizens. This makes certain control points much stricter on certain objects carried around, security control points have much longer lines and you will see a heavy police and military presence in certain areas.<\/p>\n<p>The recommendations we can suggest in this scenario are the same given by the Police department: if you witness any suspicious activity or anything that may put yours, and others, safety at risk please do not hesitate to reach out to the proper authorities.<\/p>\n<p>However, avoiding certain large events may seem logical given the circumstances. The recommendations we can suggest in this scenario are the same given by the Police department: if you witness any suspicious activity or anything that may put yours, and others, safety at risk please do not hesitate to reach out to the proper authorities.<\/p>\n<p>Lastly, follow your instincts. If you feel something is off or does not seem normal, leave. It may simply be a drunk making a scene, but it is best to avoid problematic situations, remember that you are visiting and avoiding complications when possible is your best option.<\/p>\n<\/div>[\/vc_column_inner][vc_column_inner width=&#8221;1\/3&#8243;][vc_single_image image=&#8221;3512&#8243; img_size=&#8221;full&#8221; alignment=&#8221;center&#8221;][\/vc_column_inner][\/vc_row_inner][\/vc_tta_section][vc_tta_section title=&#8221;DO NOT FORGET&#8221; tab_id=&#8221;1530532664932-1bfdfd08-0bed&#8221;][vc_row_inner][vc_column_inner width=&#8221;1\/2&#8243;]<div class=\"gem-list gem-list-type-square gem-list-color-9\" ><ul>\n<li>Make sure your credit or debit card is enabled for use in Europe, in some cases you\u2019ll need to call your bank before your trip to inform them where you\u2019ll be as they may block your card for security reasons if they detect activity in a foreign country. Don\u2019t forget to ask what the exchange rate and cost of your transactions abroad will be.<\/li>\n<\/ul>\n<\/div><div class=\"gem-list gem-list-type-square gem-list-color-9\" ><ul>\n<li>Do not forget to bring an adapter for plugs, as plugs in Europe are not the same as those used in the United States. Head over to <a class=\"link-line\" href=\"https:\/\/www.descubreparis.com\/en\/before-the-trip\/\">Before the Trip<\/a><\/li>\n<\/ul>\n<\/div><div class=\"gem-list gem-list-type-square gem-list-color-9\" ><ul>\n<li>ATTENTION: careful with the maximum voltage of your electronic devices, the Americas use 110v to120v in power while most of Europe, Asia and Africa are between 220v and 240v. Be careful with the devices you bring and check to see if you\u2019ll need a converter or not, to avoid any accidents or scares.<\/li>\n<\/ul>\n<\/div>[\/vc_column_inner][vc_column_inner width=&#8221;1\/2&#8243;][vc_single_image image=&#8221;3513&#8243; img_size=&#8221;full&#8221; alignment=&#8221;center&#8221;][\/vc_column_inner][\/vc_row_inner][\/vc_tta_section][\/vc_tta_accordion][\/vc_column][\/vc_row]<\/p>\n<\/div>","protected":false},"excerpt":{"rendered":"<p>[vc_row][vc_column][vc_tta_accordion style=&#8221;simple_solid&#8221; color=&#8221;grey&#8221; active_section=&#8221;1&#8243;][vc_tta_section title=&#8221;TO CUT COSTS&#8221; tab_id=&#8221;1530532052447-fdec2d6a-faa4&#8243;][vc_row_inner][vc_column_inner width=&#8221;2\/3&#8243;][\/vc_column_inner][vc_column_inner width=&#8221;1\/3&#8243;][vc_single_image image=&#8221;3510&#8243; img_size=&#8221;full&#8221; alignment=&#8221;center&#8221;][\/vc_column_inner][\/vc_row_inner][\/vc_tta_section][vc_tta_section title=&#8221;SAFETY: THEFT AND ROUSES&#8221; tab_id=&#8221;1530532052474-c54251c0-c37b&#8221;][vc_row_inner][vc_column_inner width=&#8221;2\/3&#8243;][\/vc_column_inner][vc_column_inner width=&#8221;1\/3&#8243;][vc_single_image image=&#8221;3511&#8243; img_size=&#8221;full&#8221; alignment=&#8221;center&#8221;][\/vc_column_inner][\/vc_row_inner][\/vc_tta_section][vc_tta_section title=&#8221;SAFETY: ABOUT TERROR ATTACKS AND THREATS&#8221; tab_id=&#8221;1530532524222-501fdd1c-7d57&#8243;][vc_row_inner][vc_column_inner&#8230;<\/p>\n","protected":false},"author":1,"featured_media":0,"parent":0,"menu_order":0,"comment_status":"closed","ping_status":"closed","template":"","meta":{"footnotes":""},"class_list":["post-4400","page","type-page","status-publish"],"yoast_head":"<!-- This site is optimized with the Yoast SEO plugin v25.9 - https:\/\/yoast.com\/wordpress\/plugins\/seo\/ -->\n<title>Tips and precautions - DescubreParis.com<\/title>\n<meta name=\"description\" content=\"This page contains safety advices, precautions and tips for a good stay in Paris and other practical information.\" \/>\n<meta name=\"robots\" content=\"index, follow, max-snippet:-1, max-image-preview:large, max-video-preview:-1\" \/>\n<link rel=\"canonical\" href=\"https:\/\/www.descubreparis.com\/en\/tips-and-precautions\/\" \/>\n<meta property=\"og:locale\" content=\"en_US\" \/>\n<meta property=\"og:type\" content=\"article\" \/>\n<meta property=\"og:title\" content=\"Tips and precautions - DescubreParis.com\" \/>\n<meta property=\"og:description\" content=\"This page contains safety advices, precautions and tips for a good stay in Paris and other practical information.\" \/>\n<meta property=\"og:url\" content=\"https:\/\/www.descubreparis.com\/en\/tips-and-precautions\/\" \/>\n<meta property=\"og:site_name\" content=\"DescubreParis.com\" \/>\n<meta property=\"article:modified_time\" content=\"2020-11-20T11:34:36+00:00\" \/>\n<meta name=\"twitter:card\" content=\"summary_large_image\" \/>\n<meta name=\"twitter:label1\" content=\"Est. reading time\" \/>\n\t<meta name=\"twitter:data1\" content=\"7 minutes\" \/>\n<script type=\"application\/ld+json\" class=\"yoast-schema-graph\">{\"@context\":\"https:\/\/schema.org\",\"@graph\":[{\"@type\":\"WebPage\",\"@id\":\"https:\/\/www.descubreparis.com\/en\/tips-and-precautions\/\",\"url\":\"https:\/\/www.descubreparis.com\/en\/tips-and-precautions\/\",\"name\":\"Tips and precautions - DescubreParis.com\",\"isPartOf\":{\"@id\":\"https:\/\/www.descubreparis.com\/#website\"},\"datePublished\":\"2020-11-20T11:34:32+00:00\",\"dateModified\":\"2020-11-20T11:34:36+00:00\",\"description\":\"This page contains safety advices, precautions and tips for a good stay in Paris and other practical information.\",\"breadcrumb\":{\"@id\":\"https:\/\/www.descubreparis.com\/en\/tips-and-precautions\/#breadcrumb\"},\"inLanguage\":\"en-US\",\"potentialAction\":[{\"@type\":\"ReadAction\",\"target\":[\"https:\/\/www.descubreparis.com\/en\/tips-and-precautions\/\"]}]},{\"@type\":\"BreadcrumbList\",\"@id\":\"https:\/\/www.descubreparis.com\/en\/tips-and-precautions\/#breadcrumb\",\"itemListElement\":[{\"@type\":\"ListItem\",\"position\":1,\"name\":\"Home\",\"item\":\"https:\/\/www.descubreparis.com\/en\/\"},{\"@type\":\"ListItem\",\"position\":2,\"name\":\"Tips and precautions\"}]},{\"@type\":\"WebSite\",\"@id\":\"https:\/\/www.descubreparis.com\/#website\",\"url\":\"https:\/\/www.descubreparis.com\/\",\"name\":\"DescubreParis.com\",\"description\":\"DescubreParis.com Gu\u00edas pr\u00e1cticas, circuitos paso a paso y gu\u00edas personalizadas para disfrutar y descubrir Paris de manera serena y libre\",\"publisher\":{\"@id\":\"https:\/\/www.descubreparis.com\/#organization\"},\"potentialAction\":[{\"@type\":\"SearchAction\",\"target\":{\"@type\":\"EntryPoint\",\"urlTemplate\":\"https:\/\/www.descubreparis.com\/?s={search_term_string}\"},\"query-input\":{\"@type\":\"PropertyValueSpecification\",\"valueRequired\":true,\"valueName\":\"search_term_string\"}}],\"inLanguage\":\"en-US\"},{\"@type\":\"Organization\",\"@id\":\"https:\/\/www.descubreparis.com\/#organization\",\"name\":\"DescubrePar\u00eds.com\",\"url\":\"https:\/\/www.descubreparis.com\/\",\"logo\":{\"@type\":\"ImageObject\",\"inLanguage\":\"en-US\",\"@id\":\"https:\/\/www.descubreparis.com\/#\/schema\/logo\/image\/\",\"url\":\"https:\/\/www.descubreparis.com\/wp-content\/uploads\/2018\/06\/WEB_DPcom_LOGOTIPO_ancho132px-1.png\",\"contentUrl\":\"https:\/\/www.descubreparis.com\/wp-content\/uploads\/2018\/06\/WEB_DPcom_LOGOTIPO_ancho132px-1.png\",\"width\":132,\"height\":129,\"caption\":\"DescubrePar\u00eds.com\"},\"image\":{\"@id\":\"https:\/\/www.descubreparis.com\/#\/schema\/logo\/image\/\"}}]}<\/script>\n<!-- \/ Yoast SEO plugin. -->","yoast_head_json":{"title":"Tips and precautions - DescubreParis.com","description":"This page contains safety advices, precautions and tips for a good stay in Paris and other practical information.","robots":{"index":"index","follow":"follow","max-snippet":"max-snippet:-1","max-image-preview":"max-image-preview:large","max-video-preview":"max-video-preview:-1"},"canonical":"https:\/\/www.descubreparis.com\/en\/tips-and-precautions\/","og_locale":"en_US","og_type":"article","og_title":"Tips and precautions - DescubreParis.com","og_description":"This page contains safety advices, precautions and tips for a good stay in Paris and other practical information.","og_url":"https:\/\/www.descubreparis.com\/en\/tips-and-precautions\/","og_site_name":"DescubreParis.com","article_modified_time":"2020-11-20T11:34:36+00:00","twitter_card":"summary_large_image","twitter_misc":{"Est. reading time":"7 minutes"},"schema":{"@context":"https:\/\/schema.org","@graph":[{"@type":"WebPage","@id":"https:\/\/www.descubreparis.com\/en\/tips-and-precautions\/","url":"https:\/\/www.descubreparis.com\/en\/tips-and-precautions\/","name":"Tips and precautions - DescubreParis.com","isPartOf":{"@id":"https:\/\/www.descubreparis.com\/#website"},"datePublished":"2020-11-20T11:34:32+00:00","dateModified":"2020-11-20T11:34:36+00:00","description":"This page contains safety advices, precautions and tips for a good stay in Paris and other practical information.","breadcrumb":{"@id":"https:\/\/www.descubreparis.com\/en\/tips-and-precautions\/#breadcrumb"},"inLanguage":"en-US","potentialAction":[{"@type":"ReadAction","target":["https:\/\/www.descubreparis.com\/en\/tips-and-precautions\/"]}]},{"@type":"BreadcrumbList","@id":"https:\/\/www.descubreparis.com\/en\/tips-and-precautions\/#breadcrumb","itemListElement":[{"@type":"ListItem","position":1,"name":"Home","item":"https:\/\/www.descubreparis.com\/en\/"},{"@type":"ListItem","position":2,"name":"Tips and precautions"}]},{"@type":"WebSite","@id":"https:\/\/www.descubreparis.com\/#website","url":"https:\/\/www.descubreparis.com\/","name":"DescubreParis.com","description":"DescubreParis.com Gu\u00edas pr\u00e1cticas, circuitos paso a paso y gu\u00edas personalizadas para disfrutar y descubrir Paris de manera serena y libre","publisher":{"@id":"https:\/\/www.descubreparis.com\/#organization"},"potentialAction":[{"@type":"SearchAction","target":{"@type":"EntryPoint","urlTemplate":"https:\/\/www.descubreparis.com\/?s={search_term_string}"},"query-input":{"@type":"PropertyValueSpecification","valueRequired":true,"valueName":"search_term_string"}}],"inLanguage":"en-US"},{"@type":"Organization","@id":"https:\/\/www.descubreparis.com\/#organization","name":"DescubrePar\u00eds.com","url":"https:\/\/www.descubreparis.com\/","logo":{"@type":"ImageObject","inLanguage":"en-US","@id":"https:\/\/www.descubreparis.com\/#\/schema\/logo\/image\/","url":"https:\/\/www.descubreparis.com\/wp-content\/uploads\/2018\/06\/WEB_DPcom_LOGOTIPO_ancho132px-1.png","contentUrl":"https:\/\/www.descubreparis.com\/wp-content\/uploads\/2018\/06\/WEB_DPcom_LOGOTIPO_ancho132px-1.png","width":132,"height":129,"caption":"DescubrePar\u00eds.com"},"image":{"@id":"https:\/\/www.descubreparis.com\/#\/schema\/logo\/image\/"}}]}},"_links":{"self":[{"href":"https:\/\/www.descubreparis.com\/en\/wp-json\/wp\/v2\/pages\/4400","targetHints":{"allow":["GET"]}}],"collection":[{"href":"https:\/\/www.descubreparis.com\/en\/wp-json\/wp\/v2\/pages"}],"about":[{"href":"https:\/\/www.descubreparis.com\/en\/wp-json\/wp\/v2\/types\/page"}],"author":[{"embeddable":true,"href":"https:\/\/www.descubreparis.com\/en\/wp-json\/wp\/v2\/users\/1"}],"replies":[{"embeddable":true,"href":"https:\/\/www.descubreparis.com\/en\/wp-json\/wp\/v2\/comments?post=4400"}],"version-history":[{"count":0,"href":"https:\/\/www.descubreparis.com\/en\/wp-json\/wp\/v2\/pages\/4400\/revisions"}],"wp:attachment":[{"href":"https:\/\/www.descubreparis.com\/en\/wp-json\/wp\/v2\/media?parent=4400"}],"curies":[{"name":"wp","href":"https:\/\/api.w.org\/{rel}","templated":true}]}}