











{"id":4371,"date":"2020-11-18T12:05:40","date_gmt":"2020-11-18T17:05:40","guid":{"rendered":"https:\/\/www.descubreparis.com\/choosing-your-accomodations\/"},"modified":"2020-11-19T04:47:27","modified_gmt":"2020-11-19T09:47:27","slug":"choosing-your-accomodations","status":"publish","type":"page","link":"https:\/\/www.descubreparis.com\/en\/choosing-your-accomodations\/","title":{"rendered":"Choosing your Accommodations"},"content":{"rendered":"<div class=\"wpb-content-wrapper\"><p>[vc_row][vc_column][vc_column_text]Paris offers a wide range of accommodations options. There is something to fit every taste and budget, but of course one must know what to choose according to their priorities. In this section we\u2019ve tried to assemble some of the criteria you may like to consider when choosing where to sleep in the City of Light.<\/p>\n<p>There are many factors that come into play when calculation the price of a room in Paris: the location (a hotel in a residential zone will not be equally priced as hotel close to the Arc of Triumph), the dates (price can vary between a Monday and a Saturday), and the type of accommodations (luxury, hostel, 2 or 3 stars, AirBnB, B&amp;B, amongst others.)[\/vc_column_text][\/vc_column][\/vc_row][vc_row][vc_column][vc_tta_accordion style=&#8221;simple_solid&#8221; color=&#8221;grey&#8221; active_section=&#8221;1&#8243;][vc_tta_section title=&#8221;LOCATION: AREAS THAT ARE NOT RECOMMENDED &#8221; tab_id=&#8221;1530524677274-ea12f074-52f1&#8243;][vc_row_inner][vc_column_inner width=&#8221;2\/3&#8243;]<div class=\"gem-list gem-list-type-square gem-list-color-9\" ><p>As we mentioned in the section: <a class=\"link-line\" href=\"https:\/\/www.descubreparis.com\/en\/practical-information\/\">Practical Information<\/a>, the city is organized by \u201cArrondissements\u201d or distrcits. There are some districts that are more calm than others, as well as some more expensive than others; what you must keep in mind is that Paris is a city that is mostly safe, however, there are certain areas in which we do not recommend for tourists to make hotel reservations, as economic as they may be.<\/p>\n<p>The only zones we suggest avoiding are:<\/p>\n<ul>\n<li>Boulevard Strasbourg, specially around Strasbourg-Saint Denis and Ch\u00e2teau d\u2019Eau and the Porte de Saint Denis. Mostly because there is some prostitution and a very agitated environment on the streets. Metro stop: Ch\u00e2teau d\u2019Eau.<\/li>\n<li>The areas surrounding Gare du Nord and Gare de l\u2019Est. These are train stations and have an agitated environment around them.<\/li>\n<li>The Batignolles area in the 17th arrondissement (which is not far from the 18th arrondissement).<\/li>\n<li>One area within the 18th arrondissement: The area between the highway, Boulevard Ornano Rue de Clignancourt, Boulevard de la Chapelle, and Rue d\u2019Aubervilliers, is best to avoid. The environment is a bit harsh and, although you may not have anything happen to you there isn\u2019t much to see here. Metro stations: Barb\u00e9s-Rochechouart, Ch\u00e2teau Rouge, Marcadet-Poissoniers, Simplon, Porte de Clignancourt, Porte de la Chapelle, Marx Dormoy, La Chapelle.<\/li>\n<li>The 19th arrondissement which is contiguous with the 18th (Avenue de Flandre and Aubervilliers).<\/li>\n<li>The 20th arrondissement, except for the area in which the P\u00e8re Lachaise Cemetery is located.<\/li>\n<li>The Seine-Saint-Dennis area (North of Paris), which is a suburb right outside the city.<\/li>\n<li>ATTENTION: This does not mean they are NO-GO-ZONES, meaning highly dangerous areas in which you shouldn\u2019t even think about going through, not at all. These are simply areas with special environments that can be a bit harsh for some, and in which you\u2019ll need to be more careful and aware; as well as the fact that there is not much to see for tourists.<\/li>\n<\/ul>\n<\/div>[\/vc_column_inner][vc_column_inner width=&#8221;1\/3&#8243;][vc_single_image image=&#8221;3609&#8243; img_size=&#8221;full&#8221; alignment=&#8221;center&#8221;][\/vc_column_inner][\/vc_row_inner][\/vc_tta_section][vc_tta_section title=&#8221;LOCATION: ACCESS TO TRANSPORTATION&#8221; tab_id=&#8221;1530524677306-76fc9d03-0323&#8243;][vc_row_inner][vc_column_inner width=&#8221;2\/3&#8243;]<div class=\"gem-list gem-list-type-square gem-list-color-9\" ><p>When choosing where you\u2019ll be staying there is a huge added value to having one or several metro lines close by, to facilitate moving around Paris, as well as connecting easily back to an airport or train station.<br \/>\nFor your knowledge, the main touristic lines are:<\/p>\n<ul>\n<li>Line 6: this line goes from the south of the city towards the southwest area of Paris (this is the line that takes you to the Eiffel Tower and the Arc of Triumph).<\/li>\n<li>Line 1: this line goes across Paris from Northeast to Southeast (it passes by the Arc of Triumph, The Louvre, Bastille, and the Gare de Lyon.)<\/li>\n<li>Line 12: which takes you to the Place de la Concorde and to Montmartre.<\/li>\n<li>RER C: which goes across Paris, following almost the same trajectory as the Seine River, and stops in almost all the most touristic spots in Paris: The Eiffel Tower, Mus\u00e9e d\u2019Orsay, Invalides, Saint-Michel Notre Dame, Gare Austerlitz, as well as the Versailles Palace.<\/li>\n<\/ul>\n<p>&nbsp;<\/p>\n<p>REMEMBER: If you have the address for the hotel, Airbnb, or any accommodations you may be looking at; check out the area in Google Maps and see what metro stops are close by, the walking distance to them, and how far it is from the monuments that interest you the most, so that you may have an idea of the travel time between them.<br \/>\nAlways look at the comment section of the hotel or apartment, these are valuable; read both the good and bad comments, not everything is perfect but at least you\u2019ll have all the information you need to make an informed decision.<\/p>\n<\/div>[\/vc_column_inner][vc_column_inner width=&#8221;1\/3&#8243;][vc_single_image image=&#8221;3605&#8243; img_size=&#8221;full&#8221; alignment=&#8221;center&#8221;][\/vc_column_inner][\/vc_row_inner][\/vc_tta_section][vc_tta_section title=&#8221;TYPE OF ACCOMMODATIONS&#8221; tab_id=&#8221;1530525916955-fc40c7c5-9a4d&#8221;][vc_row_inner][vc_column_inner width=&#8221;2\/3&#8243;]<div class=\"gem-list gem-list-type-square gem-list-color-9\" ><p>One of the deciding factors is the travel budget. Given that this is a very delicate and subjective topic, we propose the following general information so that you may decide for yourself what works best for you according to your expectations and spending capacity. Please do keep in mind the areas we suggest avoiding in Paris.<\/p>\n<ul>\n<li><strong>Luxury Hotels and \u201cPalaces\u201d:<\/strong><br \/>\n5 stars hotels that make you dream, in Paris there is an ample offer of 5 star hotels and \u201cPalaces\u201d. Palaces are hotels ranked above the 5-star range, providing an inequitable service, especially due to the fact that they are required to have an SPA, a polyglot team, a concierge service, and they must go through a strict selection process. In Paris there are only 9 such places. Their prices vary, from 700\u20ac a night, per person, up to 13,000\u20ac.<\/li>\n<li><strong>Medium-range priced hotels:<\/strong><br \/>\n3-star hotels offer a slightly higher comfort level than 2-star hotels, they are perhaps a bit more expensive but this is due to the added comfort. Do take a look at the comments guests leave on websites such as TripAdvisor, or Booking.com and help yourself by using price-comparing tools such as Trivago to have a better idea of the different offers available.<\/li>\n<li><strong>Low-budget hotels:<\/strong><br \/>\n\u201cLow-budget\u201d hotels are usually ranked as 1 or 2-star hotels, they offer basic services, and some of them are located close to train stations (Gares). To choose between these hotels, we strongly suggest using online tools such as Trivago.com, which will show you ALL the options available, with their prices, and more importantly, their ranking and guest comments. Take the time to read through this information, compare it, and then make an informed decision. This will avoid any unwanted surprises. Prices are usually anywhere between 65\u20ac-75\u20ac.<\/li>\n<li><strong>Hostels:<\/strong><br \/>\nIf the above options remain a little expensive for you, consider a youth hostel (although age isn\u2019t really a factor) also known simply as Hostels. They offer rooms usually between 18\u20ac\u201330\u20ac, and are dedicated to people that enjoy a laid-back environment, simple and convivial, and that don\u2019t have a problem sharing a bedroom and bathroom with other guests. It is important to undersand that the quality of a hostel is defined by the people that frequent it; so make sure to keep an eye out for this and remember that the cheapest offer isn\u2019t always theb best one, and for a couple more euros you could find something better. Some hostels offer bedrooms with a private bathroom.<\/li>\n<li><strong>Other hotels:<\/strong><br \/>\nIn the hospitality industry you can find a wide range of accommodations offers. As we suggested earlier, thanks to the Internet, you can investigate yourself and navigate through these options to have a more concrete idea of the offer available and what works according to your budget, as well as checking the comments left by other guests. Keep in mind that the average size of a hotel room in Paris is smaller than in most other places, despite the prices, the spaces offered within the city are relatively reduced.<\/li>\n<\/ul>\n<p>&nbsp;<\/p>\n<p><strong>IMPORTANT:<\/strong><br \/>\n-Make a reservation in advance<br \/>\n-A good website to look up different hostels is: Hostelworld.com<br \/>\n-If you are going to share a room, don\u2019t forget the simple rules and good manners for coexistence.<\/p>\n<\/div>[\/vc_column_inner][vc_column_inner width=&#8221;1\/3&#8243;][vc_single_image image=&#8221;3608&#8243; img_size=&#8221;full&#8221; alignment=&#8221;center&#8221;][\/vc_column_inner][\/vc_row_inner][\/vc_tta_section][vc_tta_section title=&#8221;ALTERNATIVE ACCOMMODATIONS &#8221; tab_id=&#8221;1530526252721-f5a350e4-771d&#8221;][vc_row_inner][vc_column_inner width=&#8221;2\/3&#8243;]<div class=\"gem-list gem-list-type-square gem-list-color-9\" ><p>There are a variety of alternatives you can recur to according to your needs and preferences. Price-wise, they aren\u2019t necessarily the cheapest option, but they do offer a certain level of comfort and a different environment than a traditional hotel.<\/p>\n<ul>\n<li><strong>Bed&amp;Breakfast (B&amp;B) and Chambre d\u2019H\u00f4tes<\/strong>: These are establishments offered by people who have decided to open their homes to receive travelers. It is not the same as an Airbnb because, contrary to the latter, they are certified by the State to be able to receive guests in their homes, and are even awarded (when merited) quality certificates such as \u201cH\u00f4tes Qualit\u00e9 Paris\u201d and \u201cAuthentic B&amp;B\u201d. Be mindful to the fact that if you choose a Chambre d\u2019H\u00f4tes you will be living at a local\u2019s house for a few days, so the social norms for a convivial coexistence are well in order throughout the day. You may also have to share a bathroom with the home owner(s).<\/li>\n<li><strong>Airbnb<\/strong>: One of the latest trends in the hospitality industry has been imposed by the company Airbnb (Airbnb.com). This trend is that of renting out privately owned spaces to travelers. This is an online platform that basically facilitates the \u201cdialogue and exchange\u201d between a person that has an apartment available and someone who is looking to stay there for a few days. You must create an account, register, and basically look up and choose the offer that is most convenient to you. It can be much less expensive than a hotel, and many are very comfortable. These options are good when travelling as a family (3 or 4 people). Price-wise, there is a bit of everything, this is defined by the quality of the apartment.<\/li>\n<\/ul>\n<p>&nbsp;<\/p>\n<p><strong>IMPORTANT<\/strong>: Don\u2019t forget to check comments left by previous guests, as they leave remarks on the quality of the service given, cleanliness, location, the similarity between what is offered and what was actually experienced, amongst other things. Do watch out for these, if there is something that doesn\u2019t really \u201cadd up\u201d keep looking for another option.  <\/p>\n<ul>\n<li><strong>Camping<\/strong>: If you are adventurous, love nature and are equipped for it (preparing all the logistics that go with this) you will be able to camp in the camping sites around Paris, such as the Camping du Bois de Boulogne-Indigo. Prices start at 26.70\u20ac for the space if you come in an RV, or 148\u20ac per night for a cabin that can host up to 6 people.<\/li>\n<\/ul>\n<\/div>[\/vc_column_inner][vc_column_inner width=&#8221;1\/3&#8243;][vc_single_image image=&#8221;3606&#8243; img_size=&#8221;full&#8221; alignment=&#8221;center&#8221;][\/vc_column_inner][\/vc_row_inner][\/vc_tta_section][vc_tta_section title=&#8221;STAYING IN THE SUBURBS OF PARIS&#8221; tab_id=&#8221;1530526738116-2c18df90-ad4f&#8221;][vc_row_inner][vc_column_inner width=&#8221;2\/3&#8243;]<div class=\"gem-list gem-list-type-square gem-list-color-9\" ><p>There are certain suburbs surrounding Paris that are very well connected to the city in terms of transportation (subway and commuter trains) that can be interesting options to look at cost-wise. However, we do suggest you take a look at those located nearest to Paris that are connected by the transportation system of the city. In other words, suburbs that are connected to the city through the subway such as Boulogne, Auteuil, Neuilly, Levallois, Issy-les-Moulineaux, Montrouge, etc. but always keeping an eye out for a connection with a subway line or busses. Attention, we say \u201cAND\u201d buses not \u201cOR\u201d busses, the priority should always be the metro and the busses a complement, simply for the reason that the subway is much faster, and the idea is to make the most of your time during the trip.<\/p>\n<\/div>[\/vc_column_inner][vc_column_inner width=&#8221;1\/3&#8243;][vc_single_image image=&#8221;3607&#8243; img_size=&#8221;full&#8221; alignment=&#8221;center&#8221;][\/vc_column_inner][\/vc_row_inner][\/vc_tta_section][vc_tta_section title=&#8221;TIPS AND PRECAUTIONS&#8221; tab_id=&#8221;1530526969315-2141d245-29cf&#8221;][vc_row_inner][vc_column_inner width=&#8221;1\/2&#8243;]<div class=\"gem-list gem-list-type-square gem-list-color-9\" ><ul>\n<li>Avoid hotels that don\u2019t have any type of rating (stars or quality certificates). Choose website that are recommended, not that seem scam-like and that give you all the necessary information.<\/li>\n<\/ul>\n<\/div>[\/vc_column_inner][vc_column_inner width=&#8221;1\/2&#8243;]<div class=\"gem-list gem-list-type-square gem-list-color-9\" ><ul>\n<li>Take a good look at the comments left by previous guests concerning the cleanliness, location, quality of service, tranquility, et . and evaluate what is most important to you.<\/li>\n<\/ul>\n<\/div>[\/vc_column_inner][\/vc_row_inner][\/vc_tta_section][\/vc_tta_accordion][\/vc_column][\/vc_row]<\/p>\n<\/div>","protected":false},"excerpt":{"rendered":"<p>[vc_row][vc_column][vc_column_text]Paris offers a wide range of accommodations options. There is something to fit every taste and budget, but of course one must know what to choose according to their priorities&#8230;.<\/p>\n","protected":false},"author":1,"featured_media":0,"parent":0,"menu_order":0,"comment_status":"closed","ping_status":"closed","template":"","meta":{"footnotes":""},"class_list":["post-4371","page","type-page","status-publish"],"yoast_head":"<!-- This site is optimized with the Yoast SEO plugin v25.9 - https:\/\/yoast.com\/wordpress\/plugins\/seo\/ -->\n<title>Choosing your Accommodations - DescubreParis.com<\/title>\n<meta name=\"description\" content=\"In this section we have put together some criteria to help you choose accommodations in Paris. This will depend on your preferences and budget.\" \/>\n<meta name=\"robots\" content=\"index, follow, max-snippet:-1, max-image-preview:large, max-video-preview:-1\" \/>\n<link rel=\"canonical\" href=\"https:\/\/www.descubreparis.com\/en\/choosing-your-accomodations\/\" \/>\n<meta property=\"og:locale\" content=\"en_US\" \/>\n<meta property=\"og:type\" content=\"article\" \/>\n<meta property=\"og:title\" content=\"Choosing your Accommodations - DescubreParis.com\" \/>\n<meta property=\"og:description\" content=\"In this section we have put together some criteria to help you choose accommodations in Paris. This will depend on your preferences and budget.\" \/>\n<meta property=\"og:url\" content=\"https:\/\/www.descubreparis.com\/en\/choosing-your-accomodations\/\" \/>\n<meta property=\"og:site_name\" content=\"DescubreParis.com\" \/>\n<meta property=\"article:modified_time\" content=\"2020-11-19T09:47:27+00:00\" \/>\n<meta name=\"twitter:card\" content=\"summary_large_image\" \/>\n<meta name=\"twitter:label1\" content=\"Est. reading time\" \/>\n\t<meta name=\"twitter:data1\" content=\"11 minutes\" \/>\n<script type=\"application\/ld+json\" class=\"yoast-schema-graph\">{\"@context\":\"https:\/\/schema.org\",\"@graph\":[{\"@type\":\"WebPage\",\"@id\":\"https:\/\/www.descubreparis.com\/en\/choosing-your-accomodations\/\",\"url\":\"https:\/\/www.descubreparis.com\/en\/choosing-your-accomodations\/\",\"name\":\"Choosing your Accommodations - DescubreParis.com\",\"isPartOf\":{\"@id\":\"https:\/\/www.descubreparis.com\/#website\"},\"datePublished\":\"2020-11-18T17:05:40+00:00\",\"dateModified\":\"2020-11-19T09:47:27+00:00\",\"description\":\"In this section we have put together some criteria to help you choose accommodations in Paris. This will depend on your preferences and budget.\",\"breadcrumb\":{\"@id\":\"https:\/\/www.descubreparis.com\/en\/choosing-your-accomodations\/#breadcrumb\"},\"inLanguage\":\"en-US\",\"potentialAction\":[{\"@type\":\"ReadAction\",\"target\":[\"https:\/\/www.descubreparis.com\/en\/choosing-your-accomodations\/\"]}]},{\"@type\":\"BreadcrumbList\",\"@id\":\"https:\/\/www.descubreparis.com\/en\/choosing-your-accomodations\/#breadcrumb\",\"itemListElement\":[{\"@type\":\"ListItem\",\"position\":1,\"name\":\"Home\",\"item\":\"https:\/\/www.descubreparis.com\/en\/\"},{\"@type\":\"ListItem\",\"position\":2,\"name\":\"Choosing your Accommodations\"}]},{\"@type\":\"WebSite\",\"@id\":\"https:\/\/www.descubreparis.com\/#website\",\"url\":\"https:\/\/www.descubreparis.com\/\",\"name\":\"DescubreParis.com\",\"description\":\"DescubreParis.com Gu\u00edas pr\u00e1cticas, circuitos paso a paso y gu\u00edas personalizadas para disfrutar y descubrir Paris de manera serena y libre\",\"publisher\":{\"@id\":\"https:\/\/www.descubreparis.com\/#organization\"},\"potentialAction\":[{\"@type\":\"SearchAction\",\"target\":{\"@type\":\"EntryPoint\",\"urlTemplate\":\"https:\/\/www.descubreparis.com\/?s={search_term_string}\"},\"query-input\":{\"@type\":\"PropertyValueSpecification\",\"valueRequired\":true,\"valueName\":\"search_term_string\"}}],\"inLanguage\":\"en-US\"},{\"@type\":\"Organization\",\"@id\":\"https:\/\/www.descubreparis.com\/#organization\",\"name\":\"DescubrePar\u00eds.com\",\"url\":\"https:\/\/www.descubreparis.com\/\",\"logo\":{\"@type\":\"ImageObject\",\"inLanguage\":\"en-US\",\"@id\":\"https:\/\/www.descubreparis.com\/#\/schema\/logo\/image\/\",\"url\":\"https:\/\/www.descubreparis.com\/wp-content\/uploads\/2018\/06\/WEB_DPcom_LOGOTIPO_ancho132px-1.png\",\"contentUrl\":\"https:\/\/www.descubreparis.com\/wp-content\/uploads\/2018\/06\/WEB_DPcom_LOGOTIPO_ancho132px-1.png\",\"width\":132,\"height\":129,\"caption\":\"DescubrePar\u00eds.com\"},\"image\":{\"@id\":\"https:\/\/www.descubreparis.com\/#\/schema\/logo\/image\/\"}}]}<\/script>\n<!-- \/ Yoast SEO plugin. -->","yoast_head_json":{"title":"Choosing your Accommodations - DescubreParis.com","description":"In this section we have put together some criteria to help you choose accommodations in Paris. This will depend on your preferences and budget.","robots":{"index":"index","follow":"follow","max-snippet":"max-snippet:-1","max-image-preview":"max-image-preview:large","max-video-preview":"max-video-preview:-1"},"canonical":"https:\/\/www.descubreparis.com\/en\/choosing-your-accomodations\/","og_locale":"en_US","og_type":"article","og_title":"Choosing your Accommodations - DescubreParis.com","og_description":"In this section we have put together some criteria to help you choose accommodations in Paris. This will depend on your preferences and budget.","og_url":"https:\/\/www.descubreparis.com\/en\/choosing-your-accomodations\/","og_site_name":"DescubreParis.com","article_modified_time":"2020-11-19T09:47:27+00:00","twitter_card":"summary_large_image","twitter_misc":{"Est. reading time":"11 minutes"},"schema":{"@context":"https:\/\/schema.org","@graph":[{"@type":"WebPage","@id":"https:\/\/www.descubreparis.com\/en\/choosing-your-accomodations\/","url":"https:\/\/www.descubreparis.com\/en\/choosing-your-accomodations\/","name":"Choosing your Accommodations - DescubreParis.com","isPartOf":{"@id":"https:\/\/www.descubreparis.com\/#website"},"datePublished":"2020-11-18T17:05:40+00:00","dateModified":"2020-11-19T09:47:27+00:00","description":"In this section we have put together some criteria to help you choose accommodations in Paris. This will depend on your preferences and budget.","breadcrumb":{"@id":"https:\/\/www.descubreparis.com\/en\/choosing-your-accomodations\/#breadcrumb"},"inLanguage":"en-US","potentialAction":[{"@type":"ReadAction","target":["https:\/\/www.descubreparis.com\/en\/choosing-your-accomodations\/"]}]},{"@type":"BreadcrumbList","@id":"https:\/\/www.descubreparis.com\/en\/choosing-your-accomodations\/#breadcrumb","itemListElement":[{"@type":"ListItem","position":1,"name":"Home","item":"https:\/\/www.descubreparis.com\/en\/"},{"@type":"ListItem","position":2,"name":"Choosing your Accommodations"}]},{"@type":"WebSite","@id":"https:\/\/www.descubreparis.com\/#website","url":"https:\/\/www.descubreparis.com\/","name":"DescubreParis.com","description":"DescubreParis.com Gu\u00edas pr\u00e1cticas, circuitos paso a paso y gu\u00edas personalizadas para disfrutar y descubrir Paris de manera serena y libre","publisher":{"@id":"https:\/\/www.descubreparis.com\/#organization"},"potentialAction":[{"@type":"SearchAction","target":{"@type":"EntryPoint","urlTemplate":"https:\/\/www.descubreparis.com\/?s={search_term_string}"},"query-input":{"@type":"PropertyValueSpecification","valueRequired":true,"valueName":"search_term_string"}}],"inLanguage":"en-US"},{"@type":"Organization","@id":"https:\/\/www.descubreparis.com\/#organization","name":"DescubrePar\u00eds.com","url":"https:\/\/www.descubreparis.com\/","logo":{"@type":"ImageObject","inLanguage":"en-US","@id":"https:\/\/www.descubreparis.com\/#\/schema\/logo\/image\/","url":"https:\/\/www.descubreparis.com\/wp-content\/uploads\/2018\/06\/WEB_DPcom_LOGOTIPO_ancho132px-1.png","contentUrl":"https:\/\/www.descubreparis.com\/wp-content\/uploads\/2018\/06\/WEB_DPcom_LOGOTIPO_ancho132px-1.png","width":132,"height":129,"caption":"DescubrePar\u00eds.com"},"image":{"@id":"https:\/\/www.descubreparis.com\/#\/schema\/logo\/image\/"}}]}},"_links":{"self":[{"href":"https:\/\/www.descubreparis.com\/en\/wp-json\/wp\/v2\/pages\/4371","targetHints":{"allow":["GET"]}}],"collection":[{"href":"https:\/\/www.descubreparis.com\/en\/wp-json\/wp\/v2\/pages"}],"about":[{"href":"https:\/\/www.descubreparis.com\/en\/wp-json\/wp\/v2\/types\/page"}],"author":[{"embeddable":true,"href":"https:\/\/www.descubreparis.com\/en\/wp-json\/wp\/v2\/users\/1"}],"replies":[{"embeddable":true,"href":"https:\/\/www.descubreparis.com\/en\/wp-json\/wp\/v2\/comments?post=4371"}],"version-history":[{"count":0,"href":"https:\/\/www.descubreparis.com\/en\/wp-json\/wp\/v2\/pages\/4371\/revisions"}],"wp:attachment":[{"href":"https:\/\/www.descubreparis.com\/en\/wp-json\/wp\/v2\/media?parent=4371"}],"curies":[{"name":"wp","href":"https:\/\/api.w.org\/{rel}","templated":true}]}}