











{"id":4305,"date":"2020-11-18T02:16:43","date_gmt":"2020-11-18T07:16:43","guid":{"rendered":"https:\/\/www.descubreparis.com\/why-choose-us\/"},"modified":"2020-11-18T02:16:50","modified_gmt":"2020-11-18T07:16:50","slug":"why-choose-us","status":"publish","type":"page","link":"https:\/\/www.descubreparis.com\/en\/why-choose-us\/","title":{"rendered":"Why choose us"},"content":{"rendered":"<div class=\"wpb-content-wrapper\"><p>[vc_row][vc_column width=&#8221;1\/2&#8243;][vc_single_image image=&#8221;3589&#8243; img_size=&#8221;full&#8221; alignment=&#8221;center&#8221;][\/vc_column][vc_column width=&#8221;1\/2&#8243;][vc_tta_accordion style=&#8221;simple_solid&#8221; color=&#8221;grey&#8221; active_section=&#8221;1&#8243;][vc_tta_section title=&#8221;You won\u2019t need internet and we give you step-by-step explanations&#8221; tab_id=&#8221;1530549924551-1f47f983-a0a0&#8243;][vc_column_text]Traditional printed travel guides (or even certain digital ones) present tours and sites to visit but none of them explain EXACTLY how to get to each of these places, what streets are worth a visit, what street not to visit&#8230; We explain everything in detail and, on top of that, give you our own suggestions so you have a truly unforgettable experience[\/vc_column_text][\/vc_tta_section][vc_tta_section title=&#8221;You\u2019ll feel guided while managing your time&#8221; tab_id=&#8221;1530549924570-ea877f18-e0ea&#8221;][vc_column_text]If a private tour guide seems a bit expensive, our detailed and\/or personalized travel guides will allow you to be your own tour guide! No time restrictions, complete freedom and serenity.[\/vc_column_text][\/vc_tta_section][vc_tta_section title=&#8221;You\u2019ll save time and enjoy more&#8221; tab_id=&#8221;1530550172589-f5c8ce73-17b1&#8243;][vc_column_text]Tourists lose valuable time trying to understand the city, create their own routes, and visit the \u201cmusts\u201d of the city; our guides are detailed and thought-through so that you enjoy to the fullest.[\/vc_column_text][\/vc_tta_section][vc_tta_section title=&#8221;We tell it like it is &#8221; tab_id=&#8221;1530550297389-9b1fd5c2-323c&#8221;][vc_column_text]Most tourists are unaware of the reality of certain zones in the city, in some occasions aren\u2019t prepared for the climactic conditions, or to take on a city where their language isn\u2019t spoken. In our travel guides, and on our website, you\u2019ll find all the practical information you\u2019ll need to be prepared.[\/vc_column_text][\/vc_tta_section][vc_tta_section title=&#8221;We want to see you happy and enjoying Paris &#8221; tab_id=&#8221;1530550430615-976104fc-b840&#8243;][vc_column_text]Every person has their dreams and priorities, even when visiting a city! So, why not choose a guide adapted to your specific needs?[\/vc_column_text][\/vc_tta_section][\/vc_tta_accordion][\/vc_column][\/vc_row]<\/p>\n<\/div>","protected":false},"excerpt":{"rendered":"<p>[vc_row][vc_column width=&#8221;1\/2&#8243;][vc_single_image image=&#8221;3589&#8243; img_size=&#8221;full&#8221; alignment=&#8221;center&#8221;][\/vc_column][vc_column width=&#8221;1\/2&#8243;][vc_tta_accordion style=&#8221;simple_solid&#8221; color=&#8221;grey&#8221; active_section=&#8221;1&#8243;][vc_tta_section title=&#8221;You won\u2019t need internet and we give you step-by-step explanations&#8221; tab_id=&#8221;1530549924551-1f47f983-a0a0&#8243;][vc_column_text]Traditional printed travel guides (or even certain digital ones) present tours&#8230;<\/p>\n","protected":false},"author":1,"featured_media":0,"parent":0,"menu_order":0,"comment_status":"closed","ping_status":"closed","template":"","meta":{"footnotes":""},"class_list":["post-4305","page","type-page","status-publish"],"yoast_head":"<!-- This site is optimized with the Yoast SEO plugin v25.9 - https:\/\/yoast.com\/wordpress\/plugins\/seo\/ -->\n<title>Why choose us - DescubreParis.com<\/title>\n<meta name=\"description\" content=\"Wse ue want to see you happy in Paris, but if that&#039;s not enough let us tell you why to choos us\" \/>\n<meta name=\"robots\" content=\"index, follow, max-snippet:-1, max-image-preview:large, max-video-preview:-1\" \/>\n<link rel=\"canonical\" href=\"https:\/\/www.descubreparis.com\/en\/why-choose-us\/\" \/>\n<meta property=\"og:locale\" content=\"en_US\" \/>\n<meta property=\"og:type\" content=\"article\" \/>\n<meta property=\"og:title\" content=\"Why choose us - DescubreParis.com\" \/>\n<meta property=\"og:description\" content=\"Wse ue want to see you happy in Paris, but if that&#039;s not enough let us tell you why to choos us\" \/>\n<meta property=\"og:url\" content=\"https:\/\/www.descubreparis.com\/en\/why-choose-us\/\" \/>\n<meta property=\"og:site_name\" content=\"DescubreParis.com\" \/>\n<meta property=\"article:modified_time\" content=\"2020-11-18T07:16:50+00:00\" \/>\n<meta name=\"twitter:card\" content=\"summary_large_image\" \/>\n<meta name=\"twitter:label1\" content=\"Est. reading time\" \/>\n\t<meta name=\"twitter:data1\" content=\"2 minutes\" \/>\n<script type=\"application\/ld+json\" class=\"yoast-schema-graph\">{\"@context\":\"https:\/\/schema.org\",\"@graph\":[{\"@type\":\"WebPage\",\"@id\":\"https:\/\/www.descubreparis.com\/en\/why-choose-us\/\",\"url\":\"https:\/\/www.descubreparis.com\/en\/why-choose-us\/\",\"name\":\"Why choose us - DescubreParis.com\",\"isPartOf\":{\"@id\":\"https:\/\/www.descubreparis.com\/#website\"},\"datePublished\":\"2020-11-18T07:16:43+00:00\",\"dateModified\":\"2020-11-18T07:16:50+00:00\",\"description\":\"Wse ue want to see you happy in Paris, but if that's not enough let us tell you why to choos us\",\"breadcrumb\":{\"@id\":\"https:\/\/www.descubreparis.com\/en\/why-choose-us\/#breadcrumb\"},\"inLanguage\":\"en-US\",\"potentialAction\":[{\"@type\":\"ReadAction\",\"target\":[\"https:\/\/www.descubreparis.com\/en\/why-choose-us\/\"]}]},{\"@type\":\"BreadcrumbList\",\"@id\":\"https:\/\/www.descubreparis.com\/en\/why-choose-us\/#breadcrumb\",\"itemListElement\":[{\"@type\":\"ListItem\",\"position\":1,\"name\":\"Home\",\"item\":\"https:\/\/www.descubreparis.com\/en\/\"},{\"@type\":\"ListItem\",\"position\":2,\"name\":\"Why choose us\"}]},{\"@type\":\"WebSite\",\"@id\":\"https:\/\/www.descubreparis.com\/#website\",\"url\":\"https:\/\/www.descubreparis.com\/\",\"name\":\"DescubreParis.com\",\"description\":\"DescubreParis.com Gu\u00edas pr\u00e1cticas, circuitos paso a paso y gu\u00edas personalizadas para disfrutar y descubrir Paris de manera serena y libre\",\"publisher\":{\"@id\":\"https:\/\/www.descubreparis.com\/#organization\"},\"potentialAction\":[{\"@type\":\"SearchAction\",\"target\":{\"@type\":\"EntryPoint\",\"urlTemplate\":\"https:\/\/www.descubreparis.com\/?s={search_term_string}\"},\"query-input\":{\"@type\":\"PropertyValueSpecification\",\"valueRequired\":true,\"valueName\":\"search_term_string\"}}],\"inLanguage\":\"en-US\"},{\"@type\":\"Organization\",\"@id\":\"https:\/\/www.descubreparis.com\/#organization\",\"name\":\"DescubrePar\u00eds.com\",\"url\":\"https:\/\/www.descubreparis.com\/\",\"logo\":{\"@type\":\"ImageObject\",\"inLanguage\":\"en-US\",\"@id\":\"https:\/\/www.descubreparis.com\/#\/schema\/logo\/image\/\",\"url\":\"https:\/\/www.descubreparis.com\/wp-content\/uploads\/2018\/06\/WEB_DPcom_LOGOTIPO_ancho132px-1.png\",\"contentUrl\":\"https:\/\/www.descubreparis.com\/wp-content\/uploads\/2018\/06\/WEB_DPcom_LOGOTIPO_ancho132px-1.png\",\"width\":132,\"height\":129,\"caption\":\"DescubrePar\u00eds.com\"},\"image\":{\"@id\":\"https:\/\/www.descubreparis.com\/#\/schema\/logo\/image\/\"}}]}<\/script>\n<!-- \/ Yoast SEO plugin. -->","yoast_head_json":{"title":"Why choose us - DescubreParis.com","description":"Wse ue want to see you happy in Paris, but if that's not enough let us tell you why to choos us","robots":{"index":"index","follow":"follow","max-snippet":"max-snippet:-1","max-image-preview":"max-image-preview:large","max-video-preview":"max-video-preview:-1"},"canonical":"https:\/\/www.descubreparis.com\/en\/why-choose-us\/","og_locale":"en_US","og_type":"article","og_title":"Why choose us - DescubreParis.com","og_description":"Wse ue want to see you happy in Paris, but if that's not enough let us tell you why to choos us","og_url":"https:\/\/www.descubreparis.com\/en\/why-choose-us\/","og_site_name":"DescubreParis.com","article_modified_time":"2020-11-18T07:16:50+00:00","twitter_card":"summary_large_image","twitter_misc":{"Est. reading time":"2 minutes"},"schema":{"@context":"https:\/\/schema.org","@graph":[{"@type":"WebPage","@id":"https:\/\/www.descubreparis.com\/en\/why-choose-us\/","url":"https:\/\/www.descubreparis.com\/en\/why-choose-us\/","name":"Why choose us - DescubreParis.com","isPartOf":{"@id":"https:\/\/www.descubreparis.com\/#website"},"datePublished":"2020-11-18T07:16:43+00:00","dateModified":"2020-11-18T07:16:50+00:00","description":"Wse ue want to see you happy in Paris, but if that's not enough let us tell you why to choos us","breadcrumb":{"@id":"https:\/\/www.descubreparis.com\/en\/why-choose-us\/#breadcrumb"},"inLanguage":"en-US","potentialAction":[{"@type":"ReadAction","target":["https:\/\/www.descubreparis.com\/en\/why-choose-us\/"]}]},{"@type":"BreadcrumbList","@id":"https:\/\/www.descubreparis.com\/en\/why-choose-us\/#breadcrumb","itemListElement":[{"@type":"ListItem","position":1,"name":"Home","item":"https:\/\/www.descubreparis.com\/en\/"},{"@type":"ListItem","position":2,"name":"Why choose us"}]},{"@type":"WebSite","@id":"https:\/\/www.descubreparis.com\/#website","url":"https:\/\/www.descubreparis.com\/","name":"DescubreParis.com","description":"DescubreParis.com Gu\u00edas pr\u00e1cticas, circuitos paso a paso y gu\u00edas personalizadas para disfrutar y descubrir Paris de manera serena y libre","publisher":{"@id":"https:\/\/www.descubreparis.com\/#organization"},"potentialAction":[{"@type":"SearchAction","target":{"@type":"EntryPoint","urlTemplate":"https:\/\/www.descubreparis.com\/?s={search_term_string}"},"query-input":{"@type":"PropertyValueSpecification","valueRequired":true,"valueName":"search_term_string"}}],"inLanguage":"en-US"},{"@type":"Organization","@id":"https:\/\/www.descubreparis.com\/#organization","name":"DescubrePar\u00eds.com","url":"https:\/\/www.descubreparis.com\/","logo":{"@type":"ImageObject","inLanguage":"en-US","@id":"https:\/\/www.descubreparis.com\/#\/schema\/logo\/image\/","url":"https:\/\/www.descubreparis.com\/wp-content\/uploads\/2018\/06\/WEB_DPcom_LOGOTIPO_ancho132px-1.png","contentUrl":"https:\/\/www.descubreparis.com\/wp-content\/uploads\/2018\/06\/WEB_DPcom_LOGOTIPO_ancho132px-1.png","width":132,"height":129,"caption":"DescubrePar\u00eds.com"},"image":{"@id":"https:\/\/www.descubreparis.com\/#\/schema\/logo\/image\/"}}]}},"_links":{"self":[{"href":"https:\/\/www.descubreparis.com\/en\/wp-json\/wp\/v2\/pages\/4305","targetHints":{"allow":["GET"]}}],"collection":[{"href":"https:\/\/www.descubreparis.com\/en\/wp-json\/wp\/v2\/pages"}],"about":[{"href":"https:\/\/www.descubreparis.com\/en\/wp-json\/wp\/v2\/types\/page"}],"author":[{"embeddable":true,"href":"https:\/\/www.descubreparis.com\/en\/wp-json\/wp\/v2\/users\/1"}],"replies":[{"embeddable":true,"href":"https:\/\/www.descubreparis.com\/en\/wp-json\/wp\/v2\/comments?post=4305"}],"version-history":[{"count":0,"href":"https:\/\/www.descubreparis.com\/en\/wp-json\/wp\/v2\/pages\/4305\/revisions"}],"wp:attachment":[{"href":"https:\/\/www.descubreparis.com\/en\/wp-json\/wp\/v2\/media?parent=4305"}],"curies":[{"name":"wp","href":"https:\/\/api.w.org\/{rel}","templated":true}]}}