











{"id":4288,"date":"2020-11-17T10:18:46","date_gmt":"2020-11-17T15:18:46","guid":{"rendered":"https:\/\/www.descubreparis.com\/practical-guide-of-paris\/"},"modified":"2020-11-30T08:33:23","modified_gmt":"2020-11-30T13:33:23","slug":"practical-guide-of-paris","status":"publish","type":"page","link":"https:\/\/www.descubreparis.com\/en\/practical-guide-of-paris\/","title":{"rendered":"Practical guide of Paris"},"content":{"rendered":"<div class=\"wpb-content-wrapper\"><p>[vc_row][vc_column width=&#8221;1\/2&#8243;][vc_column_text]<\/p>\n<div class=\"title-h3\"><span style=\"color: #575756;\"><strong>A summary of everything that we know you\u2019ll need to come to Paris and have a great time<\/strong><\/span><\/div>\n<p>[\/vc_column_text][vc_column_text]So many questions can revolve around organizing a trip to Europe and Paris!<br \/>\nSo much information online and so little time to even begin to understand it all!<\/p>\n<p>This guide can be very useful in planning your trip and having a better understanding of the city of Paris prior to your arrival.[\/vc_column_text][\/vc_column][vc_column width=&#8221;1\/2&#8243;][vc_single_image image=&#8221;3592&#8243; img_size=&#8221;medium&#8221; alignment=&#8221;center&#8221;][\/vc_column][\/vc_row][vc_row][vc_column]<div id=\"fullwidth-block-69d77dc3d454b\" class=\"fullwidth-block fullwidth-block-parallax-vertical clearfix\" data-mobile-parallax-enable=\"1\" style=\"padding-top: 60px;padding-bottom: 60px;\"><script type=\"text\/javascript\">if (typeof(gem_fix_fullwidth_position) == \"function\") { gem_fix_fullwidth_position(document.getElementById(\"fullwidth-block-69d77dc3d454b\")); }<\/script><div class=\"fullwidth-block-background\" style=\"background-image: url(https:\/\/www.descubreparis.com\/wp-content\/uploads\/2018\/06\/Background.jpg);background-position: center top;\"><\/div><div class=\"fullwidth-block-inner\">[vc_column_text]<\/p>\n<div class=\"title-h1 title-h3\" style=\"text-align: center;\"><span style=\"color: #ffffff;\"><b>The practical guide of Paris that will help you plan your trip<\/b><\/span><\/div>\n<p>[\/vc_column_text][vc_btn title=&#8221;E-SHOP&#8221; style=&#8221;outline-custom&#8221; outline_custom_color=&#8221;#ffffff&#8221; outline_custom_hover_background=&#8221;#f9cece&#8221; outline_custom_hover_text=&#8221;#ed6e50&#8243; shape=&#8221;square&#8221; size=&#8221;lg&#8221; align=&#8221;center&#8221; link=&#8221;url:https%3A%2F%2Fwww.descubreparis.com%2Fen%2Fshop%2F|&#8221;]<\/div><\/div>[\/vc_column][\/vc_row][vc_row][vc_column][vc_empty_space][\/vc_column][\/vc_row][vc_row][vc_column][vc_text_separator title_level=&#8221;h4&#8243; title=&#8221;OUR PRACTICAL GUIDE OF PARIS OFFERS:&#8221; border_width=&#8221;4&#8243;][\/vc_column][\/vc_row][vc_row][vc_column][vc_column_text]Concrete and practical information so that you can decide, plan your trip and the activities you wish to do during your stay, for example:[\/vc_column_text][\/vc_column][\/vc_row][vc_row][vc_column]<div class=\"gem-list gem-list-type-check-style-1 gem-list-color-5\" ><ul>\n<li>How to pick the best date for your trip<\/li>\n<li>Weather and how to dress accordingly<\/li>\n<li>City zones<\/li>\n<li>How to get here<\/li>\n<li>Using public transportation<\/li>\n<li>Monuments<\/li>\n<li>Museums<\/li>\n<li>Food<\/li>\n<li>Enjoy<\/li>\n<\/ul>\n<\/div>[\/vc_column][\/vc_row][vc_row][vc_column][vc_empty_space][\/vc_column][\/vc_row][vc_row][vc_column][vc_text_separator title_level=&#8221;h4&#8243; title=&#8221;How does it work?&#8221; border_width=&#8221;4&#8243;][\/vc_column][\/vc_row][vc_row full_width=&#8221;stretch_row&#8221; css=&#8221;.vc_custom_1530477104710{background-color: #c9c9c9 !important;}&#8221;][vc_column]<div class=\"quickfinder quickfinder-style-vertical-1 quickfinder-style-vertical quickfinder-icon-position-top quickfinder-alignment-center quickfinder-title-thin\" data-hover-title-color=\"#ed6e50\"><div id=\"post-4296\" class=\"quickfinder-item odd quickfinder-item-effect-scale large post-4296 thegem_qf_item type-thegem_qf_item status-publish\" data-ll-item-delay=\"0\"> <div class=\"quickfinder-item-info-wrapper\"> <svg class=\"qf-svg-arrow-right\" viewBox=\"0 0 50 100\"> <use xlink:href=\"https:\/\/www.descubreparis.com\/wp-content\/themes\/thegem\/css\/post-arrow.svg#dec-post-arrow\"><\/use> <\/svg> <div class=\"connector-top\" style=\"border-color: #b6c6c9; right: -81.5px;\"> <\/div> <div class=\"connector-bot\" style=\"border-color: #b6c6c9; right: -81.5px;\"> <\/div> <div class=\"quickfinder-item-info \" > <div style=\"display: block; min-height: 250px;\"> <div class=\"quickfinder-item-title\" style=\"color: #575756;\">1. Select and purchase your practical guide of Paris on our E-SHOP<\/div> <\/div> <\/div> <a href=\"https:\/\/www.descubreparis.com\/en\/shop\/\" target=\"_self\" class=\"quickfinder-item-link\"><\/a> <\/div> <div class=\"quickfinder-item-image\"> <div class=\"quickfinder-item-image-content\" > <div class=\"quickfinder-item-image-wrapper\"> <div class=\"gem-icon gem-icon-pack-elegant gem-icon-size-large gem-icon-shape-circle gem-simple-icon\" style=\"box-shadow: 0 0 0 3px #ffffff, 0 0 0 6px #b6c6c9;opacity: 1;\"><div class=\"gem-icon-inner\" style=\"\"><span class=\"gem-icon-half-1\" style=\"color: ;\"><span class=\"back-angle\">&#xe07a;<\/span><\/span><span class=\"gem-icon-half-2\" style=\"\"><span class=\"back-angle\">&#xe07a;<\/span><\/span><\/div><\/div> <\/div> <a href=\"https:\/\/www.descubreparis.com\/en\/shop\/\" target=\"_self\" class=\"quickfinder-item-link\"><\/a> <\/div> <\/div> <\/div> <div id=\"post-4298\" class=\"quickfinder-item even quickfinder-item-effect-scale large post-4298 thegem_qf_item type-thegem_qf_item status-publish\" data-ll-item-delay=\"0\"> <div class=\"quickfinder-item-image\"> <div class=\"quickfinder-item-image-content\" > <div class=\"quickfinder-item-image-wrapper\"> <div class=\"gem-icon gem-icon-pack-elegant gem-icon-size-large gem-icon-shape-circle gem-simple-icon\" style=\"box-shadow: 0 0 0 3px #ffffff, 0 0 0 6px #b6c6c9;opacity: 1;\"><div class=\"gem-icon-inner\" style=\"\"><span class=\"gem-icon-half-1\" style=\"color: ;\"><span class=\"back-angle\">&#x3f;<\/span><\/span><span class=\"gem-icon-half-2\" style=\"\"><span class=\"back-angle\">&#x3f;<\/span><\/span><\/div><\/div> <\/div> <\/div> <\/div> <div class=\"quickfinder-item-info-wrapper\"> <svg class=\"qf-svg-arrow-left\" viewBox=\"0 0 50 100\"> <use xlink:href=\"https:\/\/www.descubreparis.com\/wp-content\/themes\/thegem\/css\/post-arrow.svg#dec-post-arrow\"><\/use> <\/svg> <div class=\"connector-top\" style=\"border-color: #b6c6c9; left: -81.5px;\"> <\/div> <div class=\"connector-bot\" style=\"border-color: #b6c6c9; left: -81.5px;\"> <\/div> <div class=\"quickfinder-item-info \" > <div style=\"display: block; min-height: 250px;\"> <div class=\"quickfinder-item-title\" style=\"color: #575756;\"><br>2. Download it on your phone or tablet<\/div> <\/div> <\/div> <\/div> <\/div> <div id=\"post-4299\" class=\"quickfinder-item odd quickfinder-item-effect-scale large post-4299 thegem_qf_item type-thegem_qf_item status-publish\" data-ll-item-delay=\"0\"> <div class=\"quickfinder-item-info-wrapper\"> <svg class=\"qf-svg-arrow-right\" viewBox=\"0 0 50 100\"> <use xlink:href=\"https:\/\/www.descubreparis.com\/wp-content\/themes\/thegem\/css\/post-arrow.svg#dec-post-arrow\"><\/use> <\/svg> <div class=\"connector-top\" style=\"border-color: #b6c6c9; right: -81.5px;\"> <\/div> <div class=\"connector-bot\" style=\"border-color: #b6c6c9; right: -81.5px;\"> <\/div> <div class=\"quickfinder-item-info \" > <div style=\"display: block; min-height: 250px;\"> <div class=\"quickfinder-item-title\" style=\"color: #575756;\"><br>3. Read it and now you\u2019re ready to organize your trip to Paris<\/div> <\/div> <\/div> <\/div> <div class=\"quickfinder-item-image\"> <div class=\"quickfinder-item-image-content\" > <div class=\"quickfinder-item-image-wrapper\"> <div class=\"gem-icon gem-icon-pack-elegant gem-icon-size-large gem-icon-shape-circle gem-simple-icon\" style=\"box-shadow: 0 0 0 3px #ffffff, 0 0 0 6px #b6c6c9;opacity: 1;\"><div class=\"gem-icon-inner\" style=\"\"><span class=\"gem-icon-half-1\" style=\"color: ;\"><span class=\"back-angle\">&#xe106;<\/span><\/span><span class=\"gem-icon-half-2\" style=\"\"><span class=\"back-angle\">&#xe106;<\/span><\/span><\/div><\/div> <\/div> <\/div> <\/div> <\/div> <\/div>[\/vc_column][\/vc_row]<\/p>\n<\/div>","protected":false},"excerpt":{"rendered":"<p>[vc_row][vc_column width=&#8221;1\/2&#8243;][vc_column_text] A summary of everything that we know you\u2019ll need to come to Paris and have a great time [\/vc_column_text][vc_column_text]So many questions can revolve around organizing a trip to&#8230;<\/p>\n","protected":false},"author":1,"featured_media":0,"parent":0,"menu_order":0,"comment_status":"closed","ping_status":"closed","template":"","meta":{"footnotes":""},"class_list":["post-4288","page","type-page","status-publish"],"yoast_head":"<!-- This site is optimized with the Yoast SEO plugin v25.9 - https:\/\/yoast.com\/wordpress\/plugins\/seo\/ -->\n<title>Practical guide of Paris - DescubreParis.com<\/title>\n<meta name=\"description\" content=\"A summary of what you need to know to prepare your trip, come to Paris and have a great time.\" \/>\n<meta name=\"robots\" content=\"index, follow, max-snippet:-1, max-image-preview:large, max-video-preview:-1\" \/>\n<link rel=\"canonical\" href=\"https:\/\/www.descubreparis.com\/en\/practical-guide-of-paris\/\" \/>\n<meta property=\"og:locale\" content=\"en_US\" \/>\n<meta property=\"og:type\" content=\"article\" \/>\n<meta property=\"og:title\" content=\"Practical guide of Paris - DescubreParis.com\" \/>\n<meta property=\"og:description\" content=\"A summary of what you need to know to prepare your trip, come to Paris and have a great time.\" \/>\n<meta property=\"og:url\" content=\"https:\/\/www.descubreparis.com\/en\/practical-guide-of-paris\/\" \/>\n<meta property=\"og:site_name\" content=\"DescubreParis.com\" \/>\n<meta property=\"article:modified_time\" content=\"2020-11-30T13:33:23+00:00\" \/>\n<meta name=\"twitter:card\" content=\"summary_large_image\" \/>\n<meta name=\"twitter:label1\" content=\"Est. reading time\" \/>\n\t<meta name=\"twitter:data1\" content=\"2 minutes\" \/>\n<script type=\"application\/ld+json\" class=\"yoast-schema-graph\">{\"@context\":\"https:\/\/schema.org\",\"@graph\":[{\"@type\":\"WebPage\",\"@id\":\"https:\/\/www.descubreparis.com\/en\/practical-guide-of-paris\/\",\"url\":\"https:\/\/www.descubreparis.com\/en\/practical-guide-of-paris\/\",\"name\":\"Practical guide of Paris - DescubreParis.com\",\"isPartOf\":{\"@id\":\"https:\/\/www.descubreparis.com\/#website\"},\"datePublished\":\"2020-11-17T15:18:46+00:00\",\"dateModified\":\"2020-11-30T13:33:23+00:00\",\"description\":\"A summary of what you need to know to prepare your trip, come to Paris and have a great time.\",\"breadcrumb\":{\"@id\":\"https:\/\/www.descubreparis.com\/en\/practical-guide-of-paris\/#breadcrumb\"},\"inLanguage\":\"en-US\",\"potentialAction\":[{\"@type\":\"ReadAction\",\"target\":[\"https:\/\/www.descubreparis.com\/en\/practical-guide-of-paris\/\"]}]},{\"@type\":\"BreadcrumbList\",\"@id\":\"https:\/\/www.descubreparis.com\/en\/practical-guide-of-paris\/#breadcrumb\",\"itemListElement\":[{\"@type\":\"ListItem\",\"position\":1,\"name\":\"Home\",\"item\":\"https:\/\/www.descubreparis.com\/en\/\"},{\"@type\":\"ListItem\",\"position\":2,\"name\":\"Practical guide of Paris\"}]},{\"@type\":\"WebSite\",\"@id\":\"https:\/\/www.descubreparis.com\/#website\",\"url\":\"https:\/\/www.descubreparis.com\/\",\"name\":\"DescubreParis.com\",\"description\":\"DescubreParis.com Gu\u00edas pr\u00e1cticas, circuitos paso a paso y gu\u00edas personalizadas para disfrutar y descubrir Paris de manera serena y libre\",\"publisher\":{\"@id\":\"https:\/\/www.descubreparis.com\/#organization\"},\"potentialAction\":[{\"@type\":\"SearchAction\",\"target\":{\"@type\":\"EntryPoint\",\"urlTemplate\":\"https:\/\/www.descubreparis.com\/?s={search_term_string}\"},\"query-input\":{\"@type\":\"PropertyValueSpecification\",\"valueRequired\":true,\"valueName\":\"search_term_string\"}}],\"inLanguage\":\"en-US\"},{\"@type\":\"Organization\",\"@id\":\"https:\/\/www.descubreparis.com\/#organization\",\"name\":\"DescubrePar\u00eds.com\",\"url\":\"https:\/\/www.descubreparis.com\/\",\"logo\":{\"@type\":\"ImageObject\",\"inLanguage\":\"en-US\",\"@id\":\"https:\/\/www.descubreparis.com\/#\/schema\/logo\/image\/\",\"url\":\"https:\/\/www.descubreparis.com\/wp-content\/uploads\/2018\/06\/WEB_DPcom_LOGOTIPO_ancho132px-1.png\",\"contentUrl\":\"https:\/\/www.descubreparis.com\/wp-content\/uploads\/2018\/06\/WEB_DPcom_LOGOTIPO_ancho132px-1.png\",\"width\":132,\"height\":129,\"caption\":\"DescubrePar\u00eds.com\"},\"image\":{\"@id\":\"https:\/\/www.descubreparis.com\/#\/schema\/logo\/image\/\"}}]}<\/script>\n<!-- \/ Yoast SEO plugin. -->","yoast_head_json":{"title":"Practical guide of Paris - DescubreParis.com","description":"A summary of what you need to know to prepare your trip, come to Paris and have a great time.","robots":{"index":"index","follow":"follow","max-snippet":"max-snippet:-1","max-image-preview":"max-image-preview:large","max-video-preview":"max-video-preview:-1"},"canonical":"https:\/\/www.descubreparis.com\/en\/practical-guide-of-paris\/","og_locale":"en_US","og_type":"article","og_title":"Practical guide of Paris - DescubreParis.com","og_description":"A summary of what you need to know to prepare your trip, come to Paris and have a great time.","og_url":"https:\/\/www.descubreparis.com\/en\/practical-guide-of-paris\/","og_site_name":"DescubreParis.com","article_modified_time":"2020-11-30T13:33:23+00:00","twitter_card":"summary_large_image","twitter_misc":{"Est. reading time":"2 minutes"},"schema":{"@context":"https:\/\/schema.org","@graph":[{"@type":"WebPage","@id":"https:\/\/www.descubreparis.com\/en\/practical-guide-of-paris\/","url":"https:\/\/www.descubreparis.com\/en\/practical-guide-of-paris\/","name":"Practical guide of Paris - DescubreParis.com","isPartOf":{"@id":"https:\/\/www.descubreparis.com\/#website"},"datePublished":"2020-11-17T15:18:46+00:00","dateModified":"2020-11-30T13:33:23+00:00","description":"A summary of what you need to know to prepare your trip, come to Paris and have a great time.","breadcrumb":{"@id":"https:\/\/www.descubreparis.com\/en\/practical-guide-of-paris\/#breadcrumb"},"inLanguage":"en-US","potentialAction":[{"@type":"ReadAction","target":["https:\/\/www.descubreparis.com\/en\/practical-guide-of-paris\/"]}]},{"@type":"BreadcrumbList","@id":"https:\/\/www.descubreparis.com\/en\/practical-guide-of-paris\/#breadcrumb","itemListElement":[{"@type":"ListItem","position":1,"name":"Home","item":"https:\/\/www.descubreparis.com\/en\/"},{"@type":"ListItem","position":2,"name":"Practical guide of Paris"}]},{"@type":"WebSite","@id":"https:\/\/www.descubreparis.com\/#website","url":"https:\/\/www.descubreparis.com\/","name":"DescubreParis.com","description":"DescubreParis.com Gu\u00edas pr\u00e1cticas, circuitos paso a paso y gu\u00edas personalizadas para disfrutar y descubrir Paris de manera serena y libre","publisher":{"@id":"https:\/\/www.descubreparis.com\/#organization"},"potentialAction":[{"@type":"SearchAction","target":{"@type":"EntryPoint","urlTemplate":"https:\/\/www.descubreparis.com\/?s={search_term_string}"},"query-input":{"@type":"PropertyValueSpecification","valueRequired":true,"valueName":"search_term_string"}}],"inLanguage":"en-US"},{"@type":"Organization","@id":"https:\/\/www.descubreparis.com\/#organization","name":"DescubrePar\u00eds.com","url":"https:\/\/www.descubreparis.com\/","logo":{"@type":"ImageObject","inLanguage":"en-US","@id":"https:\/\/www.descubreparis.com\/#\/schema\/logo\/image\/","url":"https:\/\/www.descubreparis.com\/wp-content\/uploads\/2018\/06\/WEB_DPcom_LOGOTIPO_ancho132px-1.png","contentUrl":"https:\/\/www.descubreparis.com\/wp-content\/uploads\/2018\/06\/WEB_DPcom_LOGOTIPO_ancho132px-1.png","width":132,"height":129,"caption":"DescubrePar\u00eds.com"},"image":{"@id":"https:\/\/www.descubreparis.com\/#\/schema\/logo\/image\/"}}]}},"_links":{"self":[{"href":"https:\/\/www.descubreparis.com\/en\/wp-json\/wp\/v2\/pages\/4288","targetHints":{"allow":["GET"]}}],"collection":[{"href":"https:\/\/www.descubreparis.com\/en\/wp-json\/wp\/v2\/pages"}],"about":[{"href":"https:\/\/www.descubreparis.com\/en\/wp-json\/wp\/v2\/types\/page"}],"author":[{"embeddable":true,"href":"https:\/\/www.descubreparis.com\/en\/wp-json\/wp\/v2\/users\/1"}],"replies":[{"embeddable":true,"href":"https:\/\/www.descubreparis.com\/en\/wp-json\/wp\/v2\/comments?post=4288"}],"version-history":[{"count":0,"href":"https:\/\/www.descubreparis.com\/en\/wp-json\/wp\/v2\/pages\/4288\/revisions"}],"wp:attachment":[{"href":"https:\/\/www.descubreparis.com\/en\/wp-json\/wp\/v2\/media?parent=4288"}],"curies":[{"name":"wp","href":"https:\/\/api.w.org\/{rel}","templated":true}]}}