











{"id":4269,"date":"2020-11-17T09:55:22","date_gmt":"2020-11-17T14:55:22","guid":{"rendered":"https:\/\/www.descubreparis.com\/personalized-travel-guides\/"},"modified":"2020-11-28T08:40:55","modified_gmt":"2020-11-28T13:40:55","slug":"personalized-travel-guides","status":"publish","type":"page","link":"https:\/\/www.descubreparis.com\/en\/personalized-travel-guides\/","title":{"rendered":"Personalized travel guides"},"content":{"rendered":"<div class=\"wpb-content-wrapper\"><p>[vc_row][vc_column width=&#8221;1\/2&#8243;][vc_column_text]<\/p>\n<div class=\"title-h3\"><span style=\"color: #575756;\"><strong>Itineraries designed exclusively for you, according to the amount of time you have and budget.<\/strong><\/span><\/div>\n<p>[\/vc_column_text][vc_empty_space][vc_column_text]We offer you personalized travel guides that are custom made, by request, so that you don\u2019t have to worry about anything. From the moment you arrive at the airport, or train station, in Paris, you\u2019ll feel as if you were travelling with a private tour guide, except you\u2019ll have the freedom to choose what to do and at your own pace.<\/p>\n<p><span style=\"font-weight: 400;\">The itineraries are exclusively designed for you in accordance with the amount of time you have and your budget. <\/span>[\/vc_column_text][\/vc_column][vc_column width=&#8221;1\/2&#8243;][vc_single_image image=&#8221;3594&#8243; img_size=&#8221;full&#8221; alignment=&#8221;center&#8221;][\/vc_column][\/vc_row][vc_row][vc_column][vc_empty_space][\/vc_column][\/vc_row][vc_row][vc_column][vc_text_separator title_level=&#8221;h4&#8243; title=&#8221;DISCOVERING PARIS: THE BEST WAY TO VISIT PARIS IS&#8230; YOUR OWN WAY!&#8221; border_width=&#8221;4&#8243; el_class=&#8221;subtitulo-centrado&#8221;][\/vc_column][\/vc_row][vc_row][vc_column]<div id=\"fullwidth-block-69dd09cf6b516\" class=\"fullwidth-block fullwidth-block-parallax-vertical clearfix\" data-mobile-parallax-enable=\"1\" style=\"padding-bottom: 60px;\"><script type=\"text\/javascript\">if (typeof(gem_fix_fullwidth_position) == \"function\") { gem_fix_fullwidth_position(document.getElementById(\"fullwidth-block-69dd09cf6b516\")); }<\/script><div class=\"fullwidth-block-background\" style=\"background-image: url(https:\/\/www.descubreparis.com\/wp-content\/uploads\/2018\/06\/Background.jpg);background-position: center top;\"><\/div><div class=\"fullwidth-block-inner\"><div class=\"quickfinder quickfinder-style-iconed quickfinder-binded row inline-row quickfinder-icon-position-top quickfinder-alignment-center quickfinder-title-thin\"><div id=\"post-4284\" class=\"quickfinder-item inline-column col-md-4 col-sm-6 col-xs-12 quickfinder-item-effect-image-scale icon-size-large quickfinder-box-style-soft-outlined post-4284 thegem_qf_item type-thegem_qf_item status-publish has-post-thumbnail\" data-ll-item-delay=\"0\"> <div class=\"quickfinder-item-box\" style=\"background-color: rgba(255,255,255,0.15);\"> <div class=\"quickfinder-item-inner\"> <div class=\"quickfinder-item-image\"> <div class=\"quickfinder-item-image-content\" > <div class=\"quickfinder-item-image-wrapper quickfinder-item-picture quickfinder-item-image-shape-circle\" style=\"\"> <img width=\"400\" height=\"400\" src=\"https:\/\/www.descubreparis.com\/wp-content\/uploads\/2018\/06\/1_VW-thegem-person.jpg\" class=\" quickfinder-img-size-large wp-post-image\" alt=\"1_VW\" srcset=\"https:\/\/www.descubreparis.com\/wp-content\/uploads\/2018\/06\/1_VW-thegem-person-160.jpg 1x, https:\/\/www.descubreparis.com\/wp-content\/uploads\/2018\/06\/1_VW-thegem-person.jpg 2x\" sizes=\"100vw\" \/> <\/div> <\/div> <\/div> <div class=\"quickfinder-item-info-wrapper\"> <div class=\"quickfinder-item-info \" > <div class=\"quickfinder-item-title\" style=\"color: #ffffff;\">Do you have a list of things you want to, and have always dreamed of doing in Paris but you\u2019re not sure how to organize them?<\/div> <\/div> <\/div> <\/div> <\/div> <\/div> <div id=\"post-4285\" class=\"quickfinder-item inline-column col-md-4 col-sm-6 col-xs-12 quickfinder-item-effect-image-scale icon-size-large quickfinder-box-style-soft-outlined post-4285 thegem_qf_item type-thegem_qf_item status-publish has-post-thumbnail\" data-ll-item-delay=\"0\"> <div class=\"quickfinder-item-box\" style=\"background-color: rgba(255,255,255,0.15);\"> <div class=\"quickfinder-item-inner\"> <div class=\"quickfinder-item-image\"> <div class=\"quickfinder-item-image-content\" > <div class=\"quickfinder-item-image-wrapper quickfinder-item-picture quickfinder-item-image-shape-circle\" style=\"\"> <img width=\"400\" height=\"400\" src=\"https:\/\/www.descubreparis.com\/wp-content\/uploads\/2018\/06\/2-VW-thegem-person.jpg\" class=\" quickfinder-img-size-large wp-post-image\" alt=\"2-VW\" srcset=\"https:\/\/www.descubreparis.com\/wp-content\/uploads\/2018\/06\/2-VW-thegem-person-160.jpg 1x, https:\/\/www.descubreparis.com\/wp-content\/uploads\/2018\/06\/2-VW-thegem-person.jpg 2x\" sizes=\"100vw\" \/> <\/div> <\/div> <\/div> <div class=\"quickfinder-item-info-wrapper\"> <div class=\"quickfinder-item-info \" > <div class=\"quickfinder-item-title\" style=\"color: #ffffff;\">Want to visit Paris but don\u2019t want to deal with the stress of planning it or overspending on a private tour guide?<\/div> <\/div> <\/div> <\/div> <\/div> <\/div> <div id=\"post-4286\" class=\"quickfinder-item inline-column col-md-4 col-sm-6 col-xs-12 quickfinder-item-effect-image-scale icon-size-large quickfinder-box-style-soft-outlined post-4286 thegem_qf_item type-thegem_qf_item status-publish has-post-thumbnail\" data-ll-item-delay=\"0\"> <div class=\"quickfinder-item-box\" style=\"background-color: rgba(255,255,255,0.15);\"> <div class=\"quickfinder-item-inner\"> <div class=\"quickfinder-item-image\"> <div class=\"quickfinder-item-image-content\" > <div class=\"quickfinder-item-image-wrapper quickfinder-item-picture quickfinder-item-image-shape-circle\" style=\"\"> <img width=\"400\" height=\"400\" src=\"https:\/\/www.descubreparis.com\/wp-content\/uploads\/2018\/06\/3_VW-thegem-person.jpg\" class=\" quickfinder-img-size-large wp-post-image\" alt=\"3_VW\" srcset=\"https:\/\/www.descubreparis.com\/wp-content\/uploads\/2018\/06\/3_VW-thegem-person-160.jpg 1x, https:\/\/www.descubreparis.com\/wp-content\/uploads\/2018\/06\/3_VW-thegem-person.jpg 2x\" sizes=\"100vw\" \/> <\/div> <\/div> <\/div> <div class=\"quickfinder-item-info-wrapper\"> <div class=\"quickfinder-item-info \" > <div class=\"quickfinder-item-title\" style=\"color: #ffffff;\">Have you already been to Paris but want to come back and see\/do different things?<br><br><\/div> <\/div> <\/div> <\/div> <\/div> <\/div> <\/div>[vc_column_text]<\/p>\n<div class=\"title-h3\" style=\"text-align: center;\"><span style=\"color: #ffffff;\"><b>Our Personalized Travel Guides are the perfect fit for you !<\/b><\/span><\/div>\n<p>[\/vc_column_text][vc_btn title=&#8221;E-SHOP&#8221; style=&#8221;outline-custom&#8221; outline_custom_color=&#8221;#ffffff&#8221; outline_custom_hover_background=&#8221;#f9cece&#8221; outline_custom_hover_text=&#8221;#ed6e50&#8243; shape=&#8221;square&#8221; size=&#8221;lg&#8221; align=&#8221;center&#8221; link=&#8221;url:https%3A%2F%2Fwww.descubreparis.com%2Fen%2Fshop%2F|&#8221;]<\/div><\/div>[\/vc_column][\/vc_row][vc_row][vc_column][vc_empty_space][\/vc_column][\/vc_row][vc_row][vc_column][vc_text_separator title_level=&#8221;h4&#8243; title=&#8221;Our personalized travel guides include:&#8221; border_width=&#8221;4&#8243;][\/vc_column][\/vc_row][vc_row][vc_column]<div class=\"gem-list gem-list-type-check-style-1 gem-list-color-5\" ><ul>\n<li style=\"font-weight: 400;\"><span style=\"font-weight: 400;\">Precise information on how to get from the airport\/train station to your accommodations<\/span><\/li>\n<li style=\"font-weight: 400;\"><span style=\"font-weight: 400;\">Instructions on how to move around autonomously in Paris, in a simple and economic way based on where your lodging is and the activities you\u2019ll be doing<\/span><\/li>\n<li style=\"font-weight: 400;\"><span style=\"font-weight: 400;\">Daily detailed activity programs for the duration of your stay<\/span><\/li>\n<li style=\"font-weight: 400;\"><span style=\"font-weight: 400;\">Restaurant recommendations that fit your itinerary<\/span><\/li>\n<li style=\"font-weight: 400;\"><span style=\"font-weight: 400;\">Safety tips<\/span><\/li>\n<li style=\"font-weight: 400;\"><span style=\"font-weight: 400;\">Images and small maps <\/span><\/li>\n<li style=\"font-weight: 400;\"><span style=\"font-weight: 400;\">A little history, just enough to not overwhelm you<\/span><\/li>\n<li style=\"font-weight: 400;\"><span style=\"font-weight: 400;\">How to get to the airport, or train station<br \/>\n<\/span><\/li>\n<\/ul>\n<\/div>[\/vc_column][\/vc_row][vc_row][vc_column][vc_empty_space][\/vc_column][\/vc_row][vc_row][vc_column][vc_text_separator title_level=&#8221;h4&#8243; title=&#8221;How does it work?&#8221; border_width=&#8221;4&#8243;][\/vc_column][\/vc_row][vc_row full_width=&#8221;stretch_row&#8221; css=&#8221;.vc_custom_1530195900301{background-color: #c9c9c9 !important;}&#8221;][vc_column]<div class=\"quickfinder quickfinder-style-vertical-2 quickfinder-style-vertical quickfinder-icon-position-top quickfinder-alignment-center quickfinder-title-thin\" data-hover-title-color=\"#ed6e50\"><div id=\"post-4278\" class=\"quickfinder-item odd quickfinder-item-effect-scale large post-4278 thegem_qf_item type-thegem_qf_item status-publish\" data-ll-item-delay=\"0\"> <div class=\"quickfinder-item-image\"> <div class=\"quickfinder-item-image-content\" > <div class=\"quickfinder-item-image-wrapper\"> <div class=\"gem-icon gem-icon-pack-elegant gem-icon-size-large gem-icon-shape-circle gem-simple-icon\" style=\"box-shadow: 0 0 0 3px #ffffff, 0 0 0 6px #6f6f6e;opacity: 1;\"><div class=\"gem-icon-inner\" style=\"\"><span class=\"gem-icon-half-1\" style=\"color: ;\"><span class=\"back-angle\">&#xe010;<\/span><\/span><span class=\"gem-icon-half-2\" style=\"\"><span class=\"back-angle\">&#xe010;<\/span><\/span><\/div><\/div> <\/div> <a href=\"https:\/\/www.descubreparis.com\/en\/contact\/\" target=\"_self\" class=\"quickfinder-item-link\"><\/a> <\/div> <\/div> <div class=\"quickfinder-item-info-wrapper\"> <svg class=\"qf-svg-arrow-left\" viewBox=\"0 0 50 100\"> <use xlink:href=\"https:\/\/www.descubreparis.com\/wp-content\/themes\/thegem\/css\/post-arrow.svg#dec-post-arrow\"><\/use> <\/svg> <div class=\"connector-top\" style=\"border-color: #6f6f6e; left: -81.5px;\"> <\/div> <div class=\"connector-bot\" style=\"border-color: #6f6f6e; left: -81.5px;\"> <\/div> <div class=\"quickfinder-item-info \" > <div style=\"display: block; min-height: 200px;\"> <div class=\"quickfinder-item-title\" style=\"color: #575756;\">1. Reach out to us first by filling out this FORM, so we can have a better understanding of your needs<\/div> <\/div> <\/div> <a href=\"https:\/\/www.descubreparis.com\/en\/contact\/\" target=\"_self\" class=\"quickfinder-item-link\"><\/a> <\/div> <\/div> <div id=\"post-4279\" class=\"quickfinder-item even quickfinder-item-effect-scale large post-4279 thegem_qf_item type-thegem_qf_item status-publish\" data-ll-item-delay=\"0\"> <div class=\"quickfinder-item-image\"> <div class=\"quickfinder-item-image-content\" > <div class=\"quickfinder-item-image-wrapper\"> <div class=\"gem-icon gem-icon-pack-elegant gem-icon-size-large gem-icon-shape-circle gem-simple-icon\" style=\"box-shadow: 0 0 0 3px #ffffff, 0 0 0 6px #6f6f6e;opacity: 1;\"><div class=\"gem-icon-inner\" style=\"\"><span class=\"gem-icon-half-1\" style=\"color: ;\"><span class=\"back-angle\">&#x68;<\/span><\/span><span class=\"gem-icon-half-2\" style=\"\"><span class=\"back-angle\">&#x68;<\/span><\/span><\/div><\/div> <\/div> <\/div> <\/div> <div class=\"quickfinder-item-info-wrapper\"> <svg class=\"qf-svg-arrow-left\" viewBox=\"0 0 50 100\"> <use xlink:href=\"https:\/\/www.descubreparis.com\/wp-content\/themes\/thegem\/css\/post-arrow.svg#dec-post-arrow\"><\/use> <\/svg> <div class=\"connector-top\" style=\"border-color: #6f6f6e; left: -81.5px;\"> <\/div> <div class=\"connector-bot\" style=\"border-color: #6f6f6e; left: -81.5px;\"> <\/div> <div class=\"quickfinder-item-info \" > <div style=\"display: block; min-height: 200px;\"> <div class=\"quickfinder-item-title\" style=\"color: #575756;\">2. Once we review the information, we\u2019ll send you an initial assessment (so that you may have a summary of the initial proposal and its price.)<\/div> <\/div> <\/div> <\/div> <\/div> <div id=\"post-4280\" class=\"quickfinder-item odd quickfinder-item-effect-scale large post-4280 thegem_qf_item type-thegem_qf_item status-publish\" data-ll-item-delay=\"0\"> <div class=\"quickfinder-item-image\"> <div class=\"quickfinder-item-image-content\" > <div class=\"quickfinder-item-image-wrapper\"> <div class=\"gem-icon gem-icon-pack-material gem-icon-size-large gem-icon-shape-circle gem-simple-icon\" style=\"box-shadow: 0 0 0 3px #ffffff, 0 0 0 6px #6f6f6e;opacity: 1;\"><div class=\"gem-icon-inner\" style=\"\"><span class=\"gem-icon-half-1\" style=\"color: ;\"><span class=\"back-angle\">&#xf247;<\/span><\/span><span class=\"gem-icon-half-2\" style=\"\"><span class=\"back-angle\">&#xf247;<\/span><\/span><\/div><\/div> <\/div> <\/div> <\/div> <div class=\"quickfinder-item-info-wrapper\"> <svg class=\"qf-svg-arrow-left\" viewBox=\"0 0 50 100\"> <use xlink:href=\"https:\/\/www.descubreparis.com\/wp-content\/themes\/thegem\/css\/post-arrow.svg#dec-post-arrow\"><\/use> <\/svg> <div class=\"connector-top\" style=\"border-color: #6f6f6e; left: -81.5px;\"> <\/div> <div class=\"connector-bot\" style=\"border-color: #6f6f6e; left: -81.5px;\"> <\/div> <div class=\"quickfinder-item-info \" > <div style=\"display: block; min-height: 200px;\"> <div class=\"quickfinder-item-title\" style=\"color: #575756;\">3. If you decide to accept the initial proposal, we\u2019ll proceed to calling you to ask you a few more questions and find out what expectations you have for your trip to Paris.<\/div> <\/div> <\/div> <\/div> <\/div> <div id=\"post-4281\" class=\"quickfinder-item even quickfinder-item-effect-scale large post-4281 thegem_qf_item type-thegem_qf_item status-publish\" data-ll-item-delay=\"0\"> <div class=\"quickfinder-item-image\"> <div class=\"quickfinder-item-image-content\" > <div class=\"quickfinder-item-image-wrapper\"> <div class=\"gem-icon gem-icon-pack-elegant gem-icon-size-large gem-icon-shape-circle gem-simple-icon\" style=\"box-shadow: 0 0 0 3px #ffffff, 0 0 0 6px #6f6f6e;opacity: 1;\"><div class=\"gem-icon-inner\" style=\"\"><span class=\"gem-icon-half-1\" style=\"color: ;\"><span class=\"back-angle\">&#x52;<\/span><\/span><span class=\"gem-icon-half-2\" style=\"\"><span class=\"back-angle\">&#x52;<\/span><\/span><\/div><\/div> <\/div> <\/div> <\/div> <div class=\"quickfinder-item-info-wrapper\"> <svg class=\"qf-svg-arrow-left\" viewBox=\"0 0 50 100\"> <use xlink:href=\"https:\/\/www.descubreparis.com\/wp-content\/themes\/thegem\/css\/post-arrow.svg#dec-post-arrow\"><\/use> <\/svg> <div class=\"connector-top\" style=\"border-color: #6f6f6e; left: -81.5px;\"> <\/div> <div class=\"connector-bot\" style=\"border-color: #6f6f6e; left: -81.5px;\"> <\/div> <div class=\"quickfinder-item-info \" > <div style=\"display: block; min-height: 200px;\"> <div class=\"quickfinder-item-title\" style=\"color: #575756;\"><br>4. We finish defining your itinerary and give you the final price<\/div> <\/div> <\/div> <\/div> <\/div> <div id=\"post-4282\" class=\"quickfinder-item odd quickfinder-item-effect-scale large post-4282 thegem_qf_item type-thegem_qf_item status-publish\" data-ll-item-delay=\"0\"> <div class=\"quickfinder-item-image\"> <div class=\"quickfinder-item-image-content\" > <div class=\"quickfinder-item-image-wrapper\"> <div class=\"gem-icon gem-icon-pack-elegant gem-icon-size-large gem-icon-shape-circle gem-simple-icon\" style=\"box-shadow: 0 0 0 3px #ffffff, 0 0 0 6px #6f6f6e;opacity: 1;\"><div class=\"gem-icon-inner\" style=\"\"><span class=\"gem-icon-half-1\" style=\"color: ;\"><span class=\"back-angle\">&#xe015;<\/span><\/span><span class=\"gem-icon-half-2\" style=\"\"><span class=\"back-angle\">&#xe015;<\/span><\/span><\/div><\/div> <\/div> <\/div> <\/div> <div class=\"quickfinder-item-info-wrapper\"> <svg class=\"qf-svg-arrow-left\" viewBox=\"0 0 50 100\"> <use xlink:href=\"https:\/\/www.descubreparis.com\/wp-content\/themes\/thegem\/css\/post-arrow.svg#dec-post-arrow\"><\/use> <\/svg> <div class=\"connector-top\" style=\"border-color: #6f6f6e; left: -81.5px;\"> <\/div> <div class=\"connector-bot\" style=\"border-color: #6f6f6e; left: -81.5px;\"> <\/div> <div class=\"quickfinder-item-info \" > <div style=\"display: block; min-height: 200px;\"> <div class=\"quickfinder-item-title\" style=\"color: #575756;\"><br>5. Payment of the travel guide<\/div> <\/div> <\/div> <\/div> <\/div> <div id=\"post-4283\" class=\"quickfinder-item even quickfinder-item-effect-scale large post-4283 thegem_qf_item type-thegem_qf_item status-publish\" data-ll-item-delay=\"0\"> <div class=\"quickfinder-item-image\"> <div class=\"quickfinder-item-image-content\" > <div class=\"quickfinder-item-image-wrapper\"> <div class=\"gem-icon gem-icon-pack-elegant gem-icon-size-large gem-icon-shape-circle gem-simple-icon\" style=\"box-shadow: 0 0 0 3px #ffffff, 0 0 0 6px #6f6f6e;opacity: 1;\"><div class=\"gem-icon-inner\" style=\"\"><span class=\"gem-icon-half-1\" style=\"color: ;\"><span class=\"back-angle\">&#xe01d;<\/span><\/span><span class=\"gem-icon-half-2\" style=\"\"><span class=\"back-angle\">&#xe01d;<\/span><\/span><\/div><\/div> <\/div> <\/div> <\/div> <div class=\"quickfinder-item-info-wrapper\"> <svg class=\"qf-svg-arrow-left\" viewBox=\"0 0 50 100\"> <use xlink:href=\"https:\/\/www.descubreparis.com\/wp-content\/themes\/thegem\/css\/post-arrow.svg#dec-post-arrow\"><\/use> <\/svg> <div class=\"connector-top\" style=\"border-color: #6f6f6e; left: -81.5px;\"> <\/div> <div class=\"connector-bot\" style=\"border-color: #6f6f6e; left: -81.5px;\"> <\/div> <div class=\"quickfinder-item-info \" > <div style=\"display: block; min-height: 200px;\"> <div class=\"quickfinder-item-title\" style=\"color: #575756;\">6. We design your personalized travel guide step-by-step; the finished version will be sent to you within 3 weeks maximum<\/div> <\/div> <\/div> <\/div> <\/div> <\/div>[\/vc_column][\/vc_row]<\/p>\n<\/div>","protected":false},"excerpt":{"rendered":"<p>[vc_row][vc_column width=&#8221;1\/2&#8243;][vc_column_text] Itineraries designed exclusively for you, according to the amount of time you have and budget. [\/vc_column_text][vc_empty_space][vc_column_text]We offer you personalized travel guides that are custom made, by request, so&#8230;<\/p>\n","protected":false},"author":1,"featured_media":0,"parent":0,"menu_order":0,"comment_status":"closed","ping_status":"closed","template":"","meta":{"footnotes":""},"class_list":["post-4269","page","type-page","status-publish"],"yoast_head":"<!-- This site is optimized with the Yoast SEO plugin v25.9 - https:\/\/yoast.com\/wordpress\/plugins\/seo\/ -->\n<title>Personalized travel guides - DescubreParis.com<\/title>\n<meta name=\"description\" content=\"Discover Paris on your own way with our personalized travel guides that are custom made, by request, so that you don\u2019t have to worry about anything.\" \/>\n<meta name=\"robots\" content=\"index, follow, max-snippet:-1, max-image-preview:large, max-video-preview:-1\" \/>\n<link rel=\"canonical\" href=\"https:\/\/www.descubreparis.com\/en\/personalized-travel-guides\/\" \/>\n<meta property=\"og:locale\" content=\"en_US\" \/>\n<meta property=\"og:type\" content=\"article\" \/>\n<meta property=\"og:title\" content=\"Personalized travel guides - DescubreParis.com\" \/>\n<meta property=\"og:description\" content=\"Discover Paris on your own way with our personalized travel guides that are custom made, by request, so that you don\u2019t have to worry about anything.\" \/>\n<meta property=\"og:url\" content=\"https:\/\/www.descubreparis.com\/en\/personalized-travel-guides\/\" \/>\n<meta property=\"og:site_name\" content=\"DescubreParis.com\" \/>\n<meta property=\"article:modified_time\" content=\"2020-11-28T13:40:55+00:00\" \/>\n<meta name=\"twitter:card\" content=\"summary_large_image\" \/>\n<meta name=\"twitter:label1\" content=\"Est. reading time\" \/>\n\t<meta name=\"twitter:data1\" content=\"2 minutes\" \/>\n<script type=\"application\/ld+json\" class=\"yoast-schema-graph\">{\"@context\":\"https:\/\/schema.org\",\"@graph\":[{\"@type\":\"WebPage\",\"@id\":\"https:\/\/www.descubreparis.com\/en\/personalized-travel-guides\/\",\"url\":\"https:\/\/www.descubreparis.com\/en\/personalized-travel-guides\/\",\"name\":\"Personalized travel guides - DescubreParis.com\",\"isPartOf\":{\"@id\":\"https:\/\/www.descubreparis.com\/#website\"},\"datePublished\":\"2020-11-17T14:55:22+00:00\",\"dateModified\":\"2020-11-28T13:40:55+00:00\",\"description\":\"Discover Paris on your own way with our personalized travel guides that are custom made, by request, so that you don\u2019t have to worry about anything.\",\"breadcrumb\":{\"@id\":\"https:\/\/www.descubreparis.com\/en\/personalized-travel-guides\/#breadcrumb\"},\"inLanguage\":\"en-US\",\"potentialAction\":[{\"@type\":\"ReadAction\",\"target\":[\"https:\/\/www.descubreparis.com\/en\/personalized-travel-guides\/\"]}]},{\"@type\":\"BreadcrumbList\",\"@id\":\"https:\/\/www.descubreparis.com\/en\/personalized-travel-guides\/#breadcrumb\",\"itemListElement\":[{\"@type\":\"ListItem\",\"position\":1,\"name\":\"Home\",\"item\":\"https:\/\/www.descubreparis.com\/en\/\"},{\"@type\":\"ListItem\",\"position\":2,\"name\":\"Personalized travel guides\"}]},{\"@type\":\"WebSite\",\"@id\":\"https:\/\/www.descubreparis.com\/#website\",\"url\":\"https:\/\/www.descubreparis.com\/\",\"name\":\"DescubreParis.com\",\"description\":\"DescubreParis.com Gu\u00edas pr\u00e1cticas, circuitos paso a paso y gu\u00edas personalizadas para disfrutar y descubrir Paris de manera serena y libre\",\"publisher\":{\"@id\":\"https:\/\/www.descubreparis.com\/#organization\"},\"potentialAction\":[{\"@type\":\"SearchAction\",\"target\":{\"@type\":\"EntryPoint\",\"urlTemplate\":\"https:\/\/www.descubreparis.com\/?s={search_term_string}\"},\"query-input\":{\"@type\":\"PropertyValueSpecification\",\"valueRequired\":true,\"valueName\":\"search_term_string\"}}],\"inLanguage\":\"en-US\"},{\"@type\":\"Organization\",\"@id\":\"https:\/\/www.descubreparis.com\/#organization\",\"name\":\"DescubrePar\u00eds.com\",\"url\":\"https:\/\/www.descubreparis.com\/\",\"logo\":{\"@type\":\"ImageObject\",\"inLanguage\":\"en-US\",\"@id\":\"https:\/\/www.descubreparis.com\/#\/schema\/logo\/image\/\",\"url\":\"https:\/\/www.descubreparis.com\/wp-content\/uploads\/2018\/06\/WEB_DPcom_LOGOTIPO_ancho132px-1.png\",\"contentUrl\":\"https:\/\/www.descubreparis.com\/wp-content\/uploads\/2018\/06\/WEB_DPcom_LOGOTIPO_ancho132px-1.png\",\"width\":132,\"height\":129,\"caption\":\"DescubrePar\u00eds.com\"},\"image\":{\"@id\":\"https:\/\/www.descubreparis.com\/#\/schema\/logo\/image\/\"}}]}<\/script>\n<!-- \/ Yoast SEO plugin. -->","yoast_head_json":{"title":"Personalized travel guides - DescubreParis.com","description":"Discover Paris on your own way with our personalized travel guides that are custom made, by request, so that you don\u2019t have to worry about anything.","robots":{"index":"index","follow":"follow","max-snippet":"max-snippet:-1","max-image-preview":"max-image-preview:large","max-video-preview":"max-video-preview:-1"},"canonical":"https:\/\/www.descubreparis.com\/en\/personalized-travel-guides\/","og_locale":"en_US","og_type":"article","og_title":"Personalized travel guides - DescubreParis.com","og_description":"Discover Paris on your own way with our personalized travel guides that are custom made, by request, so that you don\u2019t have to worry about anything.","og_url":"https:\/\/www.descubreparis.com\/en\/personalized-travel-guides\/","og_site_name":"DescubreParis.com","article_modified_time":"2020-11-28T13:40:55+00:00","twitter_card":"summary_large_image","twitter_misc":{"Est. reading time":"2 minutes"},"schema":{"@context":"https:\/\/schema.org","@graph":[{"@type":"WebPage","@id":"https:\/\/www.descubreparis.com\/en\/personalized-travel-guides\/","url":"https:\/\/www.descubreparis.com\/en\/personalized-travel-guides\/","name":"Personalized travel guides - DescubreParis.com","isPartOf":{"@id":"https:\/\/www.descubreparis.com\/#website"},"datePublished":"2020-11-17T14:55:22+00:00","dateModified":"2020-11-28T13:40:55+00:00","description":"Discover Paris on your own way with our personalized travel guides that are custom made, by request, so that you don\u2019t have to worry about anything.","breadcrumb":{"@id":"https:\/\/www.descubreparis.com\/en\/personalized-travel-guides\/#breadcrumb"},"inLanguage":"en-US","potentialAction":[{"@type":"ReadAction","target":["https:\/\/www.descubreparis.com\/en\/personalized-travel-guides\/"]}]},{"@type":"BreadcrumbList","@id":"https:\/\/www.descubreparis.com\/en\/personalized-travel-guides\/#breadcrumb","itemListElement":[{"@type":"ListItem","position":1,"name":"Home","item":"https:\/\/www.descubreparis.com\/en\/"},{"@type":"ListItem","position":2,"name":"Personalized travel guides"}]},{"@type":"WebSite","@id":"https:\/\/www.descubreparis.com\/#website","url":"https:\/\/www.descubreparis.com\/","name":"DescubreParis.com","description":"DescubreParis.com Gu\u00edas pr\u00e1cticas, circuitos paso a paso y gu\u00edas personalizadas para disfrutar y descubrir Paris de manera serena y libre","publisher":{"@id":"https:\/\/www.descubreparis.com\/#organization"},"potentialAction":[{"@type":"SearchAction","target":{"@type":"EntryPoint","urlTemplate":"https:\/\/www.descubreparis.com\/?s={search_term_string}"},"query-input":{"@type":"PropertyValueSpecification","valueRequired":true,"valueName":"search_term_string"}}],"inLanguage":"en-US"},{"@type":"Organization","@id":"https:\/\/www.descubreparis.com\/#organization","name":"DescubrePar\u00eds.com","url":"https:\/\/www.descubreparis.com\/","logo":{"@type":"ImageObject","inLanguage":"en-US","@id":"https:\/\/www.descubreparis.com\/#\/schema\/logo\/image\/","url":"https:\/\/www.descubreparis.com\/wp-content\/uploads\/2018\/06\/WEB_DPcom_LOGOTIPO_ancho132px-1.png","contentUrl":"https:\/\/www.descubreparis.com\/wp-content\/uploads\/2018\/06\/WEB_DPcom_LOGOTIPO_ancho132px-1.png","width":132,"height":129,"caption":"DescubrePar\u00eds.com"},"image":{"@id":"https:\/\/www.descubreparis.com\/#\/schema\/logo\/image\/"}}]}},"_links":{"self":[{"href":"https:\/\/www.descubreparis.com\/en\/wp-json\/wp\/v2\/pages\/4269","targetHints":{"allow":["GET"]}}],"collection":[{"href":"https:\/\/www.descubreparis.com\/en\/wp-json\/wp\/v2\/pages"}],"about":[{"href":"https:\/\/www.descubreparis.com\/en\/wp-json\/wp\/v2\/types\/page"}],"author":[{"embeddable":true,"href":"https:\/\/www.descubreparis.com\/en\/wp-json\/wp\/v2\/users\/1"}],"replies":[{"embeddable":true,"href":"https:\/\/www.descubreparis.com\/en\/wp-json\/wp\/v2\/comments?post=4269"}],"version-history":[{"count":0,"href":"https:\/\/www.descubreparis.com\/en\/wp-json\/wp\/v2\/pages\/4269\/revisions"}],"wp:attachment":[{"href":"https:\/\/www.descubreparis.com\/en\/wp-json\/wp\/v2\/media?parent=4269"}],"curies":[{"name":"wp","href":"https:\/\/api.w.org\/{rel}","templated":true}]}}