











{"id":4256,"date":"2020-11-17T09:32:56","date_gmt":"2020-11-17T14:32:56","guid":{"rendered":"https:\/\/www.descubreparis.com\/detailed-travel-guides\/"},"modified":"2020-11-28T08:41:12","modified_gmt":"2020-11-28T13:41:12","slug":"detailed-travel-guides","status":"publish","type":"page","link":"https:\/\/www.descubreparis.com\/en\/detailed-travel-guides\/","title":{"rendered":"Detailed travel guides"},"content":{"rendered":"<div class=\"wpb-content-wrapper\"><p>[vc_row][vc_column width=&#8221;1\/2&#8243;][vc_column_text]<\/p>\n<div class=\"title-h3\"><span style=\"color: #575756;\"><strong>Discover Paris en 1 day, in 2 days, in 3 days, in 4 days or in 5 days<\/strong><\/span><\/div>\n<p>[\/vc_column_text][vc_empty_space][vc_column_text]We\u2019ve designed Detailed Guides of Paris with concrete, practical and easy-to-follow tours that accompany you and guide you during your trip in the City of Light; these guides offer detailed information on how to get to monuments, streets, restaurants, and even share tips so that you may enjoy this city to the fullest without stressing out and especially without losing time or money.[\/vc_column_text][\/vc_column][vc_column width=&#8221;1\/2&#8243;][vc_single_image image=&#8221;3593&#8243; img_size=&#8221;full&#8221; alignment=&#8221;center&#8221;][\/vc_column][\/vc_row][vc_row][vc_column]<div id=\"fullwidth-block-69dd09b848ad0\" class=\"fullwidth-block fullwidth-block-parallax-vertical clearfix\" data-mobile-parallax-enable=\"1\" style=\"padding-top: 60px;padding-bottom: 60px;\"><script type=\"text\/javascript\">if (typeof(gem_fix_fullwidth_position) == \"function\") { gem_fix_fullwidth_position(document.getElementById(\"fullwidth-block-69dd09b848ad0\")); }<\/script><div class=\"fullwidth-block-background\" style=\"background-image: url(https:\/\/www.descubreparis.com\/wp-content\/uploads\/2018\/06\/Background.jpg);background-position: center top;\"><\/div><div class=\"fullwidth-block-inner\">[vc_column_text]<\/p>\n<div class=\"title-h3\" style=\"text-align: center;\"><span style=\"color: #ffffff;\"><strong>Select your travel guide, download it and relax!<\/strong><\/span><\/div>\n<p>[\/vc_column_text][vc_btn title=&#8221;E-SHOP&#8221; style=&#8221;outline-custom&#8221; outline_custom_color=&#8221;#ffffff&#8221; outline_custom_hover_background=&#8221;#f9cece&#8221; outline_custom_hover_text=&#8221;#ed6e50&#8243; shape=&#8221;square&#8221; size=&#8221;lg&#8221; align=&#8221;center&#8221; link=&#8221;url:https%3A%2F%2Fwww.descubreparis.com%2Fen%2Fshop%2F|&#8221;]<\/div><\/div>[\/vc_column][\/vc_row][vc_row][vc_column][vc_empty_space][\/vc_column][\/vc_row][vc_row][vc_column][vc_text_separator title_level=&#8221;h4&#8243; title=&#8221;Our detailed travel guides include:&#8221; border_width=&#8221;4&#8243;][\/vc_column][\/vc_row][vc_row][vc_column]<div class=\"gem-list gem-list-type-check-style-1 gem-list-color-5\" ><div><\/div>\n<ul>\n<li>Instructions on how to move to and from the center of Paris in a simple and economic way<\/li>\n<li>Safety tips<\/li>\n<li>Detailed tours (and small maps) with precise information that will take you through Paris\u2019 main monuments.<\/li>\n<li>Where to eat<\/li>\n<li>How and when to visit museums<\/li>\n<li>A little history<\/li>\n<li>How to get back to the airport, or train station<\/li>\n<\/ul>\n<\/div>[\/vc_column][\/vc_row][vc_row][vc_column][vc_empty_space][\/vc_column][\/vc_row][vc_row][vc_column][vc_text_separator title_level=&#8221;h4&#8243; title=&#8221;How does it work?&#8221; border_width=&#8221;4&#8243;][\/vc_column][\/vc_row][vc_row full_width=&#8221;stretch_row&#8221; css=&#8221;.vc_custom_1530467917524{background-color: #c9c9c9 !important;}&#8221;][vc_column]<div class=\"quickfinder quickfinder-style-vertical-1 quickfinder-style-vertical quickfinder-icon-position-top quickfinder-alignment-center quickfinder-title-thin\" data-hover-icon-color=\"#ed6e50\" data-hover-title-color=\"#ed6e50\"><div id=\"post-4266\" class=\"quickfinder-item odd quickfinder-item-effect-scale large post-4266 thegem_qf_item type-thegem_qf_item status-publish\" data-ll-item-delay=\"0\"> <div class=\"quickfinder-item-info-wrapper\"> <svg class=\"qf-svg-arrow-right\" viewBox=\"0 0 50 100\"> <use xlink:href=\"https:\/\/www.descubreparis.com\/wp-content\/themes\/thegem\/css\/post-arrow.svg#dec-post-arrow\"><\/use> <\/svg> <div class=\"connector-top\" style=\"border-color: #b6c6c9; right: -81.5px;\"> <\/div> <div class=\"connector-bot\" style=\"border-color: #b6c6c9; right: -81.5px;\"> <\/div> <div class=\"quickfinder-item-info \" > <div style=\"display: block; min-height: 250px;\"> <div class=\"quickfinder-item-title\" style=\"color: #575756;\">1. Select the travel guide that fits your travel plans at our E-SHOP<\/div> <\/div> <\/div> <a href=\"https:\/\/www.descubreparis.com\/en\/shop\/\" target=\"_self\" class=\"quickfinder-item-link\"><\/a> <\/div> <div class=\"quickfinder-item-image\"> <div class=\"quickfinder-item-image-content\" > <div class=\"quickfinder-item-image-wrapper\"> <div class=\"gem-icon gem-icon-pack-material gem-icon-size-large gem-icon-shape-circle gem-simple-icon\" style=\"box-shadow: 0 0 0 3px #ffffff, 0 0 0 6px #b6c6c9;opacity: 1;\"><div class=\"gem-icon-inner\" style=\"\"><span class=\"gem-icon-half-1\" style=\"color: #575756;\"><span class=\"back-angle\">&#xf207;<\/span><\/span><span class=\"gem-icon-half-2\" style=\"color: #575756;\"><span class=\"back-angle\">&#xf207;<\/span><\/span><\/div><\/div> <\/div> <a href=\"https:\/\/www.descubreparis.com\/en\/shop\/\" target=\"_self\" class=\"quickfinder-item-link\"><\/a> <\/div> <\/div> <\/div> <div id=\"post-4267\" class=\"quickfinder-item even quickfinder-item-effect-scale large post-4267 thegem_qf_item type-thegem_qf_item status-publish\" data-ll-item-delay=\"0\"> <div class=\"quickfinder-item-image\"> <div class=\"quickfinder-item-image-content\" > <div class=\"quickfinder-item-image-wrapper\"> <div class=\"gem-icon gem-icon-pack-material gem-icon-size-large gem-icon-shape-circle gem-simple-icon\" style=\"box-shadow: 0 0 0 3px #ffffff, 0 0 0 6px #b6c6c9;opacity: 1;\"><div class=\"gem-icon-inner\" style=\"\"><span class=\"gem-icon-half-1\" style=\"color: #575756;\"><span class=\"back-angle\">&#xf299;<\/span><\/span><span class=\"gem-icon-half-2\" style=\"color: #575756;\"><span class=\"back-angle\">&#xf299;<\/span><\/span><\/div><\/div> <\/div> <\/div> <\/div> <div class=\"quickfinder-item-info-wrapper\"> <svg class=\"qf-svg-arrow-left\" viewBox=\"0 0 50 100\"> <use xlink:href=\"https:\/\/www.descubreparis.com\/wp-content\/themes\/thegem\/css\/post-arrow.svg#dec-post-arrow\"><\/use> <\/svg> <div class=\"connector-top\" style=\"border-color: #b6c6c9; left: -81.5px;\"> <\/div> <div class=\"connector-bot\" style=\"border-color: #b6c6c9; left: -81.5px;\"> <\/div> <div class=\"quickfinder-item-info \" > <div style=\"display: block; min-height: 250px;\"> <div class=\"quickfinder-item-title\" style=\"color: #575756;\">2. Buy it and download it on your phone or tablet<\/div> <\/div> <\/div> <\/div> <\/div> <div id=\"post-4268\" class=\"quickfinder-item odd quickfinder-item-effect-scale large post-4268 thegem_qf_item type-thegem_qf_item status-publish\" data-ll-item-delay=\"0\"> <div class=\"quickfinder-item-info-wrapper\"> <svg class=\"qf-svg-arrow-right\" viewBox=\"0 0 50 100\"> <use xlink:href=\"https:\/\/www.descubreparis.com\/wp-content\/themes\/thegem\/css\/post-arrow.svg#dec-post-arrow\"><\/use> <\/svg> <div class=\"connector-top\" style=\"border-color: #b6c6c9; right: -81.5px;\"> <\/div> <div class=\"connector-bot\" style=\"border-color: #b6c6c9; right: -81.5px;\"> <\/div> <div class=\"quickfinder-item-info \" > <div style=\"display: block; min-height: 250px;\"> <div class=\"quickfinder-item-title\" style=\"color: #575756;\">3. Read it and use it through-out your stay in Paris<\/div> <\/div> <\/div> <\/div> <div class=\"quickfinder-item-image\"> <div class=\"quickfinder-item-image-content\" > <div class=\"quickfinder-item-image-wrapper\"> <div class=\"gem-icon gem-icon-pack-material gem-icon-size-large gem-icon-shape-circle gem-simple-icon\" style=\"box-shadow: 0 0 0 3px #ffffff, 0 0 0 6px #b6c6c9;opacity: 1;\"><div class=\"gem-icon-inner\" style=\"\"><span class=\"gem-icon-half-1\" style=\"color: #575756;\"><span class=\"back-angle\">&#xf3e3;<\/span><\/span><span class=\"gem-icon-half-2\" style=\"color: #575756;\"><span class=\"back-angle\">&#xf3e3;<\/span><\/span><\/div><\/div> <\/div> <\/div> <\/div> <\/div> <\/div>[\/vc_column][\/vc_row]<\/p>\n<\/div>","protected":false},"excerpt":{"rendered":"<p>[vc_row][vc_column width=&#8221;1\/2&#8243;][vc_column_text] Discover Paris en 1 day, in 2 days, in 3 days, in 4 days or in 5 days [\/vc_column_text][vc_empty_space][vc_column_text]We\u2019ve designed Detailed Guides of Paris with concrete, practical and&#8230;<\/p>\n","protected":false},"author":1,"featured_media":0,"parent":0,"menu_order":0,"comment_status":"closed","ping_status":"closed","template":"","meta":{"footnotes":""},"class_list":["post-4256","page","type-page","status-publish"],"yoast_head":"<!-- This site is optimized with the Yoast SEO plugin v25.9 - https:\/\/yoast.com\/wordpress\/plugins\/seo\/ -->\n<title>Detailed travel guides - DescubreParis.com<\/title>\n<meta name=\"description\" content=\"We have designed the Detailed Travel Guides, a step-by-step and easy-to-follow Paris guides so you can visit the City of Light by yourself and enjoy it to the most.\" \/>\n<meta name=\"robots\" content=\"index, follow, max-snippet:-1, max-image-preview:large, max-video-preview:-1\" \/>\n<link rel=\"canonical\" href=\"https:\/\/www.descubreparis.com\/en\/detailed-travel-guides\/\" \/>\n<meta property=\"og:locale\" content=\"en_US\" \/>\n<meta property=\"og:type\" content=\"article\" \/>\n<meta property=\"og:title\" content=\"Detailed travel guides - DescubreParis.com\" \/>\n<meta property=\"og:description\" content=\"We have designed the Detailed Travel Guides, a step-by-step and easy-to-follow Paris guides so you can visit the City of Light by yourself and enjoy it to the most.\" \/>\n<meta property=\"og:url\" content=\"https:\/\/www.descubreparis.com\/en\/detailed-travel-guides\/\" \/>\n<meta property=\"og:site_name\" content=\"DescubreParis.com\" \/>\n<meta property=\"article:modified_time\" content=\"2020-11-28T13:41:12+00:00\" \/>\n<meta name=\"twitter:card\" content=\"summary_large_image\" \/>\n<meta name=\"twitter:label1\" content=\"Est. reading time\" \/>\n\t<meta name=\"twitter:data1\" content=\"2 minutes\" \/>\n<script type=\"application\/ld+json\" class=\"yoast-schema-graph\">{\"@context\":\"https:\/\/schema.org\",\"@graph\":[{\"@type\":\"WebPage\",\"@id\":\"https:\/\/www.descubreparis.com\/en\/detailed-travel-guides\/\",\"url\":\"https:\/\/www.descubreparis.com\/en\/detailed-travel-guides\/\",\"name\":\"Detailed travel guides - DescubreParis.com\",\"isPartOf\":{\"@id\":\"https:\/\/www.descubreparis.com\/#website\"},\"datePublished\":\"2020-11-17T14:32:56+00:00\",\"dateModified\":\"2020-11-28T13:41:12+00:00\",\"description\":\"We have designed the Detailed Travel Guides, a step-by-step and easy-to-follow Paris guides so you can visit the City of Light by yourself and enjoy it to the most.\",\"breadcrumb\":{\"@id\":\"https:\/\/www.descubreparis.com\/en\/detailed-travel-guides\/#breadcrumb\"},\"inLanguage\":\"en-US\",\"potentialAction\":[{\"@type\":\"ReadAction\",\"target\":[\"https:\/\/www.descubreparis.com\/en\/detailed-travel-guides\/\"]}]},{\"@type\":\"BreadcrumbList\",\"@id\":\"https:\/\/www.descubreparis.com\/en\/detailed-travel-guides\/#breadcrumb\",\"itemListElement\":[{\"@type\":\"ListItem\",\"position\":1,\"name\":\"Home\",\"item\":\"https:\/\/www.descubreparis.com\/en\/\"},{\"@type\":\"ListItem\",\"position\":2,\"name\":\"Detailed travel guides\"}]},{\"@type\":\"WebSite\",\"@id\":\"https:\/\/www.descubreparis.com\/#website\",\"url\":\"https:\/\/www.descubreparis.com\/\",\"name\":\"DescubreParis.com\",\"description\":\"DescubreParis.com Gu\u00edas pr\u00e1cticas, circuitos paso a paso y gu\u00edas personalizadas para disfrutar y descubrir Paris de manera serena y libre\",\"publisher\":{\"@id\":\"https:\/\/www.descubreparis.com\/#organization\"},\"potentialAction\":[{\"@type\":\"SearchAction\",\"target\":{\"@type\":\"EntryPoint\",\"urlTemplate\":\"https:\/\/www.descubreparis.com\/?s={search_term_string}\"},\"query-input\":{\"@type\":\"PropertyValueSpecification\",\"valueRequired\":true,\"valueName\":\"search_term_string\"}}],\"inLanguage\":\"en-US\"},{\"@type\":\"Organization\",\"@id\":\"https:\/\/www.descubreparis.com\/#organization\",\"name\":\"DescubrePar\u00eds.com\",\"url\":\"https:\/\/www.descubreparis.com\/\",\"logo\":{\"@type\":\"ImageObject\",\"inLanguage\":\"en-US\",\"@id\":\"https:\/\/www.descubreparis.com\/#\/schema\/logo\/image\/\",\"url\":\"https:\/\/www.descubreparis.com\/wp-content\/uploads\/2018\/06\/WEB_DPcom_LOGOTIPO_ancho132px-1.png\",\"contentUrl\":\"https:\/\/www.descubreparis.com\/wp-content\/uploads\/2018\/06\/WEB_DPcom_LOGOTIPO_ancho132px-1.png\",\"width\":132,\"height\":129,\"caption\":\"DescubrePar\u00eds.com\"},\"image\":{\"@id\":\"https:\/\/www.descubreparis.com\/#\/schema\/logo\/image\/\"}}]}<\/script>\n<!-- \/ Yoast SEO plugin. -->","yoast_head_json":{"title":"Detailed travel guides - DescubreParis.com","description":"We have designed the Detailed Travel Guides, a step-by-step and easy-to-follow Paris guides so you can visit the City of Light by yourself and enjoy it to the most.","robots":{"index":"index","follow":"follow","max-snippet":"max-snippet:-1","max-image-preview":"max-image-preview:large","max-video-preview":"max-video-preview:-1"},"canonical":"https:\/\/www.descubreparis.com\/en\/detailed-travel-guides\/","og_locale":"en_US","og_type":"article","og_title":"Detailed travel guides - DescubreParis.com","og_description":"We have designed the Detailed Travel Guides, a step-by-step and easy-to-follow Paris guides so you can visit the City of Light by yourself and enjoy it to the most.","og_url":"https:\/\/www.descubreparis.com\/en\/detailed-travel-guides\/","og_site_name":"DescubreParis.com","article_modified_time":"2020-11-28T13:41:12+00:00","twitter_card":"summary_large_image","twitter_misc":{"Est. reading time":"2 minutes"},"schema":{"@context":"https:\/\/schema.org","@graph":[{"@type":"WebPage","@id":"https:\/\/www.descubreparis.com\/en\/detailed-travel-guides\/","url":"https:\/\/www.descubreparis.com\/en\/detailed-travel-guides\/","name":"Detailed travel guides - DescubreParis.com","isPartOf":{"@id":"https:\/\/www.descubreparis.com\/#website"},"datePublished":"2020-11-17T14:32:56+00:00","dateModified":"2020-11-28T13:41:12+00:00","description":"We have designed the Detailed Travel Guides, a step-by-step and easy-to-follow Paris guides so you can visit the City of Light by yourself and enjoy it to the most.","breadcrumb":{"@id":"https:\/\/www.descubreparis.com\/en\/detailed-travel-guides\/#breadcrumb"},"inLanguage":"en-US","potentialAction":[{"@type":"ReadAction","target":["https:\/\/www.descubreparis.com\/en\/detailed-travel-guides\/"]}]},{"@type":"BreadcrumbList","@id":"https:\/\/www.descubreparis.com\/en\/detailed-travel-guides\/#breadcrumb","itemListElement":[{"@type":"ListItem","position":1,"name":"Home","item":"https:\/\/www.descubreparis.com\/en\/"},{"@type":"ListItem","position":2,"name":"Detailed travel guides"}]},{"@type":"WebSite","@id":"https:\/\/www.descubreparis.com\/#website","url":"https:\/\/www.descubreparis.com\/","name":"DescubreParis.com","description":"DescubreParis.com Gu\u00edas pr\u00e1cticas, circuitos paso a paso y gu\u00edas personalizadas para disfrutar y descubrir Paris de manera serena y libre","publisher":{"@id":"https:\/\/www.descubreparis.com\/#organization"},"potentialAction":[{"@type":"SearchAction","target":{"@type":"EntryPoint","urlTemplate":"https:\/\/www.descubreparis.com\/?s={search_term_string}"},"query-input":{"@type":"PropertyValueSpecification","valueRequired":true,"valueName":"search_term_string"}}],"inLanguage":"en-US"},{"@type":"Organization","@id":"https:\/\/www.descubreparis.com\/#organization","name":"DescubrePar\u00eds.com","url":"https:\/\/www.descubreparis.com\/","logo":{"@type":"ImageObject","inLanguage":"en-US","@id":"https:\/\/www.descubreparis.com\/#\/schema\/logo\/image\/","url":"https:\/\/www.descubreparis.com\/wp-content\/uploads\/2018\/06\/WEB_DPcom_LOGOTIPO_ancho132px-1.png","contentUrl":"https:\/\/www.descubreparis.com\/wp-content\/uploads\/2018\/06\/WEB_DPcom_LOGOTIPO_ancho132px-1.png","width":132,"height":129,"caption":"DescubrePar\u00eds.com"},"image":{"@id":"https:\/\/www.descubreparis.com\/#\/schema\/logo\/image\/"}}]}},"_links":{"self":[{"href":"https:\/\/www.descubreparis.com\/en\/wp-json\/wp\/v2\/pages\/4256","targetHints":{"allow":["GET"]}}],"collection":[{"href":"https:\/\/www.descubreparis.com\/en\/wp-json\/wp\/v2\/pages"}],"about":[{"href":"https:\/\/www.descubreparis.com\/en\/wp-json\/wp\/v2\/types\/page"}],"author":[{"embeddable":true,"href":"https:\/\/www.descubreparis.com\/en\/wp-json\/wp\/v2\/users\/1"}],"replies":[{"embeddable":true,"href":"https:\/\/www.descubreparis.com\/en\/wp-json\/wp\/v2\/comments?post=4256"}],"version-history":[{"count":0,"href":"https:\/\/www.descubreparis.com\/en\/wp-json\/wp\/v2\/pages\/4256\/revisions"}],"wp:attachment":[{"href":"https:\/\/www.descubreparis.com\/en\/wp-json\/wp\/v2\/media?parent=4256"}],"curies":[{"name":"wp","href":"https:\/\/api.w.org\/{rel}","templated":true}]}}