











{"id":4229,"date":"2020-11-16T11:27:59","date_gmt":"2020-11-16T16:27:59","guid":{"rendered":"https:\/\/www.descubreparis.com\/privacy-and-data-protection-policy\/"},"modified":"2020-11-16T11:28:08","modified_gmt":"2020-11-16T16:28:08","slug":"privacy-and-data-protection-policy","status":"publish","type":"page","link":"https:\/\/www.descubreparis.com\/en\/privacy-and-data-protection-policy\/","title":{"rendered":"Privacy and Data Protection Policy"},"content":{"rendered":"<div class=\"wpb-content-wrapper\"><p>[vc_row][vc_column][vc_column_text]<\/p>\n<h2><\/h2>\n<p style=\"text-align: center\">Check and access our Privacy and Data Protection Policy here<\/p>\n<p style=\"text-align: center\">Spanish<a href=\"https:\/\/www.descubreparis.com\/wp-content\/uploads\/2019\/03\/DESCUBRE_PARIS_POL%C3%8DTICA_DE_PRIVACIDAD_Y_MANEJO_DE_DATOS_espanol.pdf\">Pol\u00edtica de Privacidad y Protecci\u00f3n de Datos En Espa\u00f1ol<\/a><\/p>\n<p style=\"text-align: center\">French<a href=\"https:\/\/www.descubreparis.com\/wp-content\/uploads\/2019\/03\/DESCUBRE_PARIS_POL%C3%8DTICA_DE_PRIVACIDAD_Y_MANEJO_DE_DATOS_fran%C3%A7ais.pdf\">Politique de Confidentialit\u00e9 et de Protections des Donn\u00e9es<\/a><\/p>\n<p style=\"text-align: center\">English <a href=\"https:\/\/www.descubreparis.com\/wp-content\/uploads\/2020\/11\/POLITICA_DE_PRIVACIDAD_Y_MANEJO_DE_DATOS_DP_english.pdf\">Privacy and Data Protection Policy<\/a><\/p>\n<p>[\/vc_column_text][\/vc_column][\/vc_row]<\/p>\n<\/div>","protected":false},"excerpt":{"rendered":"<p>[vc_row][vc_column][vc_column_text] Check and access our Privacy and Data Protection Policy here SpanishPol\u00edtica de Privacidad y Protecci\u00f3n de Datos En Espa\u00f1ol FrenchPolitique de Confidentialit\u00e9 et de Protections des Donn\u00e9es English Privacy&#8230;<\/p>\n","protected":false},"author":1,"featured_media":0,"parent":0,"menu_order":0,"comment_status":"closed","ping_status":"closed","template":"","meta":{"footnotes":""},"class_list":["post-4229","page","type-page","status-publish"],"yoast_head":"<!-- This site is optimized with the Yoast SEO plugin v25.9 - https:\/\/yoast.com\/wordpress\/plugins\/seo\/ -->\n<title>Privacy and Data Protection Policy - DescubreParis.com<\/title>\n<meta name=\"robots\" content=\"index, follow, max-snippet:-1, max-image-preview:large, max-video-preview:-1\" \/>\n<link rel=\"canonical\" href=\"https:\/\/www.descubreparis.com\/en\/privacy-and-data-protection-policy\/\" \/>\n<meta property=\"og:locale\" content=\"en_US\" \/>\n<meta property=\"og:type\" content=\"article\" \/>\n<meta property=\"og:title\" content=\"Privacy and Data Protection Policy - DescubreParis.com\" \/>\n<meta property=\"og:description\" content=\"[vc_row][vc_column][vc_column_text] Check and access our Privacy and Data Protection Policy here SpanishPol\u00edtica de Privacidad y Protecci\u00f3n de Datos En Espa\u00f1ol FrenchPolitique de Confidentialit\u00e9 et de Protections des Donn\u00e9es English Privacy...\" \/>\n<meta property=\"og:url\" content=\"https:\/\/www.descubreparis.com\/en\/privacy-and-data-protection-policy\/\" \/>\n<meta property=\"og:site_name\" content=\"DescubreParis.com\" \/>\n<meta property=\"article:modified_time\" content=\"2020-11-16T16:28:08+00:00\" \/>\n<meta name=\"twitter:card\" content=\"summary_large_image\" \/>\n<script type=\"application\/ld+json\" class=\"yoast-schema-graph\">{\"@context\":\"https:\/\/schema.org\",\"@graph\":[{\"@type\":\"WebPage\",\"@id\":\"https:\/\/www.descubreparis.com\/en\/privacy-and-data-protection-policy\/\",\"url\":\"https:\/\/www.descubreparis.com\/en\/privacy-and-data-protection-policy\/\",\"name\":\"Privacy and Data Protection Policy - DescubreParis.com\",\"isPartOf\":{\"@id\":\"https:\/\/www.descubreparis.com\/#website\"},\"datePublished\":\"2020-11-16T16:27:59+00:00\",\"dateModified\":\"2020-11-16T16:28:08+00:00\",\"breadcrumb\":{\"@id\":\"https:\/\/www.descubreparis.com\/en\/privacy-and-data-protection-policy\/#breadcrumb\"},\"inLanguage\":\"en-US\",\"potentialAction\":[{\"@type\":\"ReadAction\",\"target\":[\"https:\/\/www.descubreparis.com\/en\/privacy-and-data-protection-policy\/\"]}]},{\"@type\":\"BreadcrumbList\",\"@id\":\"https:\/\/www.descubreparis.com\/en\/privacy-and-data-protection-policy\/#breadcrumb\",\"itemListElement\":[{\"@type\":\"ListItem\",\"position\":1,\"name\":\"Home\",\"item\":\"https:\/\/www.descubreparis.com\/en\/\"},{\"@type\":\"ListItem\",\"position\":2,\"name\":\"Privacy and Data Protection Policy\"}]},{\"@type\":\"WebSite\",\"@id\":\"https:\/\/www.descubreparis.com\/#website\",\"url\":\"https:\/\/www.descubreparis.com\/\",\"name\":\"DescubreParis.com\",\"description\":\"DescubreParis.com Gu\u00edas pr\u00e1cticas, circuitos paso a paso y gu\u00edas personalizadas para disfrutar y descubrir Paris de manera serena y libre\",\"publisher\":{\"@id\":\"https:\/\/www.descubreparis.com\/#organization\"},\"potentialAction\":[{\"@type\":\"SearchAction\",\"target\":{\"@type\":\"EntryPoint\",\"urlTemplate\":\"https:\/\/www.descubreparis.com\/?s={search_term_string}\"},\"query-input\":{\"@type\":\"PropertyValueSpecification\",\"valueRequired\":true,\"valueName\":\"search_term_string\"}}],\"inLanguage\":\"en-US\"},{\"@type\":\"Organization\",\"@id\":\"https:\/\/www.descubreparis.com\/#organization\",\"name\":\"DescubrePar\u00eds.com\",\"url\":\"https:\/\/www.descubreparis.com\/\",\"logo\":{\"@type\":\"ImageObject\",\"inLanguage\":\"en-US\",\"@id\":\"https:\/\/www.descubreparis.com\/#\/schema\/logo\/image\/\",\"url\":\"https:\/\/www.descubreparis.com\/wp-content\/uploads\/2018\/06\/WEB_DPcom_LOGOTIPO_ancho132px-1.png\",\"contentUrl\":\"https:\/\/www.descubreparis.com\/wp-content\/uploads\/2018\/06\/WEB_DPcom_LOGOTIPO_ancho132px-1.png\",\"width\":132,\"height\":129,\"caption\":\"DescubrePar\u00eds.com\"},\"image\":{\"@id\":\"https:\/\/www.descubreparis.com\/#\/schema\/logo\/image\/\"}}]}<\/script>\n<!-- \/ Yoast SEO plugin. -->","yoast_head_json":{"title":"Privacy and Data Protection Policy - DescubreParis.com","robots":{"index":"index","follow":"follow","max-snippet":"max-snippet:-1","max-image-preview":"max-image-preview:large","max-video-preview":"max-video-preview:-1"},"canonical":"https:\/\/www.descubreparis.com\/en\/privacy-and-data-protection-policy\/","og_locale":"en_US","og_type":"article","og_title":"Privacy and Data Protection Policy - DescubreParis.com","og_description":"[vc_row][vc_column][vc_column_text] Check and access our Privacy and Data Protection Policy here SpanishPol\u00edtica de Privacidad y Protecci\u00f3n de Datos En Espa\u00f1ol FrenchPolitique de Confidentialit\u00e9 et de Protections des Donn\u00e9es English Privacy...","og_url":"https:\/\/www.descubreparis.com\/en\/privacy-and-data-protection-policy\/","og_site_name":"DescubreParis.com","article_modified_time":"2020-11-16T16:28:08+00:00","twitter_card":"summary_large_image","schema":{"@context":"https:\/\/schema.org","@graph":[{"@type":"WebPage","@id":"https:\/\/www.descubreparis.com\/en\/privacy-and-data-protection-policy\/","url":"https:\/\/www.descubreparis.com\/en\/privacy-and-data-protection-policy\/","name":"Privacy and Data Protection Policy - DescubreParis.com","isPartOf":{"@id":"https:\/\/www.descubreparis.com\/#website"},"datePublished":"2020-11-16T16:27:59+00:00","dateModified":"2020-11-16T16:28:08+00:00","breadcrumb":{"@id":"https:\/\/www.descubreparis.com\/en\/privacy-and-data-protection-policy\/#breadcrumb"},"inLanguage":"en-US","potentialAction":[{"@type":"ReadAction","target":["https:\/\/www.descubreparis.com\/en\/privacy-and-data-protection-policy\/"]}]},{"@type":"BreadcrumbList","@id":"https:\/\/www.descubreparis.com\/en\/privacy-and-data-protection-policy\/#breadcrumb","itemListElement":[{"@type":"ListItem","position":1,"name":"Home","item":"https:\/\/www.descubreparis.com\/en\/"},{"@type":"ListItem","position":2,"name":"Privacy and Data Protection Policy"}]},{"@type":"WebSite","@id":"https:\/\/www.descubreparis.com\/#website","url":"https:\/\/www.descubreparis.com\/","name":"DescubreParis.com","description":"DescubreParis.com Gu\u00edas pr\u00e1cticas, circuitos paso a paso y gu\u00edas personalizadas para disfrutar y descubrir Paris de manera serena y libre","publisher":{"@id":"https:\/\/www.descubreparis.com\/#organization"},"potentialAction":[{"@type":"SearchAction","target":{"@type":"EntryPoint","urlTemplate":"https:\/\/www.descubreparis.com\/?s={search_term_string}"},"query-input":{"@type":"PropertyValueSpecification","valueRequired":true,"valueName":"search_term_string"}}],"inLanguage":"en-US"},{"@type":"Organization","@id":"https:\/\/www.descubreparis.com\/#organization","name":"DescubrePar\u00eds.com","url":"https:\/\/www.descubreparis.com\/","logo":{"@type":"ImageObject","inLanguage":"en-US","@id":"https:\/\/www.descubreparis.com\/#\/schema\/logo\/image\/","url":"https:\/\/www.descubreparis.com\/wp-content\/uploads\/2018\/06\/WEB_DPcom_LOGOTIPO_ancho132px-1.png","contentUrl":"https:\/\/www.descubreparis.com\/wp-content\/uploads\/2018\/06\/WEB_DPcom_LOGOTIPO_ancho132px-1.png","width":132,"height":129,"caption":"DescubrePar\u00eds.com"},"image":{"@id":"https:\/\/www.descubreparis.com\/#\/schema\/logo\/image\/"}}]}},"_links":{"self":[{"href":"https:\/\/www.descubreparis.com\/en\/wp-json\/wp\/v2\/pages\/4229","targetHints":{"allow":["GET"]}}],"collection":[{"href":"https:\/\/www.descubreparis.com\/en\/wp-json\/wp\/v2\/pages"}],"about":[{"href":"https:\/\/www.descubreparis.com\/en\/wp-json\/wp\/v2\/types\/page"}],"author":[{"embeddable":true,"href":"https:\/\/www.descubreparis.com\/en\/wp-json\/wp\/v2\/users\/1"}],"replies":[{"embeddable":true,"href":"https:\/\/www.descubreparis.com\/en\/wp-json\/wp\/v2\/comments?post=4229"}],"version-history":[{"count":0,"href":"https:\/\/www.descubreparis.com\/en\/wp-json\/wp\/v2\/pages\/4229\/revisions"}],"wp:attachment":[{"href":"https:\/\/www.descubreparis.com\/en\/wp-json\/wp\/v2\/media?parent=4229"}],"curies":[{"name":"wp","href":"https:\/\/api.w.org\/{rel}","templated":true}]}}