











{"id":4183,"date":"2020-11-16T09:55:56","date_gmt":"2020-11-16T14:55:56","guid":{"rendered":"https:\/\/www.descubreparis.com\/what-we-do\/"},"modified":"2020-11-28T09:36:28","modified_gmt":"2020-11-28T14:36:28","slug":"what-we-do","status":"publish","type":"page","link":"https:\/\/www.descubreparis.com\/en\/what-we-do\/","title":{"rendered":"What we do"},"content":{"rendered":"<div class=\"wpb-content-wrapper\"><p>[vc_row equal_height=&#8221;yes&#8221;][vc_column width=&#8221;1\/2&#8243; css=&#8221;.vc_custom_1528213094173{margin-top: 0px !important;border-top-width: 0px !important;padding-top: 0px !important;}&#8221;][vc_column_text]Can you imagine arriving in a city with over 14 metro lines, more than 350 bus lines, not knowing the language and on top of that, and having no immediate access to internet? Yes, we\u2019re talking about the most beautiful city in the world but, up until now, you haven\u2019t been able to see ANYTHING!<\/p>\n<p>DescubrePar\u00eds.com offers practical, step-by-step and downloadable ready-to-use or personalized travel guides that will cover every traveler\u2019s needs so that they may fulfill their dreams of visiting, discovering, and enjoying Paris peacefully and without breaking the bank.[\/vc_column_text][vc_column_text]<\/p>\n<div class=\"title-h3\"><span style=\"color: #575756;\"><strong>Our promise to you<\/strong> <\/span><strong><em> <\/em><\/strong><\/div>\n<p>At DescubreParis.com our goal is to give you the tools and information needed so that YOU can make your own decisions and organize your trip.<\/p>\n<p>This is NOT a reservation site, we are not tied to any hotels, restaurants, or any other type of establishment. We only propose what our users and ourselves have personally tried, and what we can consider appropriate for you to have the best possible experience.<\/p>\n<p>We want to remain loyal to tourists, to travelers arriving to Paris to fulfill a dream, a wish; the tourist we\u2019ve all been, are, or will be someday.<\/p>\n<p><strong>Discover our products<\/strong>[\/vc_column_text][vc_column_text]<a class=\"que_hacemos_links\" href=\"https:\/\/www.descubreparis.com\/en\/detailed-travel-guides\/\">Detailed travel guides<\/a><\/p>\n<p><a class=\"que_hacemos_links\" href=\"https:\/\/www.descubreparis.com\/en\/personalized-travel-guides\/\">Personalized travel guides<\/a><\/p>\n<p><a class=\"que_hacemos_links\" href=\"https:\/\/www.descubreparis.com\/en\/practical-guide-of-paris\/\">Practical guide of Paris<\/a>[\/vc_column_text][vc_row_inner][vc_column_inner]<style type=\"text\/css\">.thegem-button-6a0915a1149269431 .gem-button svg {fill: #ffffff;}.thegem-button-6a0915a1149269431 .gem-button:hover svg {fill: #ec683c;}<\/style><div class=\"gem-button-container gem-button-position-left thegem-button-6a0915a1149269431    \"  ><a class=\"gem-button gem-button-size-small gem-button-style-flat gem-button-text-weight-normal\" data-ll-effect=\"drop-right-without-wrap\" style=\"border-radius: 3px;background-color: #ec683c;color: #ffffff;\" onmouseleave=\"this.style.backgroundColor='#ec683c';this.style.color='#ffffff';\" onmouseenter=\"this.style.backgroundColor='#f9cece';this.style.color='#ec683c';\" href=\"https:\/\/www.descubreparis.com\/en\/shop\/\" target=\"_self\">E-Shop<\/a><\/div> [\/vc_column_inner][\/vc_row_inner][\/vc_column][vc_column width=&#8221;1\/2&#8243;][vc_single_image image=&#8221;3571&#8243; img_size=&#8221;full&#8221;][\/vc_column][\/vc_row]<\/p>\n<\/div>","protected":false},"excerpt":{"rendered":"<p>[vc_row equal_height=&#8221;yes&#8221;][vc_column width=&#8221;1\/2&#8243; css=&#8221;.vc_custom_1528213094173{margin-top: 0px !important;border-top-width: 0px !important;padding-top: 0px !important;}&#8221;][vc_column_text]Can you imagine arriving in a city with over 14 metro lines, more than 350 bus lines, not knowing the language&#8230;<\/p>\n","protected":false},"author":1,"featured_media":0,"parent":0,"menu_order":0,"comment_status":"closed","ping_status":"closed","template":"","meta":{"footnotes":""},"class_list":["post-4183","page","type-page","status-publish"],"yoast_head":"<!-- This site is optimized with the Yoast SEO plugin v25.9 - https:\/\/yoast.com\/wordpress\/plugins\/seo\/ -->\n<title>What we do - DescubreParis.com<\/title>\n<meta name=\"description\" content=\"What we do at DescubrePar\u00eds.com is to create practical and detailed ready-to-use and personalized travel guides so that you can visit Paris on your own.\" \/>\n<meta name=\"robots\" content=\"index, follow, max-snippet:-1, max-image-preview:large, max-video-preview:-1\" \/>\n<link rel=\"canonical\" href=\"https:\/\/www.descubreparis.com\/en\/what-we-do\/\" \/>\n<meta property=\"og:locale\" content=\"en_US\" \/>\n<meta property=\"og:type\" content=\"article\" \/>\n<meta property=\"og:title\" content=\"What we do - DescubreParis.com\" \/>\n<meta property=\"og:description\" content=\"What we do at DescubrePar\u00eds.com is to create practical and detailed ready-to-use and personalized travel guides so that you can visit Paris on your own.\" \/>\n<meta property=\"og:url\" content=\"https:\/\/www.descubreparis.com\/en\/what-we-do\/\" \/>\n<meta property=\"og:site_name\" content=\"DescubreParis.com\" \/>\n<meta property=\"article:modified_time\" content=\"2020-11-28T14:36:28+00:00\" \/>\n<meta name=\"twitter:card\" content=\"summary_large_image\" \/>\n<meta name=\"twitter:label1\" content=\"Est. reading time\" \/>\n\t<meta name=\"twitter:data1\" content=\"2 minutes\" \/>\n<script type=\"application\/ld+json\" class=\"yoast-schema-graph\">{\"@context\":\"https:\/\/schema.org\",\"@graph\":[{\"@type\":\"WebPage\",\"@id\":\"https:\/\/www.descubreparis.com\/en\/what-we-do\/\",\"url\":\"https:\/\/www.descubreparis.com\/en\/what-we-do\/\",\"name\":\"What we do - DescubreParis.com\",\"isPartOf\":{\"@id\":\"https:\/\/www.descubreparis.com\/#website\"},\"datePublished\":\"2020-11-16T14:55:56+00:00\",\"dateModified\":\"2020-11-28T14:36:28+00:00\",\"description\":\"What we do at DescubrePar\u00eds.com is to create practical and detailed ready-to-use and personalized travel guides so that you can visit Paris on your own.\",\"breadcrumb\":{\"@id\":\"https:\/\/www.descubreparis.com\/en\/what-we-do\/#breadcrumb\"},\"inLanguage\":\"en-US\",\"potentialAction\":[{\"@type\":\"ReadAction\",\"target\":[\"https:\/\/www.descubreparis.com\/en\/what-we-do\/\"]}]},{\"@type\":\"BreadcrumbList\",\"@id\":\"https:\/\/www.descubreparis.com\/en\/what-we-do\/#breadcrumb\",\"itemListElement\":[{\"@type\":\"ListItem\",\"position\":1,\"name\":\"Home\",\"item\":\"https:\/\/www.descubreparis.com\/en\/\"},{\"@type\":\"ListItem\",\"position\":2,\"name\":\"What we do\"}]},{\"@type\":\"WebSite\",\"@id\":\"https:\/\/www.descubreparis.com\/#website\",\"url\":\"https:\/\/www.descubreparis.com\/\",\"name\":\"DescubreParis.com\",\"description\":\"DescubreParis.com Gu\u00edas pr\u00e1cticas, circuitos paso a paso y gu\u00edas personalizadas para disfrutar y descubrir Paris de manera serena y libre\",\"publisher\":{\"@id\":\"https:\/\/www.descubreparis.com\/#organization\"},\"potentialAction\":[{\"@type\":\"SearchAction\",\"target\":{\"@type\":\"EntryPoint\",\"urlTemplate\":\"https:\/\/www.descubreparis.com\/?s={search_term_string}\"},\"query-input\":{\"@type\":\"PropertyValueSpecification\",\"valueRequired\":true,\"valueName\":\"search_term_string\"}}],\"inLanguage\":\"en-US\"},{\"@type\":\"Organization\",\"@id\":\"https:\/\/www.descubreparis.com\/#organization\",\"name\":\"DescubrePar\u00eds.com\",\"url\":\"https:\/\/www.descubreparis.com\/\",\"logo\":{\"@type\":\"ImageObject\",\"inLanguage\":\"en-US\",\"@id\":\"https:\/\/www.descubreparis.com\/#\/schema\/logo\/image\/\",\"url\":\"https:\/\/www.descubreparis.com\/wp-content\/uploads\/2018\/06\/WEB_DPcom_LOGOTIPO_ancho132px-1.png\",\"contentUrl\":\"https:\/\/www.descubreparis.com\/wp-content\/uploads\/2018\/06\/WEB_DPcom_LOGOTIPO_ancho132px-1.png\",\"width\":132,\"height\":129,\"caption\":\"DescubrePar\u00eds.com\"},\"image\":{\"@id\":\"https:\/\/www.descubreparis.com\/#\/schema\/logo\/image\/\"}}]}<\/script>\n<!-- \/ Yoast SEO plugin. -->","yoast_head_json":{"title":"What we do - DescubreParis.com","description":"What we do at DescubrePar\u00eds.com is to create practical and detailed ready-to-use and personalized travel guides so that you can visit Paris on your own.","robots":{"index":"index","follow":"follow","max-snippet":"max-snippet:-1","max-image-preview":"max-image-preview:large","max-video-preview":"max-video-preview:-1"},"canonical":"https:\/\/www.descubreparis.com\/en\/what-we-do\/","og_locale":"en_US","og_type":"article","og_title":"What we do - DescubreParis.com","og_description":"What we do at DescubrePar\u00eds.com is to create practical and detailed ready-to-use and personalized travel guides so that you can visit Paris on your own.","og_url":"https:\/\/www.descubreparis.com\/en\/what-we-do\/","og_site_name":"DescubreParis.com","article_modified_time":"2020-11-28T14:36:28+00:00","twitter_card":"summary_large_image","twitter_misc":{"Est. reading time":"2 minutes"},"schema":{"@context":"https:\/\/schema.org","@graph":[{"@type":"WebPage","@id":"https:\/\/www.descubreparis.com\/en\/what-we-do\/","url":"https:\/\/www.descubreparis.com\/en\/what-we-do\/","name":"What we do - DescubreParis.com","isPartOf":{"@id":"https:\/\/www.descubreparis.com\/#website"},"datePublished":"2020-11-16T14:55:56+00:00","dateModified":"2020-11-28T14:36:28+00:00","description":"What we do at DescubrePar\u00eds.com is to create practical and detailed ready-to-use and personalized travel guides so that you can visit Paris on your own.","breadcrumb":{"@id":"https:\/\/www.descubreparis.com\/en\/what-we-do\/#breadcrumb"},"inLanguage":"en-US","potentialAction":[{"@type":"ReadAction","target":["https:\/\/www.descubreparis.com\/en\/what-we-do\/"]}]},{"@type":"BreadcrumbList","@id":"https:\/\/www.descubreparis.com\/en\/what-we-do\/#breadcrumb","itemListElement":[{"@type":"ListItem","position":1,"name":"Home","item":"https:\/\/www.descubreparis.com\/en\/"},{"@type":"ListItem","position":2,"name":"What we do"}]},{"@type":"WebSite","@id":"https:\/\/www.descubreparis.com\/#website","url":"https:\/\/www.descubreparis.com\/","name":"DescubreParis.com","description":"DescubreParis.com Gu\u00edas pr\u00e1cticas, circuitos paso a paso y gu\u00edas personalizadas para disfrutar y descubrir Paris de manera serena y libre","publisher":{"@id":"https:\/\/www.descubreparis.com\/#organization"},"potentialAction":[{"@type":"SearchAction","target":{"@type":"EntryPoint","urlTemplate":"https:\/\/www.descubreparis.com\/?s={search_term_string}"},"query-input":{"@type":"PropertyValueSpecification","valueRequired":true,"valueName":"search_term_string"}}],"inLanguage":"en-US"},{"@type":"Organization","@id":"https:\/\/www.descubreparis.com\/#organization","name":"DescubrePar\u00eds.com","url":"https:\/\/www.descubreparis.com\/","logo":{"@type":"ImageObject","inLanguage":"en-US","@id":"https:\/\/www.descubreparis.com\/#\/schema\/logo\/image\/","url":"https:\/\/www.descubreparis.com\/wp-content\/uploads\/2018\/06\/WEB_DPcom_LOGOTIPO_ancho132px-1.png","contentUrl":"https:\/\/www.descubreparis.com\/wp-content\/uploads\/2018\/06\/WEB_DPcom_LOGOTIPO_ancho132px-1.png","width":132,"height":129,"caption":"DescubrePar\u00eds.com"},"image":{"@id":"https:\/\/www.descubreparis.com\/#\/schema\/logo\/image\/"}}]}},"_links":{"self":[{"href":"https:\/\/www.descubreparis.com\/en\/wp-json\/wp\/v2\/pages\/4183","targetHints":{"allow":["GET"]}}],"collection":[{"href":"https:\/\/www.descubreparis.com\/en\/wp-json\/wp\/v2\/pages"}],"about":[{"href":"https:\/\/www.descubreparis.com\/en\/wp-json\/wp\/v2\/types\/page"}],"author":[{"embeddable":true,"href":"https:\/\/www.descubreparis.com\/en\/wp-json\/wp\/v2\/users\/1"}],"replies":[{"embeddable":true,"href":"https:\/\/www.descubreparis.com\/en\/wp-json\/wp\/v2\/comments?post=4183"}],"version-history":[{"count":0,"href":"https:\/\/www.descubreparis.com\/en\/wp-json\/wp\/v2\/pages\/4183\/revisions"}],"wp:attachment":[{"href":"https:\/\/www.descubreparis.com\/en\/wp-json\/wp\/v2\/media?parent=4183"}],"curies":[{"name":"wp","href":"https:\/\/api.w.org\/{rel}","templated":true}]}}