











{"id":4158,"date":"2020-11-16T09:25:04","date_gmt":"2020-11-16T14:25:04","guid":{"rendered":"https:\/\/www.descubreparis.com\/who-we-are\/"},"modified":"2020-11-28T08:47:07","modified_gmt":"2020-11-28T13:47:07","slug":"who-we-are","status":"publish","type":"page","link":"https:\/\/www.descubreparis.com\/en\/who-we-are\/","title":{"rendered":"Who we are"},"content":{"rendered":"<div class=\"wpb-content-wrapper\"><p>[vc_row equal_height=&#8221;yes&#8221;][vc_column width=&#8221;2\/3&#8243;][vc_column_text]In order to talk about DescubrePar\u00eds.com, I have to tell you about myself and the past 6 years I\u2019ve spent in France. My name is Angela Legeay-Mart\u00ednez, I was born in Colombia and, although I am not a tourist, I am still fascinated by this city and see it as if it were the first time every day. I\u2019d like to share what I\u2019ve experienced personally as well as when accompanying friends and family, with other tourists coming to discover this marvelous city. My goal is simple: to make visiting the City of Light as practical and smooth as possible, sharing with you all kinds of tips, ideas, and facts through my <a href=\"https:\/\/www.descubreparis.com\/en\/blog\/\"><u>blog<\/u><\/a>, <a href=\"https:\/\/www.descubreparis.com\/en\/what-we-do\/\"><u>website<\/u><\/a>, and <a href=\"https:\/\/www.descubreparis.com\/en\/shop\/\"><u>products<\/u><\/a>; always keeping in mind that your stay in Paris be unforgettable!<\/p>\n<div class=\"title-h3\"><span style=\"color: #575756;\"><strong>Our Beliefs:<\/strong><\/span> <strong><em> <\/em><\/strong><\/div>\n<ul>\n<li>We believe you are allowed to dream: when you dream, you are free, your imagination flies off to where your heart wishes to be.<\/li>\n<li>We believe you can make these dreams come true: travelling is a dream for many people, in which they discover new places and new people. This dream can come true step-by-step.<\/li>\n<li>We believe you deserve to enjoy these dreams: with ease and total peace of mind, enjoying every moment and creating memories to last a lifetime.<\/li>\n<\/ul>\n<p>[\/vc_column_text][\/vc_column][vc_column width=&#8221;1\/3&#8243; offset=&#8221;vc_col-md-4&#8243; el_class=&#8221;.quickfinder-quienes-somos&#8221;]<div class=\"quickfinder quickfinder-style-classic row inline-row quickfinder-icon-position-top quickfinder-alignment-center quickfinder-title-bold\" data-hover-button-background-color=\"#f9cece\" data-hover-button-text-color=\"#ef6e50\"><div id=\"post-4169\" class=\"quickfinder-item inline-column col-md-12 col-sm-12 col-xs-12 quickfinder-item-effect-image-scale icon-size-large quickfinder-box-style-solid post-4169 thegem_qf_item type-thegem_qf_item status-publish has-post-thumbnail\" data-ll-item-delay=\"0\"> <div class=\"quickfinder-item-box\" style=\"background-color: #d8d8d8;\"> <div class=\"quickfinder-item-inner\"> <div class=\"quickfinder-item-image\"> <div class=\"quickfinder-item-image-content\" > <div class=\"quickfinder-item-image-wrapper quickfinder-item-picture quickfinder-item-image-shape-circle\"> <img width=\"400\" height=\"400\" src=\"https:\/\/www.descubreparis.com\/wp-content\/uploads\/2019\/05\/IMG_8543-thegem-person.jpg\" class=\" quickfinder-img-size-large wp-post-image\" alt=\"IMG_8543\" srcset=\"https:\/\/www.descubreparis.com\/wp-content\/uploads\/2019\/05\/IMG_8543-thegem-person-160.jpg 1x, https:\/\/www.descubreparis.com\/wp-content\/uploads\/2019\/05\/IMG_8543-thegem-person.jpg 2x\" sizes=\"100vw\" \/> <\/div> <\/div> <\/div> <div class=\"quickfinder-item-info-wrapper\"> <div class=\"quickfinder-item-info \" > <div class=\"quickfinder-item-title\" style=\"color: #575756;\">Angela <br> Legeay-Martinez<\/div> <div class=\"quickfinder-item-text\" style=\"color: #575756;\">\"Paris is an inexhaustible source of inspiration, history, and beauty. It is a city that is worth visiting, at least once in a lifetime.\"<\/div> <style type=\"text\/css\">.thegem-button-69dd09b7c3afa1688 .gem-button svg {fill: #ffffff;}<\/style><div class=\"gem-button-container gem-button-position-inline thegem-button-69dd09b7c3afa1688 quickfinder-button\" ><a class=\"gem-button gem-button-size-small gem-button-style-flat gem-button-text-weight-normal\" data-ll-effect=\"drop-right-without-wrap\" style=\"border-radius: 3px;background-color: #ed6e50;color: #ffffff;\" onmouseleave=\"this.style.backgroundColor='#ed6e50';this.style.color='#ffffff';\" onmouseenter=\"\" href=\"#\" target=\"_self\">Blog<\/a><\/div> <\/div> <\/div> <\/div> <\/div> <a href=\"https:\/\/www.descubreparis.com\/en\/blog\/\" target=\"_self\" class=\"quickfinder-item-link\"><\/a> <\/div> <\/div>[\/vc_column][\/vc_row]<\/p>\n<\/div>","protected":false},"excerpt":{"rendered":"<p>[vc_row equal_height=&#8221;yes&#8221;][vc_column width=&#8221;2\/3&#8243;][vc_column_text]In order to talk about DescubrePar\u00eds.com, I have to tell you about myself and the past 6 years I\u2019ve spent in France. My name is Angela Legeay-Mart\u00ednez, I&#8230;<\/p>\n","protected":false},"author":1,"featured_media":0,"parent":0,"menu_order":0,"comment_status":"closed","ping_status":"closed","template":"","meta":{"footnotes":""},"class_list":["post-4158","page","type-page","status-publish"],"yoast_head":"<!-- This site is optimized with the Yoast SEO plugin v25.9 - https:\/\/yoast.com\/wordpress\/plugins\/seo\/ -->\n<title>Who we are - DescubreParis.com<\/title>\n<meta name=\"description\" content=\"Let us tell you who we are and what motivates us to do what we do. We fell in love with Paris and we want you to love this city too.\" \/>\n<meta name=\"robots\" content=\"index, follow, max-snippet:-1, max-image-preview:large, max-video-preview:-1\" \/>\n<link rel=\"canonical\" href=\"https:\/\/www.descubreparis.com\/en\/who-we-are\/\" \/>\n<meta property=\"og:locale\" content=\"en_US\" \/>\n<meta property=\"og:type\" content=\"article\" \/>\n<meta property=\"og:title\" content=\"Who we are - DescubreParis.com\" \/>\n<meta property=\"og:description\" content=\"Let us tell you who we are and what motivates us to do what we do. We fell in love with Paris and we want you to love this city too.\" \/>\n<meta property=\"og:url\" content=\"https:\/\/www.descubreparis.com\/en\/who-we-are\/\" \/>\n<meta property=\"og:site_name\" content=\"DescubreParis.com\" \/>\n<meta property=\"article:modified_time\" content=\"2020-11-28T13:47:07+00:00\" \/>\n<meta name=\"twitter:card\" content=\"summary_large_image\" \/>\n<meta name=\"twitter:label1\" content=\"Est. reading time\" \/>\n\t<meta name=\"twitter:data1\" content=\"1 minute\" \/>\n<script type=\"application\/ld+json\" class=\"yoast-schema-graph\">{\"@context\":\"https:\/\/schema.org\",\"@graph\":[{\"@type\":\"WebPage\",\"@id\":\"https:\/\/www.descubreparis.com\/en\/who-we-are\/\",\"url\":\"https:\/\/www.descubreparis.com\/en\/who-we-are\/\",\"name\":\"Who we are - DescubreParis.com\",\"isPartOf\":{\"@id\":\"https:\/\/www.descubreparis.com\/#website\"},\"datePublished\":\"2020-11-16T14:25:04+00:00\",\"dateModified\":\"2020-11-28T13:47:07+00:00\",\"description\":\"Let us tell you who we are and what motivates us to do what we do. We fell in love with Paris and we want you to love this city too.\",\"breadcrumb\":{\"@id\":\"https:\/\/www.descubreparis.com\/en\/who-we-are\/#breadcrumb\"},\"inLanguage\":\"en-US\",\"potentialAction\":[{\"@type\":\"ReadAction\",\"target\":[\"https:\/\/www.descubreparis.com\/en\/who-we-are\/\"]}]},{\"@type\":\"BreadcrumbList\",\"@id\":\"https:\/\/www.descubreparis.com\/en\/who-we-are\/#breadcrumb\",\"itemListElement\":[{\"@type\":\"ListItem\",\"position\":1,\"name\":\"Home\",\"item\":\"https:\/\/www.descubreparis.com\/en\/\"},{\"@type\":\"ListItem\",\"position\":2,\"name\":\"Who we are\"}]},{\"@type\":\"WebSite\",\"@id\":\"https:\/\/www.descubreparis.com\/#website\",\"url\":\"https:\/\/www.descubreparis.com\/\",\"name\":\"DescubreParis.com\",\"description\":\"DescubreParis.com Gu\u00edas pr\u00e1cticas, circuitos paso a paso y gu\u00edas personalizadas para disfrutar y descubrir Paris de manera serena y libre\",\"publisher\":{\"@id\":\"https:\/\/www.descubreparis.com\/#organization\"},\"potentialAction\":[{\"@type\":\"SearchAction\",\"target\":{\"@type\":\"EntryPoint\",\"urlTemplate\":\"https:\/\/www.descubreparis.com\/?s={search_term_string}\"},\"query-input\":{\"@type\":\"PropertyValueSpecification\",\"valueRequired\":true,\"valueName\":\"search_term_string\"}}],\"inLanguage\":\"en-US\"},{\"@type\":\"Organization\",\"@id\":\"https:\/\/www.descubreparis.com\/#organization\",\"name\":\"DescubrePar\u00eds.com\",\"url\":\"https:\/\/www.descubreparis.com\/\",\"logo\":{\"@type\":\"ImageObject\",\"inLanguage\":\"en-US\",\"@id\":\"https:\/\/www.descubreparis.com\/#\/schema\/logo\/image\/\",\"url\":\"https:\/\/www.descubreparis.com\/wp-content\/uploads\/2018\/06\/WEB_DPcom_LOGOTIPO_ancho132px-1.png\",\"contentUrl\":\"https:\/\/www.descubreparis.com\/wp-content\/uploads\/2018\/06\/WEB_DPcom_LOGOTIPO_ancho132px-1.png\",\"width\":132,\"height\":129,\"caption\":\"DescubrePar\u00eds.com\"},\"image\":{\"@id\":\"https:\/\/www.descubreparis.com\/#\/schema\/logo\/image\/\"}}]}<\/script>\n<!-- \/ Yoast SEO plugin. -->","yoast_head_json":{"title":"Who we are - DescubreParis.com","description":"Let us tell you who we are and what motivates us to do what we do. We fell in love with Paris and we want you to love this city too.","robots":{"index":"index","follow":"follow","max-snippet":"max-snippet:-1","max-image-preview":"max-image-preview:large","max-video-preview":"max-video-preview:-1"},"canonical":"https:\/\/www.descubreparis.com\/en\/who-we-are\/","og_locale":"en_US","og_type":"article","og_title":"Who we are - DescubreParis.com","og_description":"Let us tell you who we are and what motivates us to do what we do. We fell in love with Paris and we want you to love this city too.","og_url":"https:\/\/www.descubreparis.com\/en\/who-we-are\/","og_site_name":"DescubreParis.com","article_modified_time":"2020-11-28T13:47:07+00:00","twitter_card":"summary_large_image","twitter_misc":{"Est. reading time":"1 minute"},"schema":{"@context":"https:\/\/schema.org","@graph":[{"@type":"WebPage","@id":"https:\/\/www.descubreparis.com\/en\/who-we-are\/","url":"https:\/\/www.descubreparis.com\/en\/who-we-are\/","name":"Who we are - DescubreParis.com","isPartOf":{"@id":"https:\/\/www.descubreparis.com\/#website"},"datePublished":"2020-11-16T14:25:04+00:00","dateModified":"2020-11-28T13:47:07+00:00","description":"Let us tell you who we are and what motivates us to do what we do. We fell in love with Paris and we want you to love this city too.","breadcrumb":{"@id":"https:\/\/www.descubreparis.com\/en\/who-we-are\/#breadcrumb"},"inLanguage":"en-US","potentialAction":[{"@type":"ReadAction","target":["https:\/\/www.descubreparis.com\/en\/who-we-are\/"]}]},{"@type":"BreadcrumbList","@id":"https:\/\/www.descubreparis.com\/en\/who-we-are\/#breadcrumb","itemListElement":[{"@type":"ListItem","position":1,"name":"Home","item":"https:\/\/www.descubreparis.com\/en\/"},{"@type":"ListItem","position":2,"name":"Who we are"}]},{"@type":"WebSite","@id":"https:\/\/www.descubreparis.com\/#website","url":"https:\/\/www.descubreparis.com\/","name":"DescubreParis.com","description":"DescubreParis.com Gu\u00edas pr\u00e1cticas, circuitos paso a paso y gu\u00edas personalizadas para disfrutar y descubrir Paris de manera serena y libre","publisher":{"@id":"https:\/\/www.descubreparis.com\/#organization"},"potentialAction":[{"@type":"SearchAction","target":{"@type":"EntryPoint","urlTemplate":"https:\/\/www.descubreparis.com\/?s={search_term_string}"},"query-input":{"@type":"PropertyValueSpecification","valueRequired":true,"valueName":"search_term_string"}}],"inLanguage":"en-US"},{"@type":"Organization","@id":"https:\/\/www.descubreparis.com\/#organization","name":"DescubrePar\u00eds.com","url":"https:\/\/www.descubreparis.com\/","logo":{"@type":"ImageObject","inLanguage":"en-US","@id":"https:\/\/www.descubreparis.com\/#\/schema\/logo\/image\/","url":"https:\/\/www.descubreparis.com\/wp-content\/uploads\/2018\/06\/WEB_DPcom_LOGOTIPO_ancho132px-1.png","contentUrl":"https:\/\/www.descubreparis.com\/wp-content\/uploads\/2018\/06\/WEB_DPcom_LOGOTIPO_ancho132px-1.png","width":132,"height":129,"caption":"DescubrePar\u00eds.com"},"image":{"@id":"https:\/\/www.descubreparis.com\/#\/schema\/logo\/image\/"}}]}},"_links":{"self":[{"href":"https:\/\/www.descubreparis.com\/en\/wp-json\/wp\/v2\/pages\/4158","targetHints":{"allow":["GET"]}}],"collection":[{"href":"https:\/\/www.descubreparis.com\/en\/wp-json\/wp\/v2\/pages"}],"about":[{"href":"https:\/\/www.descubreparis.com\/en\/wp-json\/wp\/v2\/types\/page"}],"author":[{"embeddable":true,"href":"https:\/\/www.descubreparis.com\/en\/wp-json\/wp\/v2\/users\/1"}],"replies":[{"embeddable":true,"href":"https:\/\/www.descubreparis.com\/en\/wp-json\/wp\/v2\/comments?post=4158"}],"version-history":[{"count":0,"href":"https:\/\/www.descubreparis.com\/en\/wp-json\/wp\/v2\/pages\/4158\/revisions"}],"wp:attachment":[{"href":"https:\/\/www.descubreparis.com\/en\/wp-json\/wp\/v2\/media?parent=4158"}],"curies":[{"name":"wp","href":"https:\/\/api.w.org\/{rel}","templated":true}]}}